{"id":999959515,"date":"2025-02-18T09:49:02","date_gmt":"2025-02-18T09:49:02","guid":{"rendered":"https:\/\/estply.com\/toetused\/"},"modified":"2025-03-20T12:36:03","modified_gmt":"2025-03-20T12:36:03","slug":"grants","status":"publish","type":"page","link":"https:\/\/estply.com\/en\/grants\/","title":{"rendered":"Grants"},"content":{"rendered":"<!-- Added by Post\/Page specific custom CSS plugin, thank you for using! -->\n<style>img {\r\n    border-radius: 10px;\r\n}\r\nul {\r\n    padding-inline-start: 0px;\r\n}\r\n\r\nli.openMap:before {\r\n    content: \"\";\r\n    background-image: url(https:\/\/estply.com\/wp-content\/uploads\/2018\/01\/nav__arrow-1.svg);\r\n    background-size: contain;\r\n    background-repeat: no-repeat;\r\n    background-position: 50%;\r\n    width: 2.3em;\r\n    height: 2.3em;\r\n    display: inline-grid;\r\nmargin-right:4px;\r\n    font-size: 10px;\r\n\r\n}<\/style>\n<p>{&#8220;main-title&#8221;:{&#8220;component&#8221;:&#8221;hc_title&#8221;,&#8221;id&#8221;:&#8221;main-title&#8221;,&#8221;title&#8221;:&#8221;Contact us&#8221;,&#8221;subtitle&#8221;:&#8221;&#8221;,&#8221;title_content&#8221;:{&#8220;component&#8221;:&#8221;hc_title_empty&#8221;,&#8221;id&#8221;:&#8221;title-empty&#8221;}},&#8221;section_3MFvc&#8221;:{&#8220;component&#8221;:&#8221;hc_section&#8221;,&#8221;id&#8221;:&#8221;section_3MFvc&#8221;,&#8221;section_width&#8221;:&#8221;&#8221;,&#8221;animation&#8221;:&#8221;&#8221;,&#8221;animation_time&#8221;:&#8221;&#8221;,&#8221;timeline_animation&#8221;:&#8221;&#8221;,&#8221;timeline_delay&#8221;:&#8221;&#8221;,&#8221;timeline_order&#8221;:&#8221;&#8221;,&#8221;vertical_row&#8221;:&#8221;&#8221;,&#8221;box_middle&#8221;:&#8221;&#8221;,&#8221;css_classes&#8221;:&#8221;&#8221;,&#8221;custom_css_classes&#8221;:&#8221;&#8221;,&#8221;custom_css_styles&#8221;:&#8221;&#8221;,&#8221;section_content&#8221;:[{&#8220;component&#8221;:&#8221;hc_column&#8221;,&#8221;id&#8221;:&#8221;column_0OPvQ&#8221;,&#8221;column_width&#8221;:&#8221;col-md-12&#8243;,&#8221;animation&#8221;:&#8221;&#8221;,&#8221;animation_time&#8221;:&#8221;&#8221;,&#8221;timeline_animation&#8221;:&#8221;&#8221;,&#8221;timeline_delay&#8221;:&#8221;&#8221;,&#8221;timeline_order&#8221;:&#8221;&#8221;,&#8221;css_classes&#8221;:&#8221;&#8221;,&#8221;custom_css_classes&#8221;:&#8221;&#8221;,&#8221;custom_css_styles&#8221;:&#8221;&#8221;,&#8221;main_content&#8221;:[]}],&#8221;section_settings&#8221;:&#8221;&#8221;},&#8221;section_SIult&#8221;:{&#8220;component&#8221;:&#8221;hc_section&#8221;,&#8221;id&#8221;:&#8221;section_SIult&#8221;,&#8221;section_width&#8221;:&#8221;&#8221;,&#8221;animation&#8221;:&#8221;&#8221;,&#8221;animation_time&#8221;:&#8221;&#8221;,&#8221;timeline_animation&#8221;:&#8221;&#8221;,&#8221;timeline_delay&#8221;:&#8221;&#8221;,&#8221;timeline_order&#8221;:&#8221;&#8221;,&#8221;vertical_row&#8221;:&#8221;&#8221;,&#8221;box_middle&#8221;:&#8221;&#8221;,&#8221;css_classes&#8221;:&#8221;&#8221;,&#8221;custom_css_classes&#8221;:&#8221;&#8221;,&#8221;custom_css_styles&#8221;:&#8221;&#8221;,&#8221;section_content&#8221;:[{&#8220;component&#8221;:&#8221;hc_column&#8221;,&#8221;id&#8221;:&#8221;column_MYBF8&#8243;,&#8221;column_width&#8221;:&#8221;col-md-12&#8243;,&#8221;animation&#8221;:&#8221;&#8221;,&#8221;animation_time&#8221;:&#8221;&#8221;,&#8221;timeline_animation&#8221;:&#8221;&#8221;,&#8221;timeline_delay&#8221;:&#8221;&#8221;,&#8221;timeline_order&#8221;:&#8221;&#8221;,&#8221;css_classes&#8221;:&#8221;&#8221;,&#8221;custom_css_classes&#8221;:&#8221;&#8221;,&#8221;custom_css_styles&#8221;:&#8221;&#8221;,&#8221;main_content&#8221;:[{&#8220;component&#8221;:&#8221;hc_text_block&#8221;,&#8221;id&#8221;:&#8221;5ZtkF&#8221;,&#8221;css_classes&#8221;:&#8221;&#8221;,&#8221;custom_css_classes&#8221;:&#8221;&#8221;,&#8221;custom_css_styles&#8221;:&#8221;&#8221;,&#8221;content&#8221;:&#8221;<\/p>\n<div>\n<div class=\\\"c_nimi\\\">ESTPLY grants<\/div>\n<p>\\n\\n&#8221;},{&#8220;component&#8221;:&#8221;hc_text_block&#8221;,&#8221;id&#8221;:&#8221;oX515&#8243;,&#8221;css_classes&#8221;:&#8221;&#8221;,&#8221;custom_css_classes&#8221;:&#8221;toetused-text&#8221;,&#8221;custom_css_styles&#8221;:&#8221;&#8221;,&#8221;content&#8221;:&#8221;<strong>We believe that it is important to contribute to the community and support the development of local life in J\u00f5geva County. We are happy to participate in ventures and initiatives that share the same principles while creating positive change and social value \u2013 whether it&#8217;s felling competitions and forestry-related projects, local educational and cultural events, or projects for children and young people.<\/strong>&#8220;},{&#8220;component&#8221;:&#8221;hc_space&#8221;,&#8221;id&#8221;:&#8221;YoAHb&#8221;,&#8221;css_classes&#8221;:&#8221;&#8221;,&#8221;custom_css_classes&#8221;:&#8221;&#8221;,&#8221;custom_css_styles&#8221;:&#8221;&#8221;,&#8221;size&#8221;:&#8221;&#8221;,&#8221;height&#8221;:&#8221;10px&#8221;},{&#8220;component&#8221;:&#8221;hc_text_block&#8221;,&#8221;id&#8221;:&#8221;sevfj&#8221;,&#8221;css_classes&#8221;:&#8221;&#8221;,&#8221;custom_css_classes&#8221;:&#8221;toetused-text&#8221;,&#8221;custom_css_styles&#8221;:&#8221;&#8221;,&#8221;content&#8221;:&#8221;<\/p>\n<div class=\\\"c_nimi\\\">2025<\/div>\n<p>\\nTallinna Tehnika\u00fclikool \u201ePuidut\u00f6\u00f6tlemise \u00f5pik\u201c \\nJ\u00f5geva Spordiklubi T\u00e4he\\nKaitseliidu Keila malevkond\\nSiimusti Lastekeskus Metsatareke\\n\\n&#8221;},{&#8220;component&#8221;:&#8221;hc_text_block&#8221;,&#8221;id&#8221;:&#8221;cYEtS&#8221;,&#8221;css_classes&#8221;:&#8221;&#8221;,&#8221;custom_css_classes&#8221;:&#8221;toetused-text&#8221;,&#8221;custom_css_styles&#8221;:&#8221;&#8221;,&#8221;content&#8221;:&#8221;<\/p>\n<div class=\\\"c_nimi\\\">2024<\/div>\n<p>\\nJ\u00f5geva jalgpalliklubi Wolves\\nChernihivi oblasti lastekodu lapsed Ukrainas\\nLaeva P\u00f5hikool\\nTorma P\u00e4evakeskus\\nJ\u00f5geva P\u00f5hikool\\nEMPL aasta puitehitis 2024 puitinterj\u00f6\u00f6ri auhind\\nC. R. Jakobsoni nimeline Torma P\u00f5hikooli Linnutaja lasteaed\\nKoeru Keskkool\\nJ\u00f5hvi P\u00f5hikool\\nToila G\u00fcmnaasium\\n\\n\\n&#8221;},{&#8220;component&#8221;:&#8221;hc_text_block&#8221;,&#8221;id&#8221;:&#8221;Z7CUm&#8221;,&#8221;css_classes&#8221;:&#8221;&#8221;,&#8221;custom_css_classes&#8221;:&#8221;toetused-text&#8221;,&#8221;custom_css_styles&#8221;:&#8221;&#8221;,&#8221;content&#8221;:&#8221;<\/p>\n<div class=\\\"c_nimi\\\">2023<\/div>\n<p>\\nJ\u00f5geva lasteaed Karikakar\\nRaja noortetuba Mustvee vallas\\nFC Helios\\nArhitektuurikool\\nJ\u00f5geva P\u00f5hikool\\nSA J\u00f5gevamaa Arendus- ja Ettev\u00f5tluskeskus\\nSadala Kool\\nMT\u00dc S\u00e4nna Kultuurim\u00f5is\\nEesti Metsaselts\\nLuua Metsanduskool\\nMT\u00dc Kartuli Vabariik\\nMT\u00dc Skatehall\\nMT\u00dc Emaj\u00f5e Lodjaselts\\nMT\u00dc J\u00f5geva Hokiklubi\\n\\n\\n&#8221;}]}],&#8221;section_settings&#8221;:&#8221;&#8221;},&#8221;scripts&#8221;:{},&#8221;css&#8221;:{},&#8221;css_page&#8221;:&#8221;.contact {\\n    margin-top: 10px;\\n}\\n\\n.c_nimi {\\n    font-size: 30px;\\n    font-weight: 800;\\n    line-height: 36px;\\n}\\n\\n.title {\\n    font-style: italic;\\n    margin-bottom: -20px;\\n}\\n\\nh4 {\\n    font-size: 26px;\\n    color: #464a4c !important;\\n}\\n\\na.c-link {\\n    margin-right: 20px;\\n    border-bottom: 4px solid #fcd2ac;\\n    padding-bottom: 3px;\\n    padding-right: 5px;\\n    padding-left: 5px;\\n}\\n\\n@media (min-width: 993px) {\\n.toetused-text {\\n    margin-left: -40px;\\n}\\n\\n}\\n\\n@media (max-width: 992px) {\\n\\n.c_nimi {\\npadding-left: 10px;\\n}\\t\\n}&#8221;,&#8221;template_setting&#8221;:{&#8220;settings&#8221;:{&#8220;id&#8221;:&#8221;settings&#8221;}},&#8221;template_setting_top&#8221;:{},&#8221;page_setting&#8221;:{&#8220;settings&#8221;:[&#8220;lock-mode-off&#8221;]}}<\/p>\n","protected":false},"excerpt":{"rendered":"<p>{&#8220;main-title&#8221;:{&#8220;component&#8221;:&#8221;hc_title&#8221;,&#8221;id&#8221;:&#8221;main-title&#8221;,&#8221;title&#8221;:&#8221;Contact us&#8221;,&#8221;subtitle&#8221;:&#8221;&#8221;,&#8221;title_content&#8221;:{&#8220;component&#8221;:&#8221;hc_title_empty&#8221;,&#8221;id&#8221;:&#8221;title-empty&#8221;}},&#8221;section_3MFvc&#8221;:{&#8220;component&#8221;:&#8221;hc_section&#8221;,&#8221;id&#8221;:&#8221;section_3MFvc&#8221;,&#8221;section_width&#8221;:&#8221;&#8221;,&#8221;animation&#8221;:&#8221;&#8221;,&#8221;animation_time&#8221;:&#8221;&#8221;,&#8221;timeline_animation&#8221;:&#8221;&#8221;,&#8221;timeline_delay&#8221;:&#8221;&#8221;,&#8221;timeline_order&#8221;:&#8221;&#8221;,&#8221;vertical_row&#8221;:&#8221;&#8221;,&#8221;box_middle&#8221;:&#8221;&#8221;,&#8221;css_classes&#8221;:&#8221;&#8221;,&#8221;custom_css_classes&#8221;:&#8221;&#8221;,&#8221;custom_css_styles&#8221;:&#8221;&#8221;,&#8221;section_content&#8221;:[{&#8220;component&#8221;:&#8221;hc_column&#8221;,&#8221;id&#8221;:&#8221;column_0OPvQ&#8221;,&#8221;column_width&#8221;:&#8221;col-md-12&#8243;,&#8221;animation&#8221;:&#8221;&#8221;,&#8221;animation_time&#8221;:&#8221;&#8221;,&#8221;timeline_animation&#8221;:&#8221;&#8221;,&#8221;timeline_delay&#8221;:&#8221;&#8221;,&#8221;timeline_order&#8221;:&#8221;&#8221;,&#8221;css_classes&#8221;:&#8221;&#8221;,&#8221;custom_css_classes&#8221;:&#8221;&#8221;,&#8221;custom_css_styles&#8221;:&#8221;&#8221;,&#8221;main_content&#8221;:[]}],&#8221;section_settings&#8221;:&#8221;&#8221;},&#8221;section_SIult&#8221;:{&#8220;component&#8221;:&#8221;hc_section&#8221;,&#8221;id&#8221;:&#8221;section_SIult&#8221;,&#8221;section_width&#8221;:&#8221;&#8221;,&#8221;animation&#8221;:&#8221;&#8221;,&#8221;animation_time&#8221;:&#8221;&#8221;,&#8221;timeline_animation&#8221;:&#8221;&#8221;,&#8221;timeline_delay&#8221;:&#8221;&#8221;,&#8221;timeline_order&#8221;:&#8221;&#8221;,&#8221;vertical_row&#8221;:&#8221;&#8221;,&#8221;box_middle&#8221;:&#8221;&#8221;,&#8221;css_classes&#8221;:&#8221;&#8221;,&#8221;custom_css_classes&#8221;:&#8221;&#8221;,&#8221;custom_css_styles&#8221;:&#8221;&#8221;,&#8221;section_content&#8221;:[{&#8220;component&#8221;:&#8221;hc_column&#8221;,&#8221;id&#8221;:&#8221;column_MYBF8&#8243;,&#8221;column_width&#8221;:&#8221;col-md-12&#8243;,&#8221;animation&#8221;:&#8221;&#8221;,&#8221;animation_time&#8221;:&#8221;&#8221;,&#8221;timeline_animation&#8221;:&#8221;&#8221;,&#8221;timeline_delay&#8221;:&#8221;&#8221;,&#8221;timeline_order&#8221;:&#8221;&#8221;,&#8221;css_classes&#8221;:&#8221;&#8221;,&#8221;custom_css_classes&#8221;:&#8221;&#8221;,&#8221;custom_css_styles&#8221;:&#8221;&#8221;,&#8221;main_content&#8221;:[{&#8220;component&#8221;:&#8221;hc_text_block&#8221;,&#8221;id&#8221;:&#8221;5ZtkF&#8221;,&#8221;css_classes&#8221;:&#8221;&#8221;,&#8221;custom_css_classes&#8221;:&#8221;&#8221;,&#8221;custom_css_styles&#8221;:&#8221;&#8221;,&#8221;content&#8221;:&#8221; ESTPLY grants \\n\\n&#8221;},{&#8220;component&#8221;:&#8221;hc_text_block&#8221;,&#8221;id&#8221;:&#8221;oX515&#8243;,&#8221;css_classes&#8221;:&#8221;&#8221;,&#8221;custom_css_classes&#8221;:&#8221;toetused-text&#8221;,&#8221;custom_css_styles&#8221;:&#8221;&#8221;,&#8221;content&#8221;:&#8221;We believe that it is important to contribute to the community and support the development of local life in J\u00f5geva County. We are happy to participate in ventures and initiatives that share the same principles while creating positive change and social value \u2013 whether it&#8217;s felling competitions and forestry-related projects, local [&hellip;]<\/p>\n","protected":false},"author":2,"featured_media":0,"parent":0,"menu_order":0,"comment_status":"closed","ping_status":"closed","template":"","meta":{"footnotes":""},"class_list":["post-999959515","page","type-page","status-publish","hentry"],"_links":{"self":[{"href":"https:\/\/estply.com\/en\/wp-json\/wp\/v2\/pages\/999959515"}],"collection":[{"href":"https:\/\/estply.com\/en\/wp-json\/wp\/v2\/pages"}],"about":[{"href":"https:\/\/estply.com\/en\/wp-json\/wp\/v2\/types\/page"}],"author":[{"embeddable":true,"href":"https:\/\/estply.com\/en\/wp-json\/wp\/v2\/users\/2"}],"replies":[{"embeddable":true,"href":"https:\/\/estply.com\/en\/wp-json\/wp\/v2\/comments?post=999959515"}],"version-history":[{"count":3,"href":"https:\/\/estply.com\/en\/wp-json\/wp\/v2\/pages\/999959515\/revisions"}],"predecessor-version":[{"id":999959519,"href":"https:\/\/estply.com\/en\/wp-json\/wp\/v2\/pages\/999959515\/revisions\/999959519"}],"wp:attachment":[{"href":"https:\/\/estply.com\/en\/wp-json\/wp\/v2\/media?parent=999959515"}],"curies":[{"name":"wp","href":"https:\/\/api.w.org\/{rel}","templated":true}]}}