{"id":999959385,"date":"2025-02-18T10:14:44","date_gmt":"2025-02-18T10:14:44","guid":{"rendered":"https:\/\/estply.com\/?page_id=999959385"},"modified":"2026-03-03T10:03:37","modified_gmt":"2026-03-03T10:03:37","slug":"meedias","status":"publish","type":"page","link":"https:\/\/estply.com\/en\/meedias\/","title":{"rendered":"Meedias"},"content":{"rendered":"<!-- Added by Post\/Page specific custom CSS plugin, thank you for using! -->\n<style>img {\r\n    border-radius: 10px;\r\n}\r\nul {\r\n    padding-inline-start: 0px;\r\n}\r\n\r\nli.openMap:before {\r\n    content: \"\";\r\n    background-image: url(https:\/\/estply.com\/wp-content\/uploads\/2018\/01\/nav__arrow-1.svg);\r\n    background-size: contain;\r\n    background-repeat: no-repeat;\r\n    background-position: 50%;\r\n    width: 2.3em;\r\n    height: 2.3em;\r\n    display: inline-grid;\r\nmargin-right:4px;\r\n    font-size: 10px;\r\n\r\n}<\/style>\n<p>{&#8220;main-title&#8221;:{&#8220;component&#8221;:&#8221;hc_title&#8221;,&#8221;id&#8221;:&#8221;main-title&#8221;,&#8221;title&#8221;:&#8221;Contact us&#8221;,&#8221;subtitle&#8221;:&#8221;&#8221;,&#8221;title_content&#8221;:{&#8220;component&#8221;:&#8221;hc_title_empty&#8221;,&#8221;id&#8221;:&#8221;title-empty&#8221;}},&#8221;section_SIult&#8221;:{&#8220;component&#8221;:&#8221;hc_section&#8221;,&#8221;id&#8221;:&#8221;section_SIult&#8221;,&#8221;section_width&#8221;:&#8221;&#8221;,&#8221;animation&#8221;:&#8221;&#8221;,&#8221;animation_time&#8221;:&#8221;&#8221;,&#8221;timeline_animation&#8221;:&#8221;&#8221;,&#8221;timeline_delay&#8221;:&#8221;&#8221;,&#8221;timeline_order&#8221;:&#8221;&#8221;,&#8221;vertical_row&#8221;:&#8221;&#8221;,&#8221;box_middle&#8221;:&#8221;&#8221;,&#8221;css_classes&#8221;:&#8221;&#8221;,&#8221;custom_css_classes&#8221;:&#8221;&#8221;,&#8221;custom_css_styles&#8221;:&#8221;&#8221;,&#8221;section_content&#8221;:[{&#8220;component&#8221;:&#8221;hc_column&#8221;,&#8221;id&#8221;:&#8221;column_MYBF8&#8243;,&#8221;column_width&#8221;:&#8221;col-md-12&#8243;,&#8221;animation&#8221;:&#8221;&#8221;,&#8221;animation_time&#8221;:&#8221;&#8221;,&#8221;timeline_animation&#8221;:&#8221;&#8221;,&#8221;timeline_delay&#8221;:&#8221;&#8221;,&#8221;timeline_order&#8221;:&#8221;&#8221;,&#8221;css_classes&#8221;:&#8221;&#8221;,&#8221;custom_css_classes&#8221;:&#8221;&#8221;,&#8221;custom_css_styles&#8221;:&#8221;&#8221;,&#8221;main_content&#8221;:[{&#8220;component&#8221;:&#8221;hc_space&#8221;,&#8221;id&#8221;:&#8221;ehb4q&#8221;,&#8221;css_classes&#8221;:&#8221;&#8221;,&#8221;custom_css_classes&#8221;:&#8221;&#8221;,&#8221;custom_css_styles&#8221;:&#8221;&#8221;,&#8221;size&#8221;:&#8221;&#8221;,&#8221;height&#8221;:&#8221;&#8221;},{&#8220;component&#8221;:&#8221;hc_text_block&#8221;,&#8221;id&#8221;:&#8221;5ZtkF&#8221;,&#8221;css_classes&#8221;:&#8221;&#8221;,&#8221;custom_css_classes&#8221;:&#8221;&#8221;,&#8221;custom_css_styles&#8221;:&#8221;&#8221;,&#8221;content&#8221;:&#8221;<\/p>\n<div>\n<div class=\\\"c_nimi\\\">ESTPLY meedias<\/div>\n<p>\\n\\n&#8221;},{&#8220;component&#8221;:&#8221;hc_text_block&#8221;,&#8221;id&#8221;:&#8221;sevfj&#8221;,&#8221;css_classes&#8221;:&#8221;&#8221;,&#8221;custom_css_classes&#8221;:&#8221;meedias-text&#8221;,&#8221;custom_css_styles&#8221;:&#8221;&#8221;,&#8221;content&#8221;:&#8221;<\/p>\n<div class=\\\"c_nimi\\\">2025<\/div>\n<p>\\n<a class=\\\"c-link\\\" href=\\\"https:\/\/www.toostusuudised.ee\/intervjuu\/2025\/11\/20\/investeerimispausi-lopp-lemeksi-gruppi-kuuluv-estonian-plywood-laseb-uue-tehase-ehituseks-kaiku-kumned-miljonid-eurod\\\">\\&#8221;Investeerimispausi l\u00f5pp. Lemeksi gruppi kuuluv Estonian Plywood laseb uue tehase ehituseks k\u00e4iku k\u00fcmned miljonid eurod\\&#8221;<\/a>(\u00c4rip\u00e4eva t\u00f6\u00f6stusuudised)\\n<a class=\\\"c-link\\\" href=\\\"https:\/\/www.aripaev.ee\/saated\/2025\/12\/08\/toostusjuhid-avavad-uue-aasta-plaane-peame-julgelt-eksporditurgudele-murdma\\\">\\&#8221;T\u00f6\u00f6stusjuhid avavad uue aasta plaane. \\&#8221;Peame julgelt eksporditurgudele murdma\\&#8221;<\/a>(\u00c4rip\u00e4ev)\\n<a class=\\\"c-link\\\" href=\\\"https:\/\/www.vooremaa.ee\/estonian-plywood-as-laieneb\/\\\">\\&#8221;Estonian Plywood AS laieneb\\&#8221;<\/a>(Vooremaa)\\n<a class=\\\"c-link\\\" href=\\\"https:\/\/www.vooremaa.ee\/saksa-raskeveokihaagised-saavad-estply-tehase-vineerist-valminud-pohjad\/\\\">\\&#8221;Saksa raskeveokihaagised saavad ESTPLY tehase vineerist valminud p\u00f5hjad\\&#8221;<\/a>(Vooremaa)\\n<a class=\\\"c-link\\\" href=\\\"https:\/\/majandus.postimees.ee\/8309879\/eesti-vineeritootjad-ujuvad-raskuste-kiuste-vastuvoolu-kasumid-kasvuteel\\\">\\&#8221;Eesti vineeritootjad ujuvad raskuste kiuste vastuvoolu \u2013 kasumid kasvuteel\\&#8221;<\/a>(Postimees)\\n<a class=\\\"c-link\\\" href=\\\"https:\/\/www.aripaev.ee\/majandustulemused\/2025\/07\/20\/vineeritootja-kasvatas-eksporti-hoolimata-hinnasurvest\\\">\\&#8221;Vineeritootja kasvatas eksporti hoolimata hinnasurvest\\&#8221;<\/a>(\u00c4rip\u00e4ev)\\n<a class=\\\"c-link\\\" href=\\\"https:\/\/tartu.postimees.ee\/8233867\/pildid-president-alar-karise-jogevamaa-visiidi-keskmes-on-ettevotlus-ja-tehisaru-kaasamine-hariduses\\\">\u201ePresident Alar Karise J\u00f5gevamaa visiidi keskmes on ettev\u00f5tlus ja tehisaru kaasamine hariduses\\&#8221;<\/a>(Postimees)\\n<a class=\\\"c-link\\\" href=\\\"https:\/\/arileht.delfi.ee\/artikkel\/120364614\/estply-tipptasemel-vineeritehas-kus-tehnoloogia-ja-meeskonnavaim-loovad-vaartust\\\">\u201eESTPLY \u2013 tipptasemel vineeritehas, kus tehnoloogia ja meeskonnavaim loovad v\u00e4\u00e4rtust\\&#8221;<\/a>(Delfi)&#8221;},{&#8220;component&#8221;:&#8221;hc_text_block&#8221;,&#8221;id&#8221;:&#8221;0zw1g&#8221;,&#8221;css_classes&#8221;:&#8221;&#8221;,&#8221;custom_css_classes&#8221;:&#8221;meedias-text&#8221;,&#8221;custom_css_styles&#8221;:&#8221;&#8221;,&#8221;content&#8221;:&#8221;<\/p>\n<div class=\\\"c_nimi\\\">2024<\/div>\n<p>\\n<a class=\\\"c-link\\\" href=\\\"https:\/\/www.vooremaa.ee\/laiuse-pohikooli-noored-olid-edukad\/\\\">\\&#8221;Laiuse p\u00f5hikooli noored olid edukad\\&#8221;<\/a>(Vooremaa)\\n<a class=\\\"c-link\\\" href=\\\"https:\/\/www.vooremaa.ee\/jogevamaa-edukaimaks-ettevotteks-on-as-estonian-plywood\/\\\">\\&#8221;J\u00f5gevamaa edukaimaks ettev\u00f5tteks on AS Estonian Plywood\\&#8221;<\/a>(Vooremaa)\\n<a class=\\\"c-link\\\" href=\\\"https:\/\/taltech.ee\/uudised\/selgusid-parimad-pohikooli-innovatsiooniideed\\\">\\&#8221;Selgusid parimad p\u00f5hikooli innovatsiooniideed\\&#8221;<\/a>(Taltech)\\n<a class=\\\"c-link\\\" href=\\\"https:\/\/www.vooremaa.ee\/laiuse-noored-joudsid-rahvusvahelisse-finaali\\\">\\&#8221;Laiuse noored j\u00f5udsid rahvusvahelisse finaali\\&#8221;<\/a>(Vooremaa)\\n<a class=\\\"c-link\\\" href=\\\"https:\/\/www.vooremaa.ee\/estply-tehase-jaatmed-voiksid-leida-rakendust\\\">\\&#8221;ESTPLY tehase j\u00e4\u00e4tmed v\u00f5iksid leida rakendust\\&#8221;<\/a>(Vooremaa)\\n<a class=\\\"c-link\\\" href=\\\"https:\/\/www.aripaev.ee\/top\/2024\/10\/18\/jogevamaa-topi-voitja-algus-oli-ikka-paris-rabal\\\">\\&#8221;J\u00f5gevamaa TOPi v\u00f5itja: algus oli ikka p\u00e4ris r\u00e4bal\\&#8221;<\/a>(\u00c4rip\u00e4ev)\\n<a class=\\\"c-link\\\" href=\\\"https:\/\/maaleht.delfi.ee\/artikkel\/120323836\/isegi-tolm-ostetakse-ara-uuel-vineeritehasel-laheb-hasti\\\">\u201eIsegi tolm ostetakse \u00e4ra.\u201c Uuel vineeritehasel l\u00e4heb h\u00e4sti\\&#8221;\\&#8221;<\/a>(Maaleht)&#8221;},{&#8220;component&#8221;:&#8221;hc_text_block&#8221;,&#8221;id&#8221;:&#8221;cYEtS&#8221;,&#8221;css_classes&#8221;:&#8221;&#8221;,&#8221;custom_css_classes&#8221;:&#8221;meedias-text&#8221;,&#8221;custom_css_styles&#8221;:&#8221;&#8221;,&#8221;content&#8221;:&#8221;<\/p>\n<div class=\\\"c_nimi\\\">2023<\/div>\n<p>\\n<a class=\\\"c-link\\\" href=\\\"https:\/\/arileht.delfi.ee\/artikkel\/120197158\/kuula-kui-palju-vineeri-toodetakse-eesti-moodsaimas-vineeritehases\\\">\\&#8221;Kui palju vineeri toodetakse Eesti moodsaimas vineeritehases?\\&#8221;<\/a>(\u00c4rileht)&#8221;},{&#8220;component&#8221;:&#8221;hc_text_block&#8221;,&#8221;id&#8221;:&#8221;Z7CUm&#8221;,&#8221;css_classes&#8221;:&#8221;&#8221;,&#8221;custom_css_classes&#8221;:&#8221;meedias-text&#8221;,&#8221;custom_css_styles&#8221;:&#8221;&#8221;,&#8221;content&#8221;:&#8221;<\/p>\n<div class=\\\"c_nimi\\\">2022<\/div>\n<p>\\n<a class=\\\"c-link\\\" href=\\\"https:\/\/www.vooremaa.ee\/mis-oli-koige-ullatavam-valismaalasi-toole-vottes\/\\\">\\&#8221;Mis oli k\u00f5ige \u00fcllatavam v\u00e4lismaalasi t\u00f6\u00f6le v\u00f5ttes?\\&#8221;<\/a>(Vooremaa)\\n<a class=\\\"c-link\\\" href=\\\"https:\/\/adven.com\/partnership-stories\/sustainable-and-efficient-production-for-estonian-plywood-factory-estply\/\\\">\\&#8221;Sustainable and efficient production for Estonian plywood factory ESTPLY\\&#8221;<\/a>(Adven.com)\\n<a class=\\\"c-link\\\" href=\\\"https:\/\/adven.com\/ee\/koostoolood\/viruvere-vineeritehas-saastab-loodust-ja-arendab-kohalikku-majandust\/\\\">\\&#8221;Viruvere vineeritehas s\u00e4\u00e4stab loodust ja\u202farendab\u202fkohalikku majandust\u202f\\&#8221;<\/a>(Adven.com)\\n<a class=\\\"c-link\\\" href=\\\"https:\/\/pvs.ee\/koik-uudised\/estply-panustab-keskkonnasobralikku-tulevikku\/\/\\\">\\&#8221;ESTPLY panustab keskkonnas\u00f5bralikku tulevikku\u202f\\&#8221;<\/a>(P\u00f5ltsamaa S\u00f5numid)&#8221;},{&#8220;component&#8221;:&#8221;hc_text_block&#8221;,&#8221;id&#8221;:&#8221;v4LSK&#8221;,&#8221;css_classes&#8221;:&#8221;&#8221;,&#8221;custom_css_classes&#8221;:&#8221;meedias-text&#8221;,&#8221;custom_css_styles&#8221;:&#8221;&#8221;,&#8221;content&#8221;:&#8221;<\/p>\n<div class=\\\"c_nimi\\\">2020<\/div>\n<p>\\n<a class=\\\"c-link\\\" href=\\\"https:\/\/www.vooremaa.ee\/viruvere-vineeritehas-tootab-taistuuril\/\\\">\\&#8221;Viruvere vineeritehas t\u00f6\u00f6tab t\u00e4istuuril\\&#8221;<\/a>(Vooremaa)&#8221;},{&#8220;component&#8221;:&#8221;hc_text_block&#8221;,&#8221;id&#8221;:&#8221;dGxkF&#8221;,&#8221;css_classes&#8221;:&#8221;&#8221;,&#8221;custom_css_classes&#8221;:&#8221;meedias-text&#8221;,&#8221;custom_css_styles&#8221;:&#8221;&#8221;,&#8221;content&#8221;:&#8221;<\/p>\n<div class=\\\"c_nimi\\\">2019<\/div>\n<p>\\n<a class=\\\"c-link\\\" href=\\\"https:\/\/www.vooremaa.ee\/vineeritehas-votab-ilmet\/\\\">\\&#8221;Vineeritehas v\u00f5tab ilmet\\&#8221;<\/a>(Vooremaa)\\n<a class=\\\"c-link\\\" href=\\\"https:\/\/www.vooremaa.ee\/viruvere-vineeritehas-asub-lahiajal-taistuuridel-toole\/\\\">\\&#8221;Viruvere vineeritehas asub l\u00e4hiajal t\u00e4istuuridel t\u00f6\u00f6le\\&#8221;<\/a>(Vooremaa)\\n<a class=\\\"c-link\\\" href=\\\"https:\/\/tartu.postimees.ee\/4464171\/vaiksesse-kulla-kerkib-laguneva-asfalditehase-asemele-vineeritehas\\\">\\&#8221;V\u00e4iksesse k\u00fclla kerkib laguneva asfalditehase asemele vineeritehas\\&#8221;<\/a>(Postimees)&#8221;},{&#8220;component&#8221;:&#8221;hc_text_block&#8221;,&#8221;id&#8221;:&#8221;BZU98&#8243;,&#8221;css_classes&#8221;:&#8221;&#8221;,&#8221;custom_css_classes&#8221;:&#8221;meedias-text&#8221;,&#8221;custom_css_styles&#8221;:&#8221;&#8221;,&#8221;content&#8221;:&#8221;<\/p>\n<div class=\\\"c_nimi\\\">2018<\/div>\n<p>\\n<a class=\\\"c-link\\\" href=\\\"https:\/\/www.vooremaa.ee\/59959-2\/\\\">\\&#8221;Vineeritehase ehitus k\u00e4ib t\u00e4ie hooga\\&#8221;<\/a>(Vooremaa)&#8221;},{&#8220;component&#8221;:&#8221;hc_text_block&#8221;,&#8221;id&#8221;:&#8221;00oEI&#8221;,&#8221;css_classes&#8221;:&#8221;&#8221;,&#8221;custom_css_classes&#8221;:&#8221;meedias-text&#8221;,&#8221;custom_css_styles&#8221;:&#8221;&#8221;,&#8221;content&#8221;:&#8221;<\/p>\n<div class=\\\"c_nimi\\\">2017<\/div>\n<p>\\n<a class=\\\"c-link\\\" href=\\\"https:\/\/www.vooremaa.ee\/lemeks-rajab-jogeva-lahedale-30-miljonit-eurot-maksva-vineeritehase\/\\\">\\&#8221;Lemeks rajab J\u00f5geva l\u00e4hedale 30 miljonit eurot maksva vineeritehase\\&#8221;<\/a>(Vooremaa)\\n<a class=\\\"c-link\\\" href=\\\"https:\/\/eis.ee\/eas-toetab-suurinvestori-meetme-kaudu-estonian-plywood-asi-spooni-ja-vineeritoostuse-rajamist-jogevamaale\/\\\">\\&#8221;EAS toetab suurinvestori meetme kaudu Estonian Plywood ASi spooni-\u200b ja vineerit\u00f6\u00f6stuse rajamist J\u00f5gevamaale\\&#8221;<\/a>(eis.ee)&#8221;}]}],&#8221;section_settings&#8221;:&#8221;&#8221;},&#8221;column_ASGGB&#8221;:{&#8220;id&#8221;:&#8221;column_ASGGB&#8221;,&#8221;main_content&#8221;:{&#8220;component&#8221;:&#8221;hc_text_block&#8221;,&#8221;id&#8221;:&#8221;0zw1g&#8221;,&#8221;css_classes&#8221;:&#8221;&#8221;,&#8221;custom_css_classes&#8221;:&#8221;meedias-text&#8221;,&#8221;custom_css_styles&#8221;:&#8221;&#8221;,&#8221;content&#8221;:&#8221;<\/p>\n<div class=\\\"c_nimi\\\">2024<\/div>\n<p>\\n<a class=\\\"c-link\\\" href=\\\"https:\/\/www.vooremaa.ee\/laiuse-pohikooli-noored-olid-edukad\/\\\">\\&#8221;Laiuse p\u00f5hikooli noored olid edukad\\&#8221;<\/a>(Vooremaa)\\n<a class=\\\"c-link\\\" href=\\\"https:\/\/www.vooremaa.ee\/jogevamaa-edukaimaks-ettevotteks-on-as-estonian-plywood\/\\\">\\&#8221;J\u00f5gevamaa edukaimaks ettev\u00f5tteks on AS Estonian Plywood\\&#8221;<\/a>(Vooremaa)\\n<a class=\\\"c-link\\\" href=\\\"https:\/\/taltech.ee\/uudised\/selgusid-parimad-pohikooli-innovatsiooniideed\\\">\\&#8221;Selgusid parimad p\u00f5hikooli innovatsiooniideed\\&#8221;<\/a>(Taltech)\\n<a class=\\\"c-link\\\" href=\\\"https:\/\/www.vooremaa.ee\/laiuse-noored-joudsid-rahvusvahelisse-finaali\\\">\\&#8221;Laiuse noored j\u00f5udsid rahvusvahelisse finaali\\&#8221;<\/a>(Vooremaa)\\n<a class=\\\"c-link\\\" href=\\\"https:\/\/www.vooremaa.ee\/estply-tehase-jaatmed-voiksid-leida-rakendust\\\">\\&#8221;ESTPLY tehase j\u00e4\u00e4tmed v\u00f5iksid leida rakendust\\&#8221;<\/a>(Vooremaa)\\n<a class=\\\"c-link\\\" href=\\\"https:\/\/www.aripaev.ee\/top\/2024\/10\/18\/jogevamaa-topi-voitja-algus-oli-ikka-paris-rabal\\\">\\&#8221;J\u00f5gevamaa TOPi v\u00f5itja: algus oli ikka p\u00e4ris r\u00e4bal\\&#8221;<\/a>(\u00c4rip\u00e4ev)\\n<a class=\\\"c-link\\\" href=\\\"https:\/\/maaleht.delfi.ee\/artikkel\/120323836\/isegi-tolm-ostetakse-ara-uuel-vineeritehasel-laheb-hasti\\\">\u201eIsegi tolm ostetakse \u00e4ra.\u201c Uuel vineeritehasel l\u00e4heb h\u00e4sti\\&#8221;\\&#8221;<\/a>(Maaleht)&#8221;}},&#8221;scripts&#8221;:{},&#8221;css&#8221;:{},&#8221;css_page&#8221;:&#8221;.contact {\\n    margin-top: 10px;\\n}\\n\\n.c_nimi {\\n    font-size: 30px;\\n    font-weight: 800;\\n    line-height: 36px;\\n}\\n\\n.c-link {\\nmargin-bottom:10px !important;\\n}\\n\\n.title {\\n    font-style: italic;\\n    margin-bottom: -20px;\\n}\\n\\nh4 {\\n    font-size: 26px;\\n    color: #464a4c !important;\\n}\\n\\na.c-link {\\n    border-bottom: 2px solid #fcd2ac;\\n    padding-bottom: 3px;\\n    padding-right: 5px;\\n    padding-left: 5px;\\n}\\n.meedias-text {\\n    padding-bottom:40px\\n}\\n\\n@media (min-width: 993px) {\\n.meedias-text {\\n    margin-left: -40px;\\n}\\n\\n}\\n\\n&#8221;,&#8221;template_setting&#8221;:{&#8220;settings&#8221;:{&#8220;id&#8221;:&#8221;settings&#8221;}},&#8221;template_setting_top&#8221;:{},&#8221;page_setting&#8221;:{&#8220;settings&#8221;:[&#8220;lock-mode-off&#8221;]}}<\/p>\n","protected":false},"excerpt":{"rendered":"<p>{&#8220;main-title&#8221;:{&#8220;component&#8221;:&#8221;hc_title&#8221;,&#8221;id&#8221;:&#8221;main-title&#8221;,&#8221;title&#8221;:&#8221;Contact us&#8221;,&#8221;subtitle&#8221;:&#8221;&#8221;,&#8221;title_content&#8221;:{&#8220;component&#8221;:&#8221;hc_title_empty&#8221;,&#8221;id&#8221;:&#8221;title-empty&#8221;}},&#8221;section_SIult&#8221;:{&#8220;component&#8221;:&#8221;hc_section&#8221;,&#8221;id&#8221;:&#8221;section_SIult&#8221;,&#8221;section_width&#8221;:&#8221;&#8221;,&#8221;animation&#8221;:&#8221;&#8221;,&#8221;animation_time&#8221;:&#8221;&#8221;,&#8221;timeline_animation&#8221;:&#8221;&#8221;,&#8221;timeline_delay&#8221;:&#8221;&#8221;,&#8221;timeline_order&#8221;:&#8221;&#8221;,&#8221;vertical_row&#8221;:&#8221;&#8221;,&#8221;box_middle&#8221;:&#8221;&#8221;,&#8221;css_classes&#8221;:&#8221;&#8221;,&#8221;custom_css_classes&#8221;:&#8221;&#8221;,&#8221;custom_css_styles&#8221;:&#8221;&#8221;,&#8221;section_content&#8221;:[{&#8220;component&#8221;:&#8221;hc_column&#8221;,&#8221;id&#8221;:&#8221;column_MYBF8&#8243;,&#8221;column_width&#8221;:&#8221;col-md-12&#8243;,&#8221;animation&#8221;:&#8221;&#8221;,&#8221;animation_time&#8221;:&#8221;&#8221;,&#8221;timeline_animation&#8221;:&#8221;&#8221;,&#8221;timeline_delay&#8221;:&#8221;&#8221;,&#8221;timeline_order&#8221;:&#8221;&#8221;,&#8221;css_classes&#8221;:&#8221;&#8221;,&#8221;custom_css_classes&#8221;:&#8221;&#8221;,&#8221;custom_css_styles&#8221;:&#8221;&#8221;,&#8221;main_content&#8221;:[{&#8220;component&#8221;:&#8221;hc_space&#8221;,&#8221;id&#8221;:&#8221;ehb4q&#8221;,&#8221;css_classes&#8221;:&#8221;&#8221;,&#8221;custom_css_classes&#8221;:&#8221;&#8221;,&#8221;custom_css_styles&#8221;:&#8221;&#8221;,&#8221;size&#8221;:&#8221;&#8221;,&#8221;height&#8221;:&#8221;&#8221;},{&#8220;component&#8221;:&#8221;hc_text_block&#8221;,&#8221;id&#8221;:&#8221;5ZtkF&#8221;,&#8221;css_classes&#8221;:&#8221;&#8221;,&#8221;custom_css_classes&#8221;:&#8221;&#8221;,&#8221;custom_css_styles&#8221;:&#8221;&#8221;,&#8221;content&#8221;:&#8221; ESTPLY meedias \\n\\n&#8221;},{&#8220;component&#8221;:&#8221;hc_text_block&#8221;,&#8221;id&#8221;:&#8221;sevfj&#8221;,&#8221;css_classes&#8221;:&#8221;&#8221;,&#8221;custom_css_classes&#8221;:&#8221;meedias-text&#8221;,&#8221;custom_css_styles&#8221;:&#8221;&#8221;,&#8221;content&#8221;:&#8221; 2025 \\n\\&#8221;Investeerimispausi l\u00f5pp. Lemeksi gruppi kuuluv Estonian Plywood laseb uue tehase ehituseks k\u00e4iku k\u00fcmned miljonid eurod\\&#8221;(\u00c4rip\u00e4eva t\u00f6\u00f6stusuudised)\\n\\&#8221;T\u00f6\u00f6stusjuhid avavad uue aasta plaane. \\&#8221;Peame julgelt eksporditurgudele murdma\\&#8221;(\u00c4rip\u00e4ev)\\n\\&#8221;Estonian Plywood AS laieneb\\&#8221;(Vooremaa)\\n\\&#8221;Saksa raskeveokihaagised saavad ESTPLY tehase vineerist valminud p\u00f5hjad\\&#8221;(Vooremaa)\\n\\&#8221;Eesti vineeritootjad ujuvad raskuste kiuste vastuvoolu \u2013 kasumid kasvuteel\\&#8221;(Postimees)\\n\\&#8221;Vineeritootja kasvatas eksporti hoolimata hinnasurvest\\&#8221;(\u00c4rip\u00e4ev)\\n\u201ePresident Alar Karise J\u00f5gevamaa [&hellip;]<\/p>\n","protected":false},"author":2,"featured_media":0,"parent":0,"menu_order":0,"comment_status":"closed","ping_status":"closed","template":"","meta":{"footnotes":""},"class_list":["post-999959385","page","type-page","status-publish","hentry"],"_links":{"self":[{"href":"https:\/\/estply.com\/en\/wp-json\/wp\/v2\/pages\/999959385"}],"collection":[{"href":"https:\/\/estply.com\/en\/wp-json\/wp\/v2\/pages"}],"about":[{"href":"https:\/\/estply.com\/en\/wp-json\/wp\/v2\/types\/page"}],"author":[{"embeddable":true,"href":"https:\/\/estply.com\/en\/wp-json\/wp\/v2\/users\/2"}],"replies":[{"embeddable":true,"href":"https:\/\/estply.com\/en\/wp-json\/wp\/v2\/comments?post=999959385"}],"version-history":[{"count":28,"href":"https:\/\/estply.com\/en\/wp-json\/wp\/v2\/pages\/999959385\/revisions"}],"predecessor-version":[{"id":999959825,"href":"https:\/\/estply.com\/en\/wp-json\/wp\/v2\/pages\/999959385\/revisions\/999959825"}],"wp:attachment":[{"href":"https:\/\/estply.com\/en\/wp-json\/wp\/v2\/media?parent=999959385"}],"curies":[{"name":"wp","href":"https:\/\/api.w.org\/{rel}","templated":true}]}}