{"id":999959368,"date":"2025-02-18T10:00:24","date_gmt":"2025-02-18T10:00:24","guid":{"rendered":"https:\/\/estply.com\/?page_id=999959368"},"modified":"2025-02-18T10:37:51","modified_gmt":"2025-02-18T10:37:51","slug":"saadud-toetused","status":"publish","type":"page","link":"https:\/\/estply.com\/en\/saadud-toetused\/","title":{"rendered":"Saadud toetused"},"content":{"rendered":"<!-- Added by Post\/Page specific custom CSS plugin, thank you for using! -->\n<style>img {\r\n    border-radius: 10px;\r\n}\r\nul {\r\n    padding-inline-start: 0px;\r\n}\r\n\r\nli.openMap:before {\r\n    content: \"\";\r\n    background-image: url(https:\/\/estply.com\/wp-content\/uploads\/2018\/01\/nav__arrow-1.svg);\r\n    background-size: contain;\r\n    background-repeat: no-repeat;\r\n    background-position: 50%;\r\n    width: 2.3em;\r\n    height: 2.3em;\r\n    display: inline-grid;\r\nmargin-right:4px;\r\n    font-size: 10px;\r\n\r\n}<\/style>\n<p>{&#8220;main-title&#8221;:{&#8220;component&#8221;:&#8221;hc_title&#8221;,&#8221;id&#8221;:&#8221;main-title&#8221;,&#8221;title&#8221;:&#8221;Contact us&#8221;,&#8221;subtitle&#8221;:&#8221;&#8221;,&#8221;title_content&#8221;:{&#8220;component&#8221;:&#8221;hc_title_empty&#8221;,&#8221;id&#8221;:&#8221;title-empty&#8221;}},&#8221;section_3MFvc&#8221;:{&#8220;component&#8221;:&#8221;hc_section&#8221;,&#8221;id&#8221;:&#8221;section_3MFvc&#8221;,&#8221;section_width&#8221;:&#8221;&#8221;,&#8221;animation&#8221;:&#8221;&#8221;,&#8221;animation_time&#8221;:&#8221;&#8221;,&#8221;timeline_animation&#8221;:&#8221;&#8221;,&#8221;timeline_delay&#8221;:&#8221;&#8221;,&#8221;timeline_order&#8221;:&#8221;&#8221;,&#8221;vertical_row&#8221;:&#8221;&#8221;,&#8221;box_middle&#8221;:&#8221;&#8221;,&#8221;css_classes&#8221;:&#8221;&#8221;,&#8221;custom_css_classes&#8221;:&#8221;&#8221;,&#8221;custom_css_styles&#8221;:&#8221;&#8221;,&#8221;section_content&#8221;:[{&#8220;component&#8221;:&#8221;hc_column&#8221;,&#8221;id&#8221;:&#8221;column_0OPvQ&#8221;,&#8221;column_width&#8221;:&#8221;col-md-12&#8243;,&#8221;animation&#8221;:&#8221;&#8221;,&#8221;animation_time&#8221;:&#8221;&#8221;,&#8221;timeline_animation&#8221;:&#8221;&#8221;,&#8221;timeline_delay&#8221;:&#8221;&#8221;,&#8221;timeline_order&#8221;:&#8221;&#8221;,&#8221;css_classes&#8221;:&#8221;&#8221;,&#8221;custom_css_classes&#8221;:&#8221;&#8221;,&#8221;custom_css_styles&#8221;:&#8221;&#8221;,&#8221;main_content&#8221;:[{&#8220;component&#8221;:&#8221;hc_space&#8221;,&#8221;id&#8221;:&#8221;f9PFd&#8221;,&#8221;css_classes&#8221;:&#8221;&#8221;,&#8221;custom_css_classes&#8221;:&#8221;&#8221;,&#8221;custom_css_styles&#8221;:&#8221;&#8221;,&#8221;size&#8221;:&#8221;&#8221;,&#8221;height&#8221;:&#8221;&#8221;},{&#8220;component&#8221;:&#8221;hc_text_block&#8221;,&#8221;id&#8221;:&#8221;MRlj7&#8243;,&#8221;css_classes&#8221;:&#8221;&#8221;,&#8221;custom_css_classes&#8221;:&#8221;&#8221;,&#8221;custom_css_styles&#8221;:&#8221;&#8221;,&#8221;content&#8221;:&#8221;<a class=\\\"c-link\\\" href=\\\"https:\/\/estply.com\/toetused\/\\\">Keda toetame<\/a><strong><a class=\\\"c-link\\\" href=\\\"https:\/\/estply.com\/saadud-toetused\/\\\">Saadud toetused<\/a><\/strong>&#8220;}]}],&#8221;section_settings&#8221;:&#8221;&#8221;},&#8221;section_SIult&#8221;:{&#8220;component&#8221;:&#8221;hc_section&#8221;,&#8221;id&#8221;:&#8221;section_SIult&#8221;,&#8221;section_width&#8221;:&#8221;&#8221;,&#8221;animation&#8221;:&#8221;&#8221;,&#8221;animation_time&#8221;:&#8221;&#8221;,&#8221;timeline_animation&#8221;:&#8221;&#8221;,&#8221;timeline_delay&#8221;:&#8221;&#8221;,&#8221;timeline_order&#8221;:&#8221;&#8221;,&#8221;vertical_row&#8221;:&#8221;&#8221;,&#8221;box_middle&#8221;:&#8221;&#8221;,&#8221;css_classes&#8221;:&#8221;&#8221;,&#8221;custom_css_classes&#8221;:&#8221;&#8221;,&#8221;custom_css_styles&#8221;:&#8221;&#8221;,&#8221;section_content&#8221;:[{&#8220;component&#8221;:&#8221;hc_column&#8221;,&#8221;id&#8221;:&#8221;column_MYBF8&#8243;,&#8221;column_width&#8221;:&#8221;col-md-12&#8243;,&#8221;animation&#8221;:&#8221;&#8221;,&#8221;animation_time&#8221;:&#8221;&#8221;,&#8221;timeline_animation&#8221;:&#8221;&#8221;,&#8221;timeline_delay&#8221;:&#8221;&#8221;,&#8221;timeline_order&#8221;:&#8221;&#8221;,&#8221;css_classes&#8221;:&#8221;&#8221;,&#8221;custom_css_classes&#8221;:&#8221;&#8221;,&#8221;custom_css_styles&#8221;:&#8221;&#8221;,&#8221;main_content&#8221;:[{&#8220;component&#8221;:&#8221;hc_text_block&#8221;,&#8221;id&#8221;:&#8221;5ZtkF&#8221;,&#8221;css_classes&#8221;:&#8221;&#8221;,&#8221;custom_css_classes&#8221;:&#8221;&#8221;,&#8221;custom_css_styles&#8221;:&#8221;&#8221;,&#8221;content&#8221;:&#8221;<\/p>\n<div>\n<div class=\\\"c_nimi\\\">Saadud toetused<\/div>\n<p>\\n\\n&#8221;},{&#8220;component&#8221;:&#8221;hc_text_block&#8221;,&#8221;id&#8221;:&#8221;oX515&#8243;,&#8221;css_classes&#8221;:&#8221;&#8221;,&#8221;custom_css_classes&#8221;:&#8221;toetused-text&#8221;,&#8221;custom_css_styles&#8221;:&#8221;&#8221;,&#8221;content&#8221;:&#8221;<strong>Projekt \u201eEstonian Plywood AS varustuskindluse investeering\u201d sai Euroopa Liidu taasterahastu NextGenerationEU vahenditest toetust<\/strong>\\n\\nProjekti elluviimine on vajalik ettev\u00f5tte varustuskindluse suurendamiseks. Projekti eesm\u00e4rk on v\u00e4hendada ettev\u00f5tte s\u00f5ltuvust fossiilk\u00fctustest. Projekti eesm\u00e4rgi saavutamiseks rajatakse p\u00e4ikeseelektrijaam, mille kasutuselev\u00f5tmise tulemusena v\u00e4heneb ettev\u00f5tte fossiilk\u00fctuste tarbimine ja elektriv\u00f5rgust tarbitava elektrienergia hulk ning paraneb varustuskindlus.\\n<strong>Toetuse summa: 210 000 \u20ac<\/strong>\\n\\n<img class=\\\"alignnone size-full wp-image-999958177\\\" src=\\\"https:\/\/estply.com\/karjaar\/wp-content\/uploads\/2023\/10\/estply-el-2.png\\\" alt=\\\"\\\" width=\\\"232\\\" height=\\\"123\\\" padding-top=\\\"50px\\\" \/>&#8220;},{&#8220;component&#8221;:&#8221;hc_space&#8221;,&#8221;id&#8221;:&#8221;YoAHb&#8221;,&#8221;css_classes&#8221;:&#8221;&#8221;,&#8221;custom_css_classes&#8221;:&#8221;&#8221;,&#8221;custom_css_styles&#8221;:&#8221;&#8221;,&#8221;size&#8221;:&#8221;&#8221;,&#8221;height&#8221;:&#8221;10px&#8221;},{&#8220;component&#8221;:&#8221;hc_text_block&#8221;,&#8221;id&#8221;:&#8221;Xw1Wq&#8221;,&#8221;css_classes&#8221;:&#8221;&#8221;,&#8221;custom_css_classes&#8221;:&#8221;toetused-text&#8221;,&#8221;custom_css_styles&#8221;:&#8221;&#8221;,&#8221;content&#8221;:&#8221;<strong>Projekt \u201eMadalakvaliteediliste puiduliikide v\u00e4\u00e4rindamine l\u00e4bi uudsete komposiitmaterjalide arendamise\u201c<\/strong>\\n\\nEstonian Plywood viib koost\u00f6\u00f6s Tallinna Tehnika\u00fclikooliga l\u00e4bi rakendusuuringu madalakvaliteediliste puiduliikide v\u00e4\u00e4rindamiseks l\u00e4bi uudsete komposiitmaterjalide arendamise. Rakendusuuringute projekti tulemusena saab ettev\u00f5te uudse teadmise, milliste omadustega puitpol\u00fcmeerkomposiitmaterjale vajatakse erinevates t\u00f6\u00f6stusharude sektorites ning kas ja kuidas on v\u00f5imalik kombineerida kasepuiduga muid erinevaid lehtpuiduliike, et saavutada soovitud vastupidavus- ja tugevusomadused.\\nProjekti finantseeritakse Euroopa Regionaalarengu Fondi toel meetmest \u201eTA&#038;I s\u00fcsteemi kohaliku sotsiaalmajandusliku m\u00f5ju suurendamine ja nutikas spetsialiseerumine kasvualade (IKT + tervis + ressursid) arendamiseks\u201c. Projekti rakendusasutuseks on Haridus- ja Teadusministeerium ja rakendus\u00fcksuseks SA Archimedes.\\n\\n\\n<img class=\\\"alignnone size-full wp-image-999958177\\\" src=\\\"https:\/\/estply.com\/karjaar\/wp-content\/uploads\/2023\/10\/estply-el2.png\\\" alt=\\\"\\\" width=\\\"232\\\" height=\\\"123\\\" padding-top=\\\"50px\\\" \/>&#8220;}]}],&#8221;section_settings&#8221;:&#8221;&#8221;},&#8221;column_cQuAp&#8221;:{&#8220;id&#8221;:&#8221;column_cQuAp&#8221;,&#8221;main_content&#8221;:{&#8220;component&#8221;:&#8221;hc_text_block&#8221;,&#8221;id&#8221;:&#8221;Xw1Wq&#8221;,&#8221;css_classes&#8221;:&#8221;&#8221;,&#8221;custom_css_classes&#8221;:&#8221;toetused-text&#8221;,&#8221;custom_css_styles&#8221;:&#8221;&#8221;,&#8221;content&#8221;:&#8221;<strong>Projekt \u201eMadalakvaliteediliste puiduliikide v\u00e4\u00e4rindamine l\u00e4bi uudsete komposiitmaterjalide arendamise\u201c<\/strong>\\n\\nEstonian Plywood viib koost\u00f6\u00f6s Tallinna Tehnika\u00fclikooliga l\u00e4bi rakendusuuringu madalakvaliteediliste puiduliikide v\u00e4\u00e4rindamiseks l\u00e4bi uudsete komposiitmaterjalide arendamise. Rakendusuuringute projekti tulemusena saab ettev\u00f5te uudse teadmise, milliste omadustega puitpol\u00fcmeerkomposiitmaterjale vajatakse erinevates t\u00f6\u00f6stusharude sektorites ning kas ja kuidas on v\u00f5imalik kombineerida kasepuiduga muid erinevaid lehtpuiduliike, et saavutada soovitud vastupidavus- ja tugevusomadused.\\nProjekti finantseeritakse Euroopa Regionaalarengu Fondi toel meetmest \u201eTA&#038;I s\u00fcsteemi kohaliku sotsiaalmajandusliku m\u00f5ju suurendamine ja nutikas spetsialiseerumine kasvualade (IKT + tervis + ressursid) arendamiseks\u201c. Projekti rakendusasutuseks on Haridus- ja Teadusministeerium ja rakendus\u00fcksuseks SA Archimedes.\\n\\n\\n<img class=\\\"alignnone size-full wp-image-999958177\\\" src=\\\"https:\/\/estply.com\/karjaar\/wp-content\/uploads\/2023\/10\/estply-el2.png\\\" alt=\\\"\\\" width=\\\"232\\\" height=\\\"123\\\" padding-top=\\\"50px\\\" \/>&#8220;}},&#8221;scripts&#8221;:{},&#8221;css&#8221;:{},&#8221;css_page&#8221;:&#8221;.contact {\\n    margin-top: 10px;\\n}\\n\\n.c_nimi {\\n    font-size: 30px;\\n    font-weight: 800;\\n    line-height: 36px;\\n}\\n\\n.title {\\n    font-style: italic;\\n    margin-bottom: -20px;\\n}\\n\\nh4 {\\n    font-size: 26px;\\n    color: #464a4c !important;\\n}\\n\\na.c-link {\\n    margin-right: 20px;\\n    border-bottom: 4px solid #fcd2ac;\\n    padding-bottom: 3px;\\n    padding-right: 5px;\\n    padding-left: 5px;\\n}\\n\\n@media (min-width: 993px) {\\n.toetused-text {\\n    margin-left: -40px;\\n}\\n\\n}\\n\\n@media (max-width: 992px) {\\n\\n.c_nimi {\\npadding-left: 10px;\\n}\\t\\n}&#8221;,&#8221;template_setting&#8221;:{&#8220;settings&#8221;:{&#8220;id&#8221;:&#8221;settings&#8221;}},&#8221;template_setting_top&#8221;:{},&#8221;page_setting&#8221;:{&#8220;settings&#8221;:[&#8220;lock-mode-off&#8221;]}}<\/p>\n","protected":false},"excerpt":{"rendered":"<p>{&#8220;main-title&#8221;:{&#8220;component&#8221;:&#8221;hc_title&#8221;,&#8221;id&#8221;:&#8221;main-title&#8221;,&#8221;title&#8221;:&#8221;Contact us&#8221;,&#8221;subtitle&#8221;:&#8221;&#8221;,&#8221;title_content&#8221;:{&#8220;component&#8221;:&#8221;hc_title_empty&#8221;,&#8221;id&#8221;:&#8221;title-empty&#8221;}},&#8221;section_3MFvc&#8221;:{&#8220;component&#8221;:&#8221;hc_section&#8221;,&#8221;id&#8221;:&#8221;section_3MFvc&#8221;,&#8221;section_width&#8221;:&#8221;&#8221;,&#8221;animation&#8221;:&#8221;&#8221;,&#8221;animation_time&#8221;:&#8221;&#8221;,&#8221;timeline_animation&#8221;:&#8221;&#8221;,&#8221;timeline_delay&#8221;:&#8221;&#8221;,&#8221;timeline_order&#8221;:&#8221;&#8221;,&#8221;vertical_row&#8221;:&#8221;&#8221;,&#8221;box_middle&#8221;:&#8221;&#8221;,&#8221;css_classes&#8221;:&#8221;&#8221;,&#8221;custom_css_classes&#8221;:&#8221;&#8221;,&#8221;custom_css_styles&#8221;:&#8221;&#8221;,&#8221;section_content&#8221;:[{&#8220;component&#8221;:&#8221;hc_column&#8221;,&#8221;id&#8221;:&#8221;column_0OPvQ&#8221;,&#8221;column_width&#8221;:&#8221;col-md-12&#8243;,&#8221;animation&#8221;:&#8221;&#8221;,&#8221;animation_time&#8221;:&#8221;&#8221;,&#8221;timeline_animation&#8221;:&#8221;&#8221;,&#8221;timeline_delay&#8221;:&#8221;&#8221;,&#8221;timeline_order&#8221;:&#8221;&#8221;,&#8221;css_classes&#8221;:&#8221;&#8221;,&#8221;custom_css_classes&#8221;:&#8221;&#8221;,&#8221;custom_css_styles&#8221;:&#8221;&#8221;,&#8221;main_content&#8221;:[{&#8220;component&#8221;:&#8221;hc_space&#8221;,&#8221;id&#8221;:&#8221;f9PFd&#8221;,&#8221;css_classes&#8221;:&#8221;&#8221;,&#8221;custom_css_classes&#8221;:&#8221;&#8221;,&#8221;custom_css_styles&#8221;:&#8221;&#8221;,&#8221;size&#8221;:&#8221;&#8221;,&#8221;height&#8221;:&#8221;&#8221;},{&#8220;component&#8221;:&#8221;hc_text_block&#8221;,&#8221;id&#8221;:&#8221;MRlj7&#8243;,&#8221;css_classes&#8221;:&#8221;&#8221;,&#8221;custom_css_classes&#8221;:&#8221;&#8221;,&#8221;custom_css_styles&#8221;:&#8221;&#8221;,&#8221;content&#8221;:&#8221;Keda toetameSaadud toetused&#8220;}]}],&#8221;section_settings&#8221;:&#8221;&#8221;},&#8221;section_SIult&#8221;:{&#8220;component&#8221;:&#8221;hc_section&#8221;,&#8221;id&#8221;:&#8221;section_SIult&#8221;,&#8221;section_width&#8221;:&#8221;&#8221;,&#8221;animation&#8221;:&#8221;&#8221;,&#8221;animation_time&#8221;:&#8221;&#8221;,&#8221;timeline_animation&#8221;:&#8221;&#8221;,&#8221;timeline_delay&#8221;:&#8221;&#8221;,&#8221;timeline_order&#8221;:&#8221;&#8221;,&#8221;vertical_row&#8221;:&#8221;&#8221;,&#8221;box_middle&#8221;:&#8221;&#8221;,&#8221;css_classes&#8221;:&#8221;&#8221;,&#8221;custom_css_classes&#8221;:&#8221;&#8221;,&#8221;custom_css_styles&#8221;:&#8221;&#8221;,&#8221;section_content&#8221;:[{&#8220;component&#8221;:&#8221;hc_column&#8221;,&#8221;id&#8221;:&#8221;column_MYBF8&#8243;,&#8221;column_width&#8221;:&#8221;col-md-12&#8243;,&#8221;animation&#8221;:&#8221;&#8221;,&#8221;animation_time&#8221;:&#8221;&#8221;,&#8221;timeline_animation&#8221;:&#8221;&#8221;,&#8221;timeline_delay&#8221;:&#8221;&#8221;,&#8221;timeline_order&#8221;:&#8221;&#8221;,&#8221;css_classes&#8221;:&#8221;&#8221;,&#8221;custom_css_classes&#8221;:&#8221;&#8221;,&#8221;custom_css_styles&#8221;:&#8221;&#8221;,&#8221;main_content&#8221;:[{&#8220;component&#8221;:&#8221;hc_text_block&#8221;,&#8221;id&#8221;:&#8221;5ZtkF&#8221;,&#8221;css_classes&#8221;:&#8221;&#8221;,&#8221;custom_css_classes&#8221;:&#8221;&#8221;,&#8221;custom_css_styles&#8221;:&#8221;&#8221;,&#8221;content&#8221;:&#8221; Saadud toetused \\n\\n&#8221;},{&#8220;component&#8221;:&#8221;hc_text_block&#8221;,&#8221;id&#8221;:&#8221;oX515&#8243;,&#8221;css_classes&#8221;:&#8221;&#8221;,&#8221;custom_css_classes&#8221;:&#8221;toetused-text&#8221;,&#8221;custom_css_styles&#8221;:&#8221;&#8221;,&#8221;content&#8221;:&#8221;Projekt \u201eEstonian Plywood AS varustuskindluse investeering\u201d sai Euroopa Liidu taasterahastu NextGenerationEU vahenditest toetust\\n\\nProjekti elluviimine on vajalik ettev\u00f5tte varustuskindluse suurendamiseks. Projekti eesm\u00e4rk on v\u00e4hendada ettev\u00f5tte s\u00f5ltuvust fossiilk\u00fctustest. Projekti eesm\u00e4rgi saavutamiseks rajatakse p\u00e4ikeseelektrijaam, mille kasutuselev\u00f5tmise tulemusena v\u00e4heneb ettev\u00f5tte fossiilk\u00fctuste tarbimine ja elektriv\u00f5rgust tarbitava elektrienergia hulk ning paraneb varustuskindlus.\\nToetuse summa: 210 000 [&hellip;]<\/p>\n","protected":false},"author":2,"featured_media":0,"parent":0,"menu_order":0,"comment_status":"closed","ping_status":"closed","template":"","meta":{"footnotes":""},"class_list":["post-999959368","page","type-page","status-publish","hentry"],"_links":{"self":[{"href":"https:\/\/estply.com\/en\/wp-json\/wp\/v2\/pages\/999959368"}],"collection":[{"href":"https:\/\/estply.com\/en\/wp-json\/wp\/v2\/pages"}],"about":[{"href":"https:\/\/estply.com\/en\/wp-json\/wp\/v2\/types\/page"}],"author":[{"embeddable":true,"href":"https:\/\/estply.com\/en\/wp-json\/wp\/v2\/users\/2"}],"replies":[{"embeddable":true,"href":"https:\/\/estply.com\/en\/wp-json\/wp\/v2\/comments?post=999959368"}],"version-history":[{"count":11,"href":"https:\/\/estply.com\/en\/wp-json\/wp\/v2\/pages\/999959368\/revisions"}],"predecessor-version":[{"id":999959383,"href":"https:\/\/estply.com\/en\/wp-json\/wp\/v2\/pages\/999959368\/revisions\/999959383"}],"wp:attachment":[{"href":"https:\/\/estply.com\/en\/wp-json\/wp\/v2\/media?parent=999959368"}],"curies":[{"name":"wp","href":"https:\/\/api.w.org\/{rel}","templated":true}]}}