{"id":999959516,"date":"2025-02-18T09:49:02","date_gmt":"2025-02-18T09:49:02","guid":{"rendered":"https:\/\/estply.com\/toetused\/"},"modified":"2025-03-20T12:36:53","modified_gmt":"2025-03-20T12:36:53","slug":"projektfinanzierung","status":"publish","type":"page","link":"https:\/\/estply.com\/de\/projektfinanzierung\/","title":{"rendered":"Projektfinanzierung"},"content":{"rendered":"<!-- Added by Post\/Page Specific Custom Code plugin, thank you for using! -->\n<style>img {\r\n    border-radius: 10px;\r\n}\r\nul {\r\n    padding-inline-start: 0px;\r\n}\r\n\r\nli.openMap:before {\r\n    content: \"\";\r\n    background-image: url(https:\/\/estply.com\/wp-content\/uploads\/2018\/01\/nav__arrow-1.svg);\r\n    background-size: contain;\r\n    background-repeat: no-repeat;\r\n    background-position: 50%;\r\n    width: 2.3em;\r\n    height: 2.3em;\r\n    display: inline-grid;\r\nmargin-right:4px;\r\n    font-size: 10px;\r\n\r\n}<\/style>\n<p>{&#8222;main-title&#8220;:{&#8222;component&#8220;:&#8220;hc_title&#8220;,&#8220;id&#8220;:&#8220;main-title&#8220;,&#8220;title&#8220;:&#8220;Contact us&#8220;,&#8220;subtitle&#8220;:&#8220;&#8220;,&#8220;title_content&#8220;:{&#8222;component&#8220;:&#8220;hc_title_empty&#8220;,&#8220;id&#8220;:&#8220;title-empty&#8220;}},&#8220;section_3MFvc&#8220;:{&#8222;component&#8220;:&#8220;hc_section&#8220;,&#8220;id&#8220;:&#8220;section_3MFvc&#8220;,&#8220;section_width&#8220;:&#8220;&#8220;,&#8220;animation&#8220;:&#8220;&#8220;,&#8220;animation_time&#8220;:&#8220;&#8220;,&#8220;timeline_animation&#8220;:&#8220;&#8220;,&#8220;timeline_delay&#8220;:&#8220;&#8220;,&#8220;timeline_order&#8220;:&#8220;&#8220;,&#8220;vertical_row&#8220;:&#8220;&#8220;,&#8220;box_middle&#8220;:&#8220;&#8220;,&#8220;css_classes&#8220;:&#8220;&#8220;,&#8220;custom_css_classes&#8220;:&#8220;&#8220;,&#8220;custom_css_styles&#8220;:&#8220;&#8220;,&#8220;section_content&#8220;:[{&#8222;component&#8220;:&#8220;hc_column&#8220;,&#8220;id&#8220;:&#8220;column_0OPvQ&#8220;,&#8220;column_width&#8220;:&#8220;col-md-12&#8243;,&#8220;animation&#8220;:&#8220;&#8220;,&#8220;animation_time&#8220;:&#8220;&#8220;,&#8220;timeline_animation&#8220;:&#8220;&#8220;,&#8220;timeline_delay&#8220;:&#8220;&#8220;,&#8220;timeline_order&#8220;:&#8220;&#8220;,&#8220;css_classes&#8220;:&#8220;&#8220;,&#8220;custom_css_classes&#8220;:&#8220;&#8220;,&#8220;custom_css_styles&#8220;:&#8220;&#8220;,&#8220;main_content&#8220;:[]}],&#8220;section_settings&#8220;:&#8220;&#8220;},&#8220;section_SIult&#8220;:{&#8222;component&#8220;:&#8220;hc_section&#8220;,&#8220;id&#8220;:&#8220;section_SIult&#8220;,&#8220;section_width&#8220;:&#8220;&#8220;,&#8220;animation&#8220;:&#8220;&#8220;,&#8220;animation_time&#8220;:&#8220;&#8220;,&#8220;timeline_animation&#8220;:&#8220;&#8220;,&#8220;timeline_delay&#8220;:&#8220;&#8220;,&#8220;timeline_order&#8220;:&#8220;&#8220;,&#8220;vertical_row&#8220;:&#8220;&#8220;,&#8220;box_middle&#8220;:&#8220;&#8220;,&#8220;css_classes&#8220;:&#8220;&#8220;,&#8220;custom_css_classes&#8220;:&#8220;&#8220;,&#8220;custom_css_styles&#8220;:&#8220;&#8220;,&#8220;section_content&#8220;:[{&#8222;component&#8220;:&#8220;hc_column&#8220;,&#8220;id&#8220;:&#8220;column_MYBF8&#8243;,&#8220;column_width&#8220;:&#8220;col-md-12&#8243;,&#8220;animation&#8220;:&#8220;&#8220;,&#8220;animation_time&#8220;:&#8220;&#8220;,&#8220;timeline_animation&#8220;:&#8220;&#8220;,&#8220;timeline_delay&#8220;:&#8220;&#8220;,&#8220;timeline_order&#8220;:&#8220;&#8220;,&#8220;css_classes&#8220;:&#8220;&#8220;,&#8220;custom_css_classes&#8220;:&#8220;&#8220;,&#8220;custom_css_styles&#8220;:&#8220;&#8220;,&#8220;main_content&#8220;:[{&#8222;component&#8220;:&#8220;hc_text_block&#8220;,&#8220;id&#8220;:&#8220;5ZtkF&#8220;,&#8220;css_classes&#8220;:&#8220;&#8220;,&#8220;custom_css_classes&#8220;:&#8220;&#8220;,&#8220;custom_css_styles&#8220;:&#8220;&#8220;,&#8220;content&#8220;:&#8220;<\/p>\n<div>\n<div class=\\\"c_nimi\\\">Projektfinanzierung von ESTPLY<\/div>\n<p>\\n\\n&#8220;},{&#8222;component&#8220;:&#8220;hc_text_block&#8220;,&#8220;id&#8220;:&#8220;oX515&#8243;,&#8220;css_classes&#8220;:&#8220;&#8220;,&#8220;custom_css_classes&#8220;:&#8220;toetused-text&#8220;,&#8220;custom_css_styles&#8220;:&#8220;&#8220;,&#8220;content&#8220;:&#8220;<strong>Wir halten es f\u00fcr wichtig, einen Beitrag zur Gemeinschaft zu leisten und die Entwicklung des lokalen Lebens im Kreis J\u00f5geva zu unterst\u00fctzen. Wir beteiligen uns gerne an Projekten und Initiativen, die unsere Werte teilen, einen positiven Wandel bewirken und einen sozialen Wert schaffen \u2013 gleichwohl, ob es sich um Projekte im Zusammenhang mit Wettbewerben im Holzschlagen und Forstwirtschaft, lokale Bildungs- und Kulturveranstaltungen oder Kinder- und Jugendprojekte handelt.<\/strong>&#8222;},{&#8222;component&#8220;:&#8220;hc_space&#8220;,&#8220;id&#8220;:&#8220;YoAHb&#8220;,&#8220;css_classes&#8220;:&#8220;&#8220;,&#8220;custom_css_classes&#8220;:&#8220;&#8220;,&#8220;custom_css_styles&#8220;:&#8220;&#8220;,&#8220;size&#8220;:&#8220;&#8220;,&#8220;height&#8220;:&#8220;10px&#8220;},{&#8222;component&#8220;:&#8220;hc_text_block&#8220;,&#8220;id&#8220;:&#8220;sevfj&#8220;,&#8220;css_classes&#8220;:&#8220;&#8220;,&#8220;custom_css_classes&#8220;:&#8220;toetused-text&#8220;,&#8220;custom_css_styles&#8220;:&#8220;&#8220;,&#8220;content&#8220;:&#8220;<\/p>\n<div class=\\\"c_nimi\\\">2025<\/div>\n<p>\\nTallinna Tehnika\u00fclikool \u201ePuidut\u00f6\u00f6tlemise \u00f5pik\u201c \\nJ\u00f5geva Spordiklubi T\u00e4he\\nKaitseliidu Keila malevkond\\nSiimusti Lastekeskus Metsatareke\\n\\n&#8220;},{&#8222;component&#8220;:&#8220;hc_text_block&#8220;,&#8220;id&#8220;:&#8220;cYEtS&#8220;,&#8220;css_classes&#8220;:&#8220;&#8220;,&#8220;custom_css_classes&#8220;:&#8220;toetused-text&#8220;,&#8220;custom_css_styles&#8220;:&#8220;&#8220;,&#8220;content&#8220;:&#8220;<\/p>\n<div class=\\\"c_nimi\\\">2024<\/div>\n<p>\\nJ\u00f5geva jalgpalliklubi Wolves\\nChernihivi oblasti lastekodu lapsed Ukrainas\\nLaeva P\u00f5hikool\\nTorma P\u00e4evakeskus\\nJ\u00f5geva P\u00f5hikool\\nEMPL aasta puitehitis 2024 puitinterj\u00f6\u00f6ri auhind\\nC. R. Jakobsoni nimeline Torma P\u00f5hikooli Linnutaja lasteaed\\nKoeru Keskkool\\nJ\u00f5hvi P\u00f5hikool\\nToila G\u00fcmnaasium\\n\\n\\n&#8220;},{&#8222;component&#8220;:&#8220;hc_text_block&#8220;,&#8220;id&#8220;:&#8220;Z7CUm&#8220;,&#8220;css_classes&#8220;:&#8220;&#8220;,&#8220;custom_css_classes&#8220;:&#8220;toetused-text&#8220;,&#8220;custom_css_styles&#8220;:&#8220;&#8220;,&#8220;content&#8220;:&#8220;<\/p>\n<div class=\\\"c_nimi\\\">2023<\/div>\n<p>\\nJ\u00f5geva lasteaed Karikakar\\nRaja noortetuba Mustvee vallas\\nFC Helios\\nArhitektuurikool\\nJ\u00f5geva P\u00f5hikool\\nSA J\u00f5gevamaa Arendus- ja Ettev\u00f5tluskeskus\\nSadala Kool\\nMT\u00dc S\u00e4nna Kultuurim\u00f5is\\nEesti Metsaselts\\nLuua Metsanduskool\\nMT\u00dc Kartuli Vabariik\\nMT\u00dc Skatehall\\nMT\u00dc Emaj\u00f5e Lodjaselts\\nMT\u00dc J\u00f5geva Hokiklubi\\n\\n\\n&#8220;}]}],&#8220;section_settings&#8220;:&#8220;&#8220;},&#8220;scripts&#8220;:{},&#8220;css&#8220;:{},&#8220;css_page&#8220;:&#8220;.contact {\\n    margin-top: 10px;\\n}\\n\\n.c_nimi {\\n    font-size: 30px;\\n    font-weight: 800;\\n    line-height: 36px;\\n}\\n\\n.title {\\n    font-style: italic;\\n    margin-bottom: -20px;\\n}\\n\\nh4 {\\n    font-size: 26px;\\n    color: #464a4c !important;\\n}\\n\\na.c-link {\\n    margin-right: 20px;\\n    border-bottom: 4px solid #fcd2ac;\\n    padding-bottom: 3px;\\n    padding-right: 5px;\\n    padding-left: 5px;\\n}\\n\\n@media (min-width: 993px) {\\n.toetused-text {\\n    margin-left: -40px;\\n}\\n\\n}\\n\\n@media (max-width: 992px) {\\n\\n.c_nimi {\\npadding-left: 10px;\\n}\\t\\n}&#8220;,&#8220;template_setting&#8220;:{&#8222;settings&#8220;:{&#8222;id&#8220;:&#8220;settings&#8220;}},&#8220;template_setting_top&#8220;:{},&#8220;page_setting&#8220;:{&#8222;settings&#8220;:[&#8222;lock-mode-off&#8220;]}}<\/p>\n","protected":false},"excerpt":{"rendered":"<p>{&#8222;main-title&#8220;:{&#8222;component&#8220;:&#8220;hc_title&#8220;,&#8220;id&#8220;:&#8220;main-title&#8220;,&#8220;title&#8220;:&#8220;Contact us&#8220;,&#8220;subtitle&#8220;:&#8220;&#8220;,&#8220;title_content&#8220;:{&#8222;component&#8220;:&#8220;hc_title_empty&#8220;,&#8220;id&#8220;:&#8220;title-empty&#8220;}},&#8220;section_3MFvc&#8220;:{&#8222;component&#8220;:&#8220;hc_section&#8220;,&#8220;id&#8220;:&#8220;section_3MFvc&#8220;,&#8220;section_width&#8220;:&#8220;&#8220;,&#8220;animation&#8220;:&#8220;&#8220;,&#8220;animation_time&#8220;:&#8220;&#8220;,&#8220;timeline_animation&#8220;:&#8220;&#8220;,&#8220;timeline_delay&#8220;:&#8220;&#8220;,&#8220;timeline_order&#8220;:&#8220;&#8220;,&#8220;vertical_row&#8220;:&#8220;&#8220;,&#8220;box_middle&#8220;:&#8220;&#8220;,&#8220;css_classes&#8220;:&#8220;&#8220;,&#8220;custom_css_classes&#8220;:&#8220;&#8220;,&#8220;custom_css_styles&#8220;:&#8220;&#8220;,&#8220;section_content&#8220;:[{&#8222;component&#8220;:&#8220;hc_column&#8220;,&#8220;id&#8220;:&#8220;column_0OPvQ&#8220;,&#8220;column_width&#8220;:&#8220;col-md-12&#8243;,&#8220;animation&#8220;:&#8220;&#8220;,&#8220;animation_time&#8220;:&#8220;&#8220;,&#8220;timeline_animation&#8220;:&#8220;&#8220;,&#8220;timeline_delay&#8220;:&#8220;&#8220;,&#8220;timeline_order&#8220;:&#8220;&#8220;,&#8220;css_classes&#8220;:&#8220;&#8220;,&#8220;custom_css_classes&#8220;:&#8220;&#8220;,&#8220;custom_css_styles&#8220;:&#8220;&#8220;,&#8220;main_content&#8220;:[]}],&#8220;section_settings&#8220;:&#8220;&#8220;},&#8220;section_SIult&#8220;:{&#8222;component&#8220;:&#8220;hc_section&#8220;,&#8220;id&#8220;:&#8220;section_SIult&#8220;,&#8220;section_width&#8220;:&#8220;&#8220;,&#8220;animation&#8220;:&#8220;&#8220;,&#8220;animation_time&#8220;:&#8220;&#8220;,&#8220;timeline_animation&#8220;:&#8220;&#8220;,&#8220;timeline_delay&#8220;:&#8220;&#8220;,&#8220;timeline_order&#8220;:&#8220;&#8220;,&#8220;vertical_row&#8220;:&#8220;&#8220;,&#8220;box_middle&#8220;:&#8220;&#8220;,&#8220;css_classes&#8220;:&#8220;&#8220;,&#8220;custom_css_classes&#8220;:&#8220;&#8220;,&#8220;custom_css_styles&#8220;:&#8220;&#8220;,&#8220;section_content&#8220;:[{&#8222;component&#8220;:&#8220;hc_column&#8220;,&#8220;id&#8220;:&#8220;column_MYBF8&#8243;,&#8220;column_width&#8220;:&#8220;col-md-12&#8243;,&#8220;animation&#8220;:&#8220;&#8220;,&#8220;animation_time&#8220;:&#8220;&#8220;,&#8220;timeline_animation&#8220;:&#8220;&#8220;,&#8220;timeline_delay&#8220;:&#8220;&#8220;,&#8220;timeline_order&#8220;:&#8220;&#8220;,&#8220;css_classes&#8220;:&#8220;&#8220;,&#8220;custom_css_classes&#8220;:&#8220;&#8220;,&#8220;custom_css_styles&#8220;:&#8220;&#8220;,&#8220;main_content&#8220;:[{&#8222;component&#8220;:&#8220;hc_text_block&#8220;,&#8220;id&#8220;:&#8220;5ZtkF&#8220;,&#8220;css_classes&#8220;:&#8220;&#8220;,&#8220;custom_css_classes&#8220;:&#8220;&#8220;,&#8220;custom_css_styles&#8220;:&#8220;&#8220;,&#8220;content&#8220;:&#8220; Projektfinanzierung von ESTPLY \\n\\n&#8220;},{&#8222;component&#8220;:&#8220;hc_text_block&#8220;,&#8220;id&#8220;:&#8220;oX515&#8243;,&#8220;css_classes&#8220;:&#8220;&#8220;,&#8220;custom_css_classes&#8220;:&#8220;toetused-text&#8220;,&#8220;custom_css_styles&#8220;:&#8220;&#8220;,&#8220;content&#8220;:&#8220;Wir halten es f\u00fcr wichtig, einen Beitrag zur Gemeinschaft zu leisten und die Entwicklung des lokalen Lebens im Kreis J\u00f5geva zu unterst\u00fctzen. Wir beteiligen uns gerne an Projekten und Initiativen, die unsere Werte teilen, einen positiven Wandel bewirken und einen sozialen Wert schaffen \u2013 gleichwohl, ob es sich um Projekte [&hellip;]<\/p>\n","protected":false},"author":2,"featured_media":0,"parent":0,"menu_order":0,"comment_status":"closed","ping_status":"closed","template":"","meta":{"footnotes":""},"class_list":["post-999959516","page","type-page","status-publish","hentry"],"_links":{"self":[{"href":"https:\/\/estply.com\/de\/wp-json\/wp\/v2\/pages\/999959516"}],"collection":[{"href":"https:\/\/estply.com\/de\/wp-json\/wp\/v2\/pages"}],"about":[{"href":"https:\/\/estply.com\/de\/wp-json\/wp\/v2\/types\/page"}],"author":[{"embeddable":true,"href":"https:\/\/estply.com\/de\/wp-json\/wp\/v2\/users\/2"}],"replies":[{"embeddable":true,"href":"https:\/\/estply.com\/de\/wp-json\/wp\/v2\/comments?post=999959516"}],"version-history":[{"count":1,"href":"https:\/\/estply.com\/de\/wp-json\/wp\/v2\/pages\/999959516\/revisions"}],"predecessor-version":[{"id":999959520,"href":"https:\/\/estply.com\/de\/wp-json\/wp\/v2\/pages\/999959516\/revisions\/999959520"}],"wp:attachment":[{"href":"https:\/\/estply.com\/de\/wp-json\/wp\/v2\/media?parent=999959516"}],"curies":[{"name":"wp","href":"https:\/\/api.w.org\/{rel}","templated":true}]}}