{"id":999959018,"date":"2023-03-02T18:23:37","date_gmt":"2023-03-02T18:23:37","guid":{"rendered":"https:\/\/estply.com\/ettevote\/"},"modified":"2025-04-04T14:31:18","modified_gmt":"2025-04-04T14:31:18","slug":"kontaktinformationen","status":"publish","type":"page","link":"https:\/\/estply.com\/de\/kontaktinformationen\/","title":{"rendered":"Kontaktinformationen"},"content":{"rendered":"<!-- Added by Post\/Page specific custom CSS plugin, thank you for using! -->\n<style>img {\r\n    border-radius: 10px;\r\n}\r\nul {\r\n    padding-inline-start: 0px;\r\n}\r\n\r\nli.openMap:before {\r\n    content: \"\";\r\n    background-image: url(https:\/\/estply.com\/wp-content\/uploads\/2018\/01\/nav__arrow-1.svg);\r\n    background-size: contain;\r\n    background-repeat: no-repeat;\r\n    background-position: 50%;\r\n    width: 2.3em;\r\n    height: 2.3em;\r\n    display: inline-grid;\r\nmargin-right:4px;\r\n    font-size: 10px;\r\n\r\n}<\/style>\n<p>{&#8222;main-title&#8220;:{&#8222;component&#8220;:&#8220;hc_title&#8220;,&#8220;id&#8220;:&#8220;main-title&#8220;,&#8220;title&#8220;:&#8220;Contact us&#8220;,&#8220;subtitle&#8220;:&#8220;&#8220;,&#8220;title_content&#8220;:{&#8222;component&#8220;:&#8220;hc_title_empty&#8220;,&#8220;id&#8220;:&#8220;title-empty&#8220;}},&#8220;section_3MFvc&#8220;:{&#8222;component&#8220;:&#8220;hc_section&#8220;,&#8220;id&#8220;:&#8220;section_3MFvc&#8220;,&#8220;section_width&#8220;:&#8220;&#8220;,&#8220;animation&#8220;:&#8220;&#8220;,&#8220;animation_time&#8220;:&#8220;&#8220;,&#8220;timeline_animation&#8220;:&#8220;&#8220;,&#8220;timeline_delay&#8220;:&#8220;&#8220;,&#8220;timeline_order&#8220;:&#8220;&#8220;,&#8220;vertical_row&#8220;:&#8220;&#8220;,&#8220;box_middle&#8220;:&#8220;&#8220;,&#8220;css_classes&#8220;:&#8220;&#8220;,&#8220;custom_css_classes&#8220;:&#8220;&#8220;,&#8220;custom_css_styles&#8220;:&#8220;&#8220;,&#8220;section_content&#8220;:[{&#8222;component&#8220;:&#8220;hc_column&#8220;,&#8220;id&#8220;:&#8220;column_0OPvQ&#8220;,&#8220;column_width&#8220;:&#8220;col-md-12&#8243;,&#8220;animation&#8220;:&#8220;&#8220;,&#8220;animation_time&#8220;:&#8220;&#8220;,&#8220;timeline_animation&#8220;:&#8220;&#8220;,&#8220;timeline_delay&#8220;:&#8220;&#8220;,&#8220;timeline_order&#8220;:&#8220;&#8220;,&#8220;css_classes&#8220;:&#8220;&#8220;,&#8220;custom_css_classes&#8220;:&#8220;&#8220;,&#8220;custom_css_styles&#8220;:&#8220;&#8220;,&#8220;main_content&#8220;:[{&#8222;component&#8220;:&#8220;hc_space&#8220;,&#8220;id&#8220;:&#8220;f9PFd&#8220;,&#8220;css_classes&#8220;:&#8220;&#8220;,&#8220;custom_css_classes&#8220;:&#8220;&#8220;,&#8220;custom_css_styles&#8220;:&#8220;&#8220;,&#8220;size&#8220;:&#8220;&#8220;,&#8220;height&#8220;:&#8220;&#8220;},{&#8222;component&#8220;:&#8220;hc_text_block&#8220;,&#8220;id&#8220;:&#8220;MRlj7&#8243;,&#8220;css_classes&#8220;:&#8220;&#8220;,&#8220;custom_css_classes&#8220;:&#8220;&#8220;,&#8220;custom_css_styles&#8220;:&#8220;&#8220;,&#8220;content&#8220;:&#8220;<strong><a class=\\\"c-link\\\" href=\\\"https:\/\/estply.com\/de\/kontaktinformationen\/\\\">Kontaktinformationen<\/a><\/strong><a class=\\\"c-link\\\" href=\\\"https:\/\/estply.com\/de\/kontaktformular\/\\\">Kontaktformular<\/a><a class=\\\"c-link\\\" href=\\\"https:\/\/estply.com\/de\/unser-team\/\\\">Unser Team<\/a><a class=\\\"c-link\\\" href=\\\"https:\/\/estply.com\/de\/meldung\/\\\">Verfahren f\u00fcr die Meldung von Regelverst\u00f6\u00dfen am Arbeitsplatz<\/a>&#8222;}]}],&#8220;section_settings&#8220;:&#8220;&#8220;},&#8220;section_SIult&#8220;:{&#8222;component&#8220;:&#8220;hc_section&#8220;,&#8220;id&#8220;:&#8220;section_SIult&#8220;,&#8220;section_width&#8220;:&#8220;&#8220;,&#8220;animation&#8220;:&#8220;&#8220;,&#8220;animation_time&#8220;:&#8220;&#8220;,&#8220;timeline_animation&#8220;:&#8220;&#8220;,&#8220;timeline_delay&#8220;:&#8220;&#8220;,&#8220;timeline_order&#8220;:&#8220;&#8220;,&#8220;vertical_row&#8220;:&#8220;&#8220;,&#8220;box_middle&#8220;:&#8220;&#8220;,&#8220;css_classes&#8220;:&#8220;&#8220;,&#8220;custom_css_classes&#8220;:&#8220;&#8220;,&#8220;custom_css_styles&#8220;:&#8220;&#8220;,&#8220;section_content&#8220;:[{&#8222;component&#8220;:&#8220;hc_column&#8220;,&#8220;id&#8220;:&#8220;column_tjRni&#8220;,&#8220;column_width&#8220;:&#8220;col-md-6&#8243;,&#8220;animation&#8220;:&#8220;&#8220;,&#8220;animation_time&#8220;:&#8220;&#8220;,&#8220;timeline_animation&#8220;:&#8220;&#8220;,&#8220;timeline_delay&#8220;:&#8220;&#8220;,&#8220;timeline_order&#8220;:&#8220;&#8220;,&#8220;css_classes&#8220;:&#8220;&#8220;,&#8220;custom_css_classes&#8220;:&#8220;&#8220;,&#8220;custom_css_styles&#8220;:&#8220;&#8220;,&#8220;main_content&#8220;:[{&#8222;component&#8220;:&#8220;hc_text_block&#8220;,&#8220;id&#8220;:&#8220;5ZtkF&#8220;,&#8220;css_classes&#8220;:&#8220;&#8220;,&#8220;custom_css_classes&#8220;:&#8220;&#8220;,&#8220;custom_css_styles&#8220;:&#8220;&#8220;,&#8220;content&#8220;:&#8220;<\/p>\n<div>\n<div class=\\\"c_nimi\\\">Verladung von sperrholz <\/div>\n<p>Tor 1<\/p><\/div>\n<p>\\nWarenverladung Mo-Fr von 08.00 bis 16.30 Uhr\\nInformationen zu Lade- und Versandzeiten:  <a class=\\\"c-link\\\" href=\\\"tel:+37253735442\\\">+372 5373 5442<\/a>\\n&#8220;},{&#8222;component&#8220;:&#8220;hc_button&#8220;,&#8220;id&#8220;:&#8220;bIx33&#8243;,&#8220;css_classes&#8220;:&#8220;&#8220;,&#8220;custom_css_classes&#8220;:&#8220;&#8220;,&#8220;custom_css_styles&#8220;:&#8220;&#8220;,&#8220;icon&#8220;:&#8220;fa fa-location-arrow&#8220;,&#8220;style&#8220;:&#8220;square&#8220;,&#8220;size&#8220;:&#8220;&#8220;,&#8220;position&#8220;:&#8220;left&#8220;,&#8220;animation&#8220;:false,&#8220;text&#8220;:&#8220;Sehen Sie sich die Position des Tors an&#8220;,&#8220;link_type&#8220;:&#8220;lightbox&#8220;,&#8220;lightbox_animation&#8220;:&#8220;&#8220;,&#8220;caption&#8220;:&#8220;&#8220;,&#8220;inner_caption&#8220;:false,&#8220;new_window&#8220;:false,&#8220;link&#8220;:&#8220;https:\/\/estply.com\/wp-content\/uploads\/2023\/03\/v1.jpg&#8220;,&#8220;link_content&#8220;:[],&#8220;lightbox_size&#8220;:&#8220;&#8220;,&#8220;scrollbox&#8220;:false},{&#8222;component&#8220;:&#8220;hc_space&#8220;,&#8220;id&#8220;:&#8220;YoAHb&#8220;,&#8220;css_classes&#8220;:&#8220;&#8220;,&#8220;custom_css_classes&#8220;:&#8220;&#8220;,&#8220;custom_css_styles&#8220;:&#8220;&#8220;,&#8220;size&#8220;:&#8220;&#8220;,&#8220;height&#8220;:&#8220;10px&#8220;}]},{&#8222;component&#8220;:&#8220;hc_column&#8220;,&#8220;id&#8220;:&#8220;column_trmVU&#8220;,&#8220;column_width&#8220;:&#8220;col-md-6&#8243;,&#8220;animation&#8220;:&#8220;&#8220;,&#8220;animation_time&#8220;:&#8220;&#8220;,&#8220;timeline_animation&#8220;:&#8220;&#8220;,&#8220;timeline_delay&#8220;:&#8220;&#8220;,&#8220;timeline_order&#8220;:&#8220;&#8220;,&#8220;css_classes&#8220;:&#8220;&#8220;,&#8220;custom_css_classes&#8220;:&#8220;&#8220;,&#8220;custom_css_styles&#8220;:&#8220;&#8220;,&#8220;main_content&#8220;:[{&#8222;component&#8220;:&#8220;hc_text_block&#8220;,&#8220;id&#8220;:&#8220;BGtF3&#8243;,&#8220;css_classes&#8220;:&#8220;&#8220;,&#8220;custom_css_classes&#8220;:&#8220;&#8220;,&#8220;custom_css_styles&#8220;:&#8220;&#8220;,&#8220;content&#8220;:&#8220;<\/p>\n<div>\n<div class=\\\"c_nimi\\\">Verladung von holz<\/div>\n<p>Tor 3<\/p><\/div>\n<p>\\nInformationen per Telefon: <a class=\\\"c-link\\\" href=\\\"tel:+37253606599\\\">+372 5360 6599<\/a>\\nForstmaterial- und Hackschnitzelinformationen auf Funkkanal Nr. 7\\n&#8220;},{&#8222;component&#8220;:&#8220;hc_button&#8220;,&#8220;id&#8220;:&#8220;6MnTP&#8220;,&#8220;css_classes&#8220;:&#8220;&#8220;,&#8220;custom_css_classes&#8220;:&#8220;&#8220;,&#8220;custom_css_styles&#8220;:&#8220;&#8220;,&#8220;icon&#8220;:&#8220;fa fa-location-arrow&#8220;,&#8220;style&#8220;:&#8220;square&#8220;,&#8220;size&#8220;:&#8220;&#8220;,&#8220;position&#8220;:&#8220;left&#8220;,&#8220;animation&#8220;:false,&#8220;text&#8220;:&#8220;Sehen Sie sich die Position des Tors an&#8220;,&#8220;link_type&#8220;:&#8220;lightbox&#8220;,&#8220;lightbox_animation&#8220;:&#8220;&#8220;,&#8220;caption&#8220;:&#8220;&#8220;,&#8220;inner_caption&#8220;:false,&#8220;new_window&#8220;:false,&#8220;link&#8220;:&#8220;https:\/\/estply.com\/wp-content\/uploads\/2023\/03\/v3.jpg&#8220;,&#8220;link_content&#8220;:[],&#8220;lightbox_size&#8220;:&#8220;&#8220;,&#8220;scrollbox&#8220;:false},{&#8222;component&#8220;:&#8220;hc_space&#8220;,&#8220;id&#8220;:&#8220;8sY04&#8243;,&#8220;css_classes&#8220;:&#8220;&#8220;,&#8220;custom_css_classes&#8220;:&#8220;&#8220;,&#8220;custom_css_styles&#8220;:&#8220;&#8220;,&#8220;size&#8220;:&#8220;&#8220;,&#8220;height&#8220;:&#8220;10px&#8220;}]},{&#8222;component&#8220;:&#8220;hc_column&#8220;,&#8220;id&#8220;:&#8220;column_35Hw9&#8243;,&#8220;column_width&#8220;:&#8220;col-md-6&#8243;,&#8220;animation&#8220;:&#8220;&#8220;,&#8220;animation_time&#8220;:&#8220;&#8220;,&#8220;timeline_animation&#8220;:&#8220;&#8220;,&#8220;timeline_delay&#8220;:&#8220;&#8220;,&#8220;timeline_order&#8220;:&#8220;&#8220;,&#8220;css_classes&#8220;:&#8220;&#8220;,&#8220;custom_css_classes&#8220;:&#8220;&#8220;,&#8220;custom_css_styles&#8220;:&#8220;&#8220;,&#8220;main_content&#8220;:[{&#8222;component&#8220;:&#8220;hc_text_block&#8220;,&#8220;id&#8220;:&#8220;VkyAj&#8220;,&#8220;css_classes&#8220;:&#8220;&#8220;,&#8220;custom_css_classes&#8220;:&#8220;&#8220;,&#8220;custom_css_styles&#8220;:&#8220;&#8220;,&#8220;content&#8220;:&#8220;<\/p>\n<div>\n<div class=\\\"c_nimi\\\">Wareneingang<\/div>\n<p>Tor 3<\/p><\/div>\n<p>\\nWarenannahme Mo-Fr 08.00 bis 16.30 Uhr\\nInformationen unter der Telefonnummer: <a class=\\\"c-link\\\" href=\\\"tel:+37253045690\\\">+372 5304 5690<\/a>\\n&#8220;},{&#8222;component&#8220;:&#8220;hc_button&#8220;,&#8220;id&#8220;:&#8220;CcP9o&#8220;,&#8220;css_classes&#8220;:&#8220;&#8220;,&#8220;custom_css_classes&#8220;:&#8220;&#8220;,&#8220;custom_css_styles&#8220;:&#8220;&#8220;,&#8220;icon&#8220;:&#8220;fa fa-location-arrow&#8220;,&#8220;style&#8220;:&#8220;square&#8220;,&#8220;size&#8220;:&#8220;&#8220;,&#8220;position&#8220;:&#8220;left&#8220;,&#8220;animation&#8220;:false,&#8220;text&#8220;:&#8220;Sehen Sie sich die Position des Tors an&#8220;,&#8220;link_type&#8220;:&#8220;lightbox&#8220;,&#8220;lightbox_animation&#8220;:&#8220;&#8220;,&#8220;caption&#8220;:&#8220;&#8220;,&#8220;inner_caption&#8220;:false,&#8220;new_window&#8220;:false,&#8220;link&#8220;:&#8220;https:\/\/estply.com\/wp-content\/uploads\/2023\/03\/v3.jpg&#8220;,&#8220;link_content&#8220;:[],&#8220;lightbox_size&#8220;:&#8220;&#8220;,&#8220;scrollbox&#8220;:false}]},{&#8222;component&#8220;:&#8220;hc_column&#8220;,&#8220;id&#8220;:&#8220;column_37RUJ&#8220;,&#8220;column_width&#8220;:&#8220;col-md-6&#8243;,&#8220;animation&#8220;:&#8220;&#8220;,&#8220;animation_time&#8220;:&#8220;&#8220;,&#8220;timeline_animation&#8220;:&#8220;&#8220;,&#8220;timeline_delay&#8220;:&#8220;&#8220;,&#8220;timeline_order&#8220;:&#8220;&#8220;,&#8220;css_classes&#8220;:&#8220;&#8220;,&#8220;custom_css_classes&#8220;:&#8220;&#8220;,&#8220;custom_css_styles&#8220;:&#8220;&#8220;,&#8220;main_content&#8220;:[]}],&#8220;section_settings&#8220;:&#8220;&#8220;},&#8220;section_K04g0&#8243;:{&#8222;component&#8220;:&#8220;hc_section&#8220;,&#8220;id&#8220;:&#8220;section_K04g0&#8243;,&#8220;section_width&#8220;:&#8220;&#8220;,&#8220;animation&#8220;:&#8220;&#8220;,&#8220;animation_time&#8220;:&#8220;&#8220;,&#8220;timeline_animation&#8220;:&#8220;&#8220;,&#8220;timeline_delay&#8220;:&#8220;&#8220;,&#8220;timeline_order&#8220;:&#8220;&#8220;,&#8220;vertical_row&#8220;:&#8220;&#8220;,&#8220;box_middle&#8220;:&#8220;&#8220;,&#8220;css_classes&#8220;:&#8220;&#8220;,&#8220;custom_css_classes&#8220;:&#8220;&#8220;,&#8220;custom_css_styles&#8220;:&#8220;&#8220;,&#8220;section_content&#8220;:[{&#8222;component&#8220;:&#8220;hc_column&#8220;,&#8220;id&#8220;:&#8220;column_Ra9da&#8220;,&#8220;column_width&#8220;:&#8220;col-md-6&#8243;,&#8220;animation&#8220;:&#8220;&#8220;,&#8220;animation_time&#8220;:&#8220;&#8220;,&#8220;timeline_animation&#8220;:&#8220;&#8220;,&#8220;timeline_delay&#8220;:&#8220;&#8220;,&#8220;timeline_order&#8220;:&#8220;&#8220;,&#8220;css_classes&#8220;:&#8220;&#8220;,&#8220;custom_css_classes&#8220;:&#8220;&#8220;,&#8220;custom_css_styles&#8220;:&#8220;&#8220;,&#8220;main_content&#8220;:[{&#8222;component&#8220;:&#8220;hc_text_block&#8220;,&#8220;id&#8220;:&#8220;sevfj&#8220;,&#8220;css_classes&#8220;:&#8220;&#8220;,&#8220;custom_css_classes&#8220;:&#8220;&#8220;,&#8220;custom_css_styles&#8220;:&#8220;&#8220;,&#8220;content&#8220;:&#8220;<\/p>\n<div class=\\\"c_nimi\\\">Allgemeine angaben des unternehmens<\/div>\n<p>\\n<strong>Estonian Plywood AS<\/strong>\\nKase, Viruvere, 48435, J\u00f5geva vald, Estland\\n&#8220;},{&#8222;component&#8220;:&#8220;hc_button&#8220;,&#8220;id&#8220;:&#8220;CEGsm&#8220;,&#8220;css_classes&#8220;:&#8220;&#8220;,&#8220;custom_css_classes&#8220;:&#8220;&#8220;,&#8220;custom_css_styles&#8220;:&#8220;&#8220;,&#8220;icon&#8220;:&#8220;fa fa-location-arrow&#8220;,&#8220;style&#8220;:&#8220;square&#8220;,&#8220;size&#8220;:&#8220;&#8220;,&#8220;position&#8220;:&#8220;left&#8220;,&#8220;animation&#8220;:false,&#8220;text&#8220;:&#8220;Navigieren&#8220;,&#8220;link_type&#8220;:&#8220;classic&#8220;,&#8220;lightbox_animation&#8220;:&#8220;&#8220;,&#8220;caption&#8220;:&#8220;&#8220;,&#8220;inner_caption&#8220;:false,&#8220;new_window&#8220;:false,&#8220;link&#8220;:&#8220;https:\/\/www.google.com\/maps\/dir\/?api=1&#038;destination=58.7538765,26.3132128,17&#8243;,&#8220;link_content&#8220;:[],&#8220;lightbox_size&#8220;:&#8220;&#8220;,&#8220;scrollbox&#8220;:false},{&#8222;component&#8220;:&#8220;hc_text_block&#8220;,&#8220;id&#8220;:&#8220;PJNsJ&#8220;,&#8220;css_classes&#8220;:&#8220;&#8220;,&#8220;custom_css_classes&#8220;:&#8220;&#8220;,&#8220;custom_css_styles&#8220;:&#8220;&#8220;,&#8220;content&#8220;:&#8220;E-mail <a class=\\\"c-link\\\" href=\\\"mailto:info@estply.com\\\">info@estply.com<\/a>\\nAllgemeine Telefonnummer: <a class=\\\"c-link\\\" href=\\\"tel:+3727769000\\\">+372 776 9000<\/a>\\n\\nEingetragene Unternehmensnummer 14301076\\nMwSt.-Nr.:  EE101996398&#8243;}]},{&#8222;component&#8220;:&#8220;hc_column&#8220;,&#8220;id&#8220;:&#8220;column_JIel2&#8243;,&#8220;column_width&#8220;:&#8220;col-md-6&#8243;,&#8220;animation&#8220;:&#8220;&#8220;,&#8220;animation_time&#8220;:&#8220;&#8220;,&#8220;timeline_animation&#8220;:&#8220;&#8220;,&#8220;timeline_delay&#8220;:&#8220;&#8220;,&#8220;timeline_order&#8220;:&#8220;&#8220;,&#8220;css_classes&#8220;:&#8220;&#8220;,&#8220;custom_css_classes&#8220;:&#8220;&#8220;,&#8220;custom_css_styles&#8220;:&#8220;&#8220;,&#8220;main_content&#8220;:[{&#8222;component&#8220;:&#8220;hc_google_map&#8220;,&#8220;id&#8220;:&#8220;jPOCk&#8220;,&#8220;css_classes&#8220;:&#8220;&#8220;,&#8220;custom_css_classes&#8220;:&#8220;&#8220;,&#8220;custom_css_styles&#8220;:&#8220;&#8220;,&#8220;map_coordinates&#8220;:&#8220;&#8220;,&#8220;map_height&#8220;:&#8220;600&#8243;,&#8220;map_address&#8220;:&#8220;&#8220;,&#8220;map_zoom&#8220;:&#8220;10&#8243;,&#8220;marker_image&#8220;:&#8220;&#8220;,&#8220;marker_position&#8220;:&#8220;&#8220;,&#8220;marker_position_top&#8220;:&#8220;&#8220;,&#8220;marker_position_left&#8220;:&#8220;&#8220;,&#8220;map_skin&#8220;:&#8220;&#8220;,&#8220;trigger&#8220;:&#8220;&#8220;}]}],&#8220;section_settings&#8220;:&#8220;&#8220;},&#8220;scripts&#8220;:{&#8222;lightbox&#8220;:&#8220;jquery.magnific-popup.min.js&#8220;,&#8220;gmaps&#8220;:&#8220;google.maps.min.js&#8220;,&#8220;gmaps_api&#8220;:&#8220;https:\/\/maps.googleapis.com\/maps\/api\/js?sensor=false&#8220;},&#8220;css&#8220;:{&#8222;lightbox&#8220;:&#8220;scripts\/magnific-popup.css&#8220;},&#8220;css_page&#8220;:&#8220;.contact {\\n    margin-top: 10px;\\n}\\n\\n.c_nimi {\\n    font-size: 30px;\\n    font-weight: 800;\\n    line-height: 36px;\\n}\\n\\n.title {\\n    font-style: italic;\\n    margin-bottom: -20px;\\n}\\n\\nh4 {\\n    font-size: 26px;\\n    color: #464a4c !important;\\n}\\n\\na.c-link {\\n    margin-right: 20px;\\n    border-bottom: 4px solid #fcd2ac;\\n    padding-bottom: 3px;\\n    padding-right: 5px;\\n    padding-left: 5px;\\n}&#8220;,&#8220;template_setting&#8220;:{&#8222;settings&#8220;:{&#8222;id&#8220;:&#8220;settings&#8220;}},&#8220;template_setting_top&#8220;:{},&#8220;page_setting&#8220;:{&#8222;settings&#8220;:[&#8222;lock-mode-off&#8220;]}}<\/p>\n","protected":false},"excerpt":{"rendered":"<p>{&#8222;main-title&#8220;:{&#8222;component&#8220;:&#8220;hc_title&#8220;,&#8220;id&#8220;:&#8220;main-title&#8220;,&#8220;title&#8220;:&#8220;Contact us&#8220;,&#8220;subtitle&#8220;:&#8220;&#8220;,&#8220;title_content&#8220;:{&#8222;component&#8220;:&#8220;hc_title_empty&#8220;,&#8220;id&#8220;:&#8220;title-empty&#8220;}},&#8220;section_3MFvc&#8220;:{&#8222;component&#8220;:&#8220;hc_section&#8220;,&#8220;id&#8220;:&#8220;section_3MFvc&#8220;,&#8220;section_width&#8220;:&#8220;&#8220;,&#8220;animation&#8220;:&#8220;&#8220;,&#8220;animation_time&#8220;:&#8220;&#8220;,&#8220;timeline_animation&#8220;:&#8220;&#8220;,&#8220;timeline_delay&#8220;:&#8220;&#8220;,&#8220;timeline_order&#8220;:&#8220;&#8220;,&#8220;vertical_row&#8220;:&#8220;&#8220;,&#8220;box_middle&#8220;:&#8220;&#8220;,&#8220;css_classes&#8220;:&#8220;&#8220;,&#8220;custom_css_classes&#8220;:&#8220;&#8220;,&#8220;custom_css_styles&#8220;:&#8220;&#8220;,&#8220;section_content&#8220;:[{&#8222;component&#8220;:&#8220;hc_column&#8220;,&#8220;id&#8220;:&#8220;column_0OPvQ&#8220;,&#8220;column_width&#8220;:&#8220;col-md-12&#8243;,&#8220;animation&#8220;:&#8220;&#8220;,&#8220;animation_time&#8220;:&#8220;&#8220;,&#8220;timeline_animation&#8220;:&#8220;&#8220;,&#8220;timeline_delay&#8220;:&#8220;&#8220;,&#8220;timeline_order&#8220;:&#8220;&#8220;,&#8220;css_classes&#8220;:&#8220;&#8220;,&#8220;custom_css_classes&#8220;:&#8220;&#8220;,&#8220;custom_css_styles&#8220;:&#8220;&#8220;,&#8220;main_content&#8220;:[{&#8222;component&#8220;:&#8220;hc_space&#8220;,&#8220;id&#8220;:&#8220;f9PFd&#8220;,&#8220;css_classes&#8220;:&#8220;&#8220;,&#8220;custom_css_classes&#8220;:&#8220;&#8220;,&#8220;custom_css_styles&#8220;:&#8220;&#8220;,&#8220;size&#8220;:&#8220;&#8220;,&#8220;height&#8220;:&#8220;&#8220;},{&#8222;component&#8220;:&#8220;hc_text_block&#8220;,&#8220;id&#8220;:&#8220;MRlj7&#8243;,&#8220;css_classes&#8220;:&#8220;&#8220;,&#8220;custom_css_classes&#8220;:&#8220;&#8220;,&#8220;custom_css_styles&#8220;:&#8220;&#8220;,&#8220;content&#8220;:&#8220;KontaktinformationenKontaktformularUnser TeamVerfahren f\u00fcr die Meldung von Regelverst\u00f6\u00dfen am Arbeitsplatz&#8222;}]}],&#8220;section_settings&#8220;:&#8220;&#8220;},&#8220;section_SIult&#8220;:{&#8222;component&#8220;:&#8220;hc_section&#8220;,&#8220;id&#8220;:&#8220;section_SIult&#8220;,&#8220;section_width&#8220;:&#8220;&#8220;,&#8220;animation&#8220;:&#8220;&#8220;,&#8220;animation_time&#8220;:&#8220;&#8220;,&#8220;timeline_animation&#8220;:&#8220;&#8220;,&#8220;timeline_delay&#8220;:&#8220;&#8220;,&#8220;timeline_order&#8220;:&#8220;&#8220;,&#8220;vertical_row&#8220;:&#8220;&#8220;,&#8220;box_middle&#8220;:&#8220;&#8220;,&#8220;css_classes&#8220;:&#8220;&#8220;,&#8220;custom_css_classes&#8220;:&#8220;&#8220;,&#8220;custom_css_styles&#8220;:&#8220;&#8220;,&#8220;section_content&#8220;:[{&#8222;component&#8220;:&#8220;hc_column&#8220;,&#8220;id&#8220;:&#8220;column_tjRni&#8220;,&#8220;column_width&#8220;:&#8220;col-md-6&#8243;,&#8220;animation&#8220;:&#8220;&#8220;,&#8220;animation_time&#8220;:&#8220;&#8220;,&#8220;timeline_animation&#8220;:&#8220;&#8220;,&#8220;timeline_delay&#8220;:&#8220;&#8220;,&#8220;timeline_order&#8220;:&#8220;&#8220;,&#8220;css_classes&#8220;:&#8220;&#8220;,&#8220;custom_css_classes&#8220;:&#8220;&#8220;,&#8220;custom_css_styles&#8220;:&#8220;&#8220;,&#8220;main_content&#8220;:[{&#8222;component&#8220;:&#8220;hc_text_block&#8220;,&#8220;id&#8220;:&#8220;5ZtkF&#8220;,&#8220;css_classes&#8220;:&#8220;&#8220;,&#8220;custom_css_classes&#8220;:&#8220;&#8220;,&#8220;custom_css_styles&#8220;:&#8220;&#8220;,&#8220;content&#8220;:&#8220; Verladung von sperrholz Tor 1 \\nWarenverladung Mo-Fr von 08.00 bis 16.30 Uhr\\nInformationen zu Lade- und Versandzeiten: +372 5373 5442\\n&#8220;},{&#8222;component&#8220;:&#8220;hc_button&#8220;,&#8220;id&#8220;:&#8220;bIx33&#8243;,&#8220;css_classes&#8220;:&#8220;&#8220;,&#8220;custom_css_classes&#8220;:&#8220;&#8220;,&#8220;custom_css_styles&#8220;:&#8220;&#8220;,&#8220;icon&#8220;:&#8220;fa fa-location-arrow&#8220;,&#8220;style&#8220;:&#8220;square&#8220;,&#8220;size&#8220;:&#8220;&#8220;,&#8220;position&#8220;:&#8220;left&#8220;,&#8220;animation&#8220;:false,&#8220;text&#8220;:&#8220;Sehen Sie sich die Position des Tors an&#8220;,&#8220;link_type&#8220;:&#8220;lightbox&#8220;,&#8220;lightbox_animation&#8220;:&#8220;&#8220;,&#8220;caption&#8220;:&#8220;&#8220;,&#8220;inner_caption&#8220;:false,&#8220;new_window&#8220;:false,&#8220;link&#8220;:&#8220;https:\/\/estply.com\/wp-content\/uploads\/2023\/03\/v1.jpg&#8220;,&#8220;link_content&#8220;:[],&#8220;lightbox_size&#8220;:&#8220;&#8220;,&#8220;scrollbox&#8220;:false},{&#8222;component&#8220;:&#8220;hc_space&#8220;,&#8220;id&#8220;:&#8220;YoAHb&#8220;,&#8220;css_classes&#8220;:&#8220;&#8220;,&#8220;custom_css_classes&#8220;:&#8220;&#8220;,&#8220;custom_css_styles&#8220;:&#8220;&#8220;,&#8220;size&#8220;:&#8220;&#8220;,&#8220;height&#8220;:&#8220;10px&#8220;}]},{&#8222;component&#8220;:&#8220;hc_column&#8220;,&#8220;id&#8220;:&#8220;column_trmVU&#8220;,&#8220;column_width&#8220;:&#8220;col-md-6&#8243;,&#8220;animation&#8220;:&#8220;&#8220;,&#8220;animation_time&#8220;:&#8220;&#8220;,&#8220;timeline_animation&#8220;:&#8220;&#8220;,&#8220;timeline_delay&#8220;:&#8220;&#8220;,&#8220;timeline_order&#8220;:&#8220;&#8220;,&#8220;css_classes&#8220;:&#8220;&#8220;,&#8220;custom_css_classes&#8220;:&#8220;&#8220;,&#8220;custom_css_styles&#8220;:&#8220;&#8220;,&#8220;main_content&#8220;:[{&#8222;component&#8220;:&#8220;hc_text_block&#8220;,&#8220;id&#8220;:&#8220;BGtF3&#8243;,&#8220;css_classes&#8220;:&#8220;&#8220;,&#8220;custom_css_classes&#8220;:&#8220;&#8220;,&#8220;custom_css_styles&#8220;:&#8220;&#8220;,&#8220;content&#8220;:&#8220; Verladung von holz Tor 3 \\nInformationen per Telefon: +372 5360 6599\\nForstmaterial- und Hackschnitzelinformationen auf Funkkanal Nr. 7\\n&#8220;},{&#8222;component&#8220;:&#8220;hc_button&#8220;,&#8220;id&#8220;:&#8220;6MnTP&#8220;,&#8220;css_classes&#8220;:&#8220;&#8220;,&#8220;custom_css_classes&#8220;:&#8220;&#8220;,&#8220;custom_css_styles&#8220;:&#8220;&#8220;,&#8220;icon&#8220;:&#8220;fa fa-location-arrow&#8220;,&#8220;style&#8220;:&#8220;square&#8220;,&#8220;size&#8220;:&#8220;&#8220;,&#8220;position&#8220;:&#8220;left&#8220;,&#8220;animation&#8220;:false,&#8220;text&#8220;:&#8220;Sehen [&hellip;]<\/p>\n","protected":false},"author":2,"featured_media":0,"parent":0,"menu_order":0,"comment_status":"closed","ping_status":"closed","template":"","meta":{"footnotes":""},"class_list":["post-999959018","page","type-page","status-publish","hentry"],"_links":{"self":[{"href":"https:\/\/estply.com\/de\/wp-json\/wp\/v2\/pages\/999959018"}],"collection":[{"href":"https:\/\/estply.com\/de\/wp-json\/wp\/v2\/pages"}],"about":[{"href":"https:\/\/estply.com\/de\/wp-json\/wp\/v2\/types\/page"}],"author":[{"embeddable":true,"href":"https:\/\/estply.com\/de\/wp-json\/wp\/v2\/users\/2"}],"replies":[{"embeddable":true,"href":"https:\/\/estply.com\/de\/wp-json\/wp\/v2\/comments?post=999959018"}],"version-history":[{"count":11,"href":"https:\/\/estply.com\/de\/wp-json\/wp\/v2\/pages\/999959018\/revisions"}],"predecessor-version":[{"id":999959621,"href":"https:\/\/estply.com\/de\/wp-json\/wp\/v2\/pages\/999959018\/revisions\/999959621"}],"wp:attachment":[{"href":"https:\/\/estply.com\/de\/wp-json\/wp\/v2\/media?parent=999959018"}],"curies":[{"name":"wp","href":"https:\/\/api.w.org\/{rel}","templated":true}]}}