{"id":999959003,"date":"2023-03-02T19:33:10","date_gmt":"2023-03-02T19:33:10","guid":{"rendered":"https:\/\/estply.com\/kontaktivorm\/"},"modified":"2025-04-04T14:31:24","modified_gmt":"2025-04-04T14:31:24","slug":"kontaktformular","status":"publish","type":"page","link":"https:\/\/estply.com\/de\/kontaktformular\/","title":{"rendered":"Kontaktformular"},"content":{"rendered":"<!-- Added by Post\/Page specific custom CSS plugin, thank you for using! -->\n<style>img {\r\n    border-radius: 10px;\r\n}<\/style>\n<p>{&#8222;main-title&#8220;:{&#8222;component&#8220;:&#8220;hc_title&#8220;,&#8220;id&#8220;:&#8220;main-title&#8220;,&#8220;title&#8220;:&#8220;Contact us&#8220;,&#8220;subtitle&#8220;:&#8220;&#8220;,&#8220;title_content&#8220;:{&#8222;component&#8220;:&#8220;hc_title_empty&#8220;,&#8220;id&#8220;:&#8220;title-empty&#8220;}},&#8220;section_3MFvc&#8220;:{&#8222;component&#8220;:&#8220;hc_section&#8220;,&#8220;id&#8220;:&#8220;section_3MFvc&#8220;,&#8220;section_width&#8220;:&#8220;&#8220;,&#8220;animation&#8220;:&#8220;&#8220;,&#8220;animation_time&#8220;:&#8220;&#8220;,&#8220;timeline_animation&#8220;:&#8220;&#8220;,&#8220;timeline_delay&#8220;:&#8220;&#8220;,&#8220;timeline_order&#8220;:&#8220;&#8220;,&#8220;vertical_row&#8220;:&#8220;&#8220;,&#8220;box_middle&#8220;:&#8220;&#8220;,&#8220;css_classes&#8220;:&#8220;&#8220;,&#8220;custom_css_classes&#8220;:&#8220;&#8220;,&#8220;custom_css_styles&#8220;:&#8220;&#8220;,&#8220;section_content&#8220;:[{&#8222;component&#8220;:&#8220;hc_column&#8220;,&#8220;id&#8220;:&#8220;column_0OPvQ&#8220;,&#8220;column_width&#8220;:&#8220;col-md-12&#8243;,&#8220;animation&#8220;:&#8220;&#8220;,&#8220;animation_time&#8220;:&#8220;&#8220;,&#8220;timeline_animation&#8220;:&#8220;&#8220;,&#8220;timeline_delay&#8220;:&#8220;&#8220;,&#8220;timeline_order&#8220;:&#8220;&#8220;,&#8220;css_classes&#8220;:&#8220;&#8220;,&#8220;custom_css_classes&#8220;:&#8220;&#8220;,&#8220;custom_css_styles&#8220;:&#8220;&#8220;,&#8220;main_content&#8220;:[{&#8222;component&#8220;:&#8220;hc_space&#8220;,&#8220;id&#8220;:&#8220;f9PFd&#8220;,&#8220;css_classes&#8220;:&#8220;&#8220;,&#8220;custom_css_classes&#8220;:&#8220;&#8220;,&#8220;custom_css_styles&#8220;:&#8220;&#8220;,&#8220;size&#8220;:&#8220;&#8220;,&#8220;height&#8220;:&#8220;&#8220;},{&#8222;component&#8220;:&#8220;hc_text_block&#8220;,&#8220;id&#8220;:&#8220;MRlj7&#8243;,&#8220;css_classes&#8220;:&#8220;&#8220;,&#8220;custom_css_classes&#8220;:&#8220;&#8220;,&#8220;custom_css_styles&#8220;:&#8220;&#8220;,&#8220;content&#8220;:&#8220;<a class=\\\"c-link\\\" href=\\\"https:\/\/estply.com\/de\/kontaktinformationen\/\\\">Kontaktinformationen<\/a><strong><a class=\\\"c-link\\\" href=\\\"https:\/\/estply.com\/de\/kontaktformular\/\\\">Kontaktformular<\/a><\/strong><a class=\\\"c-link\\\" href=\\\"https:\/\/estply.com\/de\/unser-team\/\\\">Unser Team<\/a><a class=\\\"c-link\\\" href=\\\"https:\/\/estply.com\/de\/meldung\/\\\">Verfahren f\u00fcr die Meldung von Regelverst\u00f6\u00dfen am Arbeitsplatz<\/a>&#8222;}]}],&#8220;section_settings&#8220;:&#8220;&#8220;},&#8220;section_SIult&#8220;:{&#8222;component&#8220;:&#8220;hc_section&#8220;,&#8220;id&#8220;:&#8220;section_SIult&#8220;,&#8220;section_width&#8220;:&#8220;&#8220;,&#8220;animation&#8220;:&#8220;&#8220;,&#8220;animation_time&#8220;:&#8220;&#8220;,&#8220;timeline_animation&#8220;:&#8220;&#8220;,&#8220;timeline_delay&#8220;:&#8220;&#8220;,&#8220;timeline_order&#8220;:&#8220;&#8220;,&#8220;vertical_row&#8220;:&#8220;&#8220;,&#8220;box_middle&#8220;:&#8220;&#8220;,&#8220;css_classes&#8220;:&#8220;&#8220;,&#8220;custom_css_classes&#8220;:&#8220;&#8220;,&#8220;custom_css_styles&#8220;:&#8220;&#8220;,&#8220;section_content&#8220;:[{&#8222;component&#8220;:&#8220;hc_column&#8220;,&#8220;id&#8220;:&#8220;column_tjRni&#8220;,&#8220;column_width&#8220;:&#8220;col-md-6&#8243;,&#8220;animation&#8220;:&#8220;&#8220;,&#8220;animation_time&#8220;:&#8220;&#8220;,&#8220;timeline_animation&#8220;:&#8220;&#8220;,&#8220;timeline_delay&#8220;:&#8220;&#8220;,&#8220;timeline_order&#8220;:&#8220;&#8220;,&#8220;css_classes&#8220;:&#8220;&#8220;,&#8220;custom_css_classes&#8220;:&#8220;&#8220;,&#8220;custom_css_styles&#8220;:&#8220;&#8220;,&#8220;main_content&#8220;:[{&#8222;component&#8220;:&#8220;hc_contact_form&#8220;,&#8220;id&#8220;:&#8220;5ZtkF&#8220;,&#8220;css_classes&#8220;:&#8220;&#8220;,&#8220;custom_css_classes&#8220;:&#8220;&#8220;,&#8220;custom_css_styles&#8220;:&#8220;&#8220;,&#8220;rows&#8220;:[{&#8222;component&#8220;:&#8220;repeater_item&#8220;,&#8220;id&#8220;:&#8220;VdW7e&#8220;,&#8220;input_type&#8220;:&#8220;text&#8220;,&#8220;column&#8220;:&#8220;col-md-12&#8243;,&#8220;required&#8220;:true,&#8220;text&#8220;:&#8220;Name&#8220;},{&#8222;component&#8220;:&#8220;repeater_item&#8220;,&#8220;id&#8220;:&#8220;8uMco&#8220;,&#8220;input_type&#8220;:&#8220;text&#8220;,&#8220;column&#8220;:&#8220;col-md-12&#8243;,&#8220;required&#8220;:false,&#8220;text&#8220;:&#8220;Unternehmen&#8220;},{&#8222;component&#8220;:&#8220;repeater_item&#8220;,&#8220;id&#8220;:&#8220;UXSFN&#8220;,&#8220;input_type&#8220;:&#8220;email&#8220;,&#8220;column&#8220;:&#8220;col-md-12&#8243;,&#8220;required&#8220;:true,&#8220;text&#8220;:&#8220;E-Mail-Adresse&#8220;},{&#8222;component&#8220;:&#8220;repeater_item&#8220;,&#8220;id&#8220;:&#8220;ZqGzr&#8220;,&#8220;input_type&#8220;:&#8220;number&#8220;,&#8220;column&#8220;:&#8220;col-md-12&#8243;,&#8220;required&#8220;:true,&#8220;text&#8220;:&#8220;Telefonnummer&#8220;},{&#8222;component&#8220;:&#8220;repeater_item&#8220;,&#8220;id&#8220;:&#8220;y7iz6&#8243;,&#8220;input_type&#8220;:&#8220;textarea&#8220;,&#8220;column&#8220;:&#8220;col-md-12&#8243;,&#8220;required&#8220;:true,&#8220;text&#8220;:&#8220;Ihre Nachricht&#8220;}],&#8220;recipient_email&#8220;:&#8220;info@estply.com&#8220;,&#8220;subject&#8220;:&#8220;&#8220;,&#8220;label&#8220;:true,&#8220;placeholder&#8220;:true,&#8220;button_text&#8220;:&#8220;Absenden&#8220;,&#8220;button_style&#8220;:&#8220;circle&#8220;,&#8220;button_dimensions&#8220;:&#8220;&#8220;,&#8220;button_animation&#8220;:false,&#8220;button_position&#8220;:&#8220;left&#8220;,&#8220;button_icon&#8220;:&#8220;&#8220;,&#8220;checkbox&#8220;:&#8220;&#8220;,&#8220;success_message&#8220;:&#8220;Message sent successfully&#8220;,&#8220;error_message&#8220;:&#8220;Error sending the message&#8220;},{&#8222;component&#8220;:&#8220;hc_space&#8220;,&#8220;id&#8220;:&#8220;YpIml&#8220;,&#8220;css_classes&#8220;:&#8220;&#8220;,&#8220;custom_css_classes&#8220;:&#8220;&#8220;,&#8220;custom_css_styles&#8220;:&#8220;&#8220;,&#8220;size&#8220;:&#8220;&#8220;,&#8220;height&#8220;:&#8220;20&#8243;},{&#8222;component&#8220;:&#8220;hc_text_block&#8220;,&#8220;id&#8220;:&#8220;bLOiy&#8220;,&#8220;css_classes&#8220;:&#8220;&#8220;,&#8220;custom_css_classes&#8220;:&#8220;&#8220;,&#8220;custom_css_styles&#8220;:&#8220;&#8220;,&#8220;content&#8220;:&#8220;Mit dem Absenden dieser Nachricht stimmen Sie unserer <a class=\\\"c-link\\\" href=\\\"https:\/\/estply.com\/de\/datenschutzbestimmungen\/\\\">Datenschutzerkl\u00e4rung zu<\/a>.&#8220;}]},{&#8222;component&#8220;:&#8220;hc_column&#8220;,&#8220;id&#8220;:&#8220;column_trmVU&#8220;,&#8220;column_width&#8220;:&#8220;col-md-6&#8243;,&#8220;animation&#8220;:&#8220;&#8220;,&#8220;animation_time&#8220;:&#8220;&#8220;,&#8220;timeline_animation&#8220;:&#8220;&#8220;,&#8220;timeline_delay&#8220;:&#8220;&#8220;,&#8220;timeline_order&#8220;:&#8220;&#8220;,&#8220;css_classes&#8220;:&#8220;&#8220;,&#8220;custom_css_classes&#8220;:&#8220;&#8220;,&#8220;custom_css_styles&#8220;:&#8220;&#8220;,&#8220;main_content&#8220;:[{&#8222;component&#8220;:&#8220;hc_image&#8220;,&#8220;id&#8220;:&#8220;iEOAU&#8220;,&#8220;css_classes&#8220;:&#8220;&#8220;,&#8220;custom_css_classes&#8220;:&#8220;&#8220;,&#8220;custom_css_styles&#8220;:&#8220;&#8220;,&#8220;image&#8220;:&#8220;https:\/\/estply.com\/wp-content\/uploads\/2023\/03\/00015-1024&#215;1024.png|1520|1520|999958911&#8243;,&#8220;alt&#8220;:&#8220;&#8220;,&#8220;thumb_size&#8220;:&#8220;large&#8220;}]},{&#8222;component&#8220;:&#8220;hc_column&#8220;,&#8220;id&#8220;:&#8220;column_37RUJ&#8220;,&#8220;column_width&#8220;:&#8220;col-md-6&#8243;,&#8220;animation&#8220;:&#8220;&#8220;,&#8220;animation_time&#8220;:&#8220;&#8220;,&#8220;timeline_animation&#8220;:&#8220;&#8220;,&#8220;timeline_delay&#8220;:&#8220;&#8220;,&#8220;timeline_order&#8220;:&#8220;&#8220;,&#8220;css_classes&#8220;:&#8220;&#8220;,&#8220;custom_css_classes&#8220;:&#8220;&#8220;,&#8220;custom_css_styles&#8220;:&#8220;&#8220;,&#8220;main_content&#8220;:[]}],&#8220;section_settings&#8220;:&#8220;&#8220;},&#8220;scripts&#8220;:{&#8222;contact_form&#8220;:&#8220;php\/contact-form.js&#8220;,&#8220;datepicker&#8220;:&#8220;php\/datepicker.min.js&#8220;},&#8220;css&#8220;:{&#8222;contact_form&#8220;:&#8220;scripts\/php\/contact-form.css&#8220;},&#8220;css_page&#8220;:&#8220;.contact {\\n    margin-top: 10px;\\n}\\n\\n.c_nimi {\\n    font-size: 30px;\\n    font-weight: 800;\\n    line-height: 36px;\\n}\\n\\n.title {\\n    font-style: italic;\\n    margin-bottom: -20px;\\n}\\n\\nh4 {\\n    font-size: 26px;\\n    color: #464a4c !important;\\n}\\n\\na.c-link {\\n    margin-right: 20px;\\n    border-bottom: 4px solid #fcd2ac;\\n    padding-bottom: 3px;\\n    padding-right: 5px;\\n    padding-left: 5px;\\n}&#8220;,&#8220;template_setting&#8220;:{&#8222;settings&#8220;:{&#8222;id&#8220;:&#8220;settings&#8220;}},&#8220;template_setting_top&#8220;:{},&#8220;page_setting&#8220;:{&#8222;settings&#8220;:[&#8222;lock-mode-off&#8220;]}}<\/p>\n","protected":false},"excerpt":{"rendered":"<p>{&#8222;main-title&#8220;:{&#8222;component&#8220;:&#8220;hc_title&#8220;,&#8220;id&#8220;:&#8220;main-title&#8220;,&#8220;title&#8220;:&#8220;Contact us&#8220;,&#8220;subtitle&#8220;:&#8220;&#8220;,&#8220;title_content&#8220;:{&#8222;component&#8220;:&#8220;hc_title_empty&#8220;,&#8220;id&#8220;:&#8220;title-empty&#8220;}},&#8220;section_3MFvc&#8220;:{&#8222;component&#8220;:&#8220;hc_section&#8220;,&#8220;id&#8220;:&#8220;section_3MFvc&#8220;,&#8220;section_width&#8220;:&#8220;&#8220;,&#8220;animation&#8220;:&#8220;&#8220;,&#8220;animation_time&#8220;:&#8220;&#8220;,&#8220;timeline_animation&#8220;:&#8220;&#8220;,&#8220;timeline_delay&#8220;:&#8220;&#8220;,&#8220;timeline_order&#8220;:&#8220;&#8220;,&#8220;vertical_row&#8220;:&#8220;&#8220;,&#8220;box_middle&#8220;:&#8220;&#8220;,&#8220;css_classes&#8220;:&#8220;&#8220;,&#8220;custom_css_classes&#8220;:&#8220;&#8220;,&#8220;custom_css_styles&#8220;:&#8220;&#8220;,&#8220;section_content&#8220;:[{&#8222;component&#8220;:&#8220;hc_column&#8220;,&#8220;id&#8220;:&#8220;column_0OPvQ&#8220;,&#8220;column_width&#8220;:&#8220;col-md-12&#8243;,&#8220;animation&#8220;:&#8220;&#8220;,&#8220;animation_time&#8220;:&#8220;&#8220;,&#8220;timeline_animation&#8220;:&#8220;&#8220;,&#8220;timeline_delay&#8220;:&#8220;&#8220;,&#8220;timeline_order&#8220;:&#8220;&#8220;,&#8220;css_classes&#8220;:&#8220;&#8220;,&#8220;custom_css_classes&#8220;:&#8220;&#8220;,&#8220;custom_css_styles&#8220;:&#8220;&#8220;,&#8220;main_content&#8220;:[{&#8222;component&#8220;:&#8220;hc_space&#8220;,&#8220;id&#8220;:&#8220;f9PFd&#8220;,&#8220;css_classes&#8220;:&#8220;&#8220;,&#8220;custom_css_classes&#8220;:&#8220;&#8220;,&#8220;custom_css_styles&#8220;:&#8220;&#8220;,&#8220;size&#8220;:&#8220;&#8220;,&#8220;height&#8220;:&#8220;&#8220;},{&#8222;component&#8220;:&#8220;hc_text_block&#8220;,&#8220;id&#8220;:&#8220;MRlj7&#8243;,&#8220;css_classes&#8220;:&#8220;&#8220;,&#8220;custom_css_classes&#8220;:&#8220;&#8220;,&#8220;custom_css_styles&#8220;:&#8220;&#8220;,&#8220;content&#8220;:&#8220;KontaktinformationenKontaktformularUnser TeamVerfahren f\u00fcr die Meldung von Regelverst\u00f6\u00dfen am Arbeitsplatz&#8222;}]}],&#8220;section_settings&#8220;:&#8220;&#8220;},&#8220;section_SIult&#8220;:{&#8222;component&#8220;:&#8220;hc_section&#8220;,&#8220;id&#8220;:&#8220;section_SIult&#8220;,&#8220;section_width&#8220;:&#8220;&#8220;,&#8220;animation&#8220;:&#8220;&#8220;,&#8220;animation_time&#8220;:&#8220;&#8220;,&#8220;timeline_animation&#8220;:&#8220;&#8220;,&#8220;timeline_delay&#8220;:&#8220;&#8220;,&#8220;timeline_order&#8220;:&#8220;&#8220;,&#8220;vertical_row&#8220;:&#8220;&#8220;,&#8220;box_middle&#8220;:&#8220;&#8220;,&#8220;css_classes&#8220;:&#8220;&#8220;,&#8220;custom_css_classes&#8220;:&#8220;&#8220;,&#8220;custom_css_styles&#8220;:&#8220;&#8220;,&#8220;section_content&#8220;:[{&#8222;component&#8220;:&#8220;hc_column&#8220;,&#8220;id&#8220;:&#8220;column_tjRni&#8220;,&#8220;column_width&#8220;:&#8220;col-md-6&#8243;,&#8220;animation&#8220;:&#8220;&#8220;,&#8220;animation_time&#8220;:&#8220;&#8220;,&#8220;timeline_animation&#8220;:&#8220;&#8220;,&#8220;timeline_delay&#8220;:&#8220;&#8220;,&#8220;timeline_order&#8220;:&#8220;&#8220;,&#8220;css_classes&#8220;:&#8220;&#8220;,&#8220;custom_css_classes&#8220;:&#8220;&#8220;,&#8220;custom_css_styles&#8220;:&#8220;&#8220;,&#8220;main_content&#8220;:[{&#8222;component&#8220;:&#8220;hc_contact_form&#8220;,&#8220;id&#8220;:&#8220;5ZtkF&#8220;,&#8220;css_classes&#8220;:&#8220;&#8220;,&#8220;custom_css_classes&#8220;:&#8220;&#8220;,&#8220;custom_css_styles&#8220;:&#8220;&#8220;,&#8220;rows&#8220;:[{&#8222;component&#8220;:&#8220;repeater_item&#8220;,&#8220;id&#8220;:&#8220;VdW7e&#8220;,&#8220;input_type&#8220;:&#8220;text&#8220;,&#8220;column&#8220;:&#8220;col-md-12&#8243;,&#8220;required&#8220;:true,&#8220;text&#8220;:&#8220;Name&#8220;},{&#8222;component&#8220;:&#8220;repeater_item&#8220;,&#8220;id&#8220;:&#8220;8uMco&#8220;,&#8220;input_type&#8220;:&#8220;text&#8220;,&#8220;column&#8220;:&#8220;col-md-12&#8243;,&#8220;required&#8220;:false,&#8220;text&#8220;:&#8220;Unternehmen&#8220;},{&#8222;component&#8220;:&#8220;repeater_item&#8220;,&#8220;id&#8220;:&#8220;UXSFN&#8220;,&#8220;input_type&#8220;:&#8220;email&#8220;,&#8220;column&#8220;:&#8220;col-md-12&#8243;,&#8220;required&#8220;:true,&#8220;text&#8220;:&#8220;E-Mail-Adresse&#8220;},{&#8222;component&#8220;:&#8220;repeater_item&#8220;,&#8220;id&#8220;:&#8220;ZqGzr&#8220;,&#8220;input_type&#8220;:&#8220;number&#8220;,&#8220;column&#8220;:&#8220;col-md-12&#8243;,&#8220;required&#8220;:true,&#8220;text&#8220;:&#8220;Telefonnummer&#8220;},{&#8222;component&#8220;:&#8220;repeater_item&#8220;,&#8220;id&#8220;:&#8220;y7iz6&#8243;,&#8220;input_type&#8220;:&#8220;textarea&#8220;,&#8220;column&#8220;:&#8220;col-md-12&#8243;,&#8220;required&#8220;:true,&#8220;text&#8220;:&#8220;Ihre Nachricht&#8220;}],&#8220;recipient_email&#8220;:&#8220;info@estply.com&#8220;,&#8220;subject&#8220;:&#8220;&#8220;,&#8220;label&#8220;:true,&#8220;placeholder&#8220;:true,&#8220;button_text&#8220;:&#8220;Absenden&#8220;,&#8220;button_style&#8220;:&#8220;circle&#8220;,&#8220;button_dimensions&#8220;:&#8220;&#8220;,&#8220;button_animation&#8220;:false,&#8220;button_position&#8220;:&#8220;left&#8220;,&#8220;button_icon&#8220;:&#8220;&#8220;,&#8220;checkbox&#8220;:&#8220;&#8220;,&#8220;success_message&#8220;:&#8220;Message sent successfully&#8220;,&#8220;error_message&#8220;:&#8220;Error sending the message&#8220;},{&#8222;component&#8220;:&#8220;hc_space&#8220;,&#8220;id&#8220;:&#8220;YpIml&#8220;,&#8220;css_classes&#8220;:&#8220;&#8220;,&#8220;custom_css_classes&#8220;:&#8220;&#8220;,&#8220;custom_css_styles&#8220;:&#8220;&#8220;,&#8220;size&#8220;:&#8220;&#8220;,&#8220;height&#8220;:&#8220;20&#8243;},{&#8222;component&#8220;:&#8220;hc_text_block&#8220;,&#8220;id&#8220;:&#8220;bLOiy&#8220;,&#8220;css_classes&#8220;:&#8220;&#8220;,&#8220;custom_css_classes&#8220;:&#8220;&#8220;,&#8220;custom_css_styles&#8220;:&#8220;&#8220;,&#8220;content&#8220;:&#8220;Mit dem Absenden dieser Nachricht stimmen Sie unserer Datenschutzerkl\u00e4rung zu.&#8220;}]},{&#8222;component&#8220;:&#8220;hc_column&#8220;,&#8220;id&#8220;:&#8220;column_trmVU&#8220;,&#8220;column_width&#8220;:&#8220;col-md-6&#8243;,&#8220;animation&#8220;:&#8220;&#8220;,&#8220;animation_time&#8220;:&#8220;&#8220;,&#8220;timeline_animation&#8220;:&#8220;&#8220;,&#8220;timeline_delay&#8220;:&#8220;&#8220;,&#8220;timeline_order&#8220;:&#8220;&#8220;,&#8220;css_classes&#8220;:&#8220;&#8220;,&#8220;custom_css_classes&#8220;:&#8220;&#8220;,&#8220;custom_css_styles&#8220;:&#8220;&#8220;,&#8220;main_content&#8220;:[{&#8222;component&#8220;:&#8220;hc_image&#8220;,&#8220;id&#8220;:&#8220;iEOAU&#8220;,&#8220;css_classes&#8220;:&#8220;&#8220;,&#8220;custom_css_classes&#8220;:&#8220;&#8220;,&#8220;custom_css_styles&#8220;:&#8220;&#8220;,&#8220;image&#8220;:&#8220;https:\/\/estply.com\/wp-content\/uploads\/2023\/03\/00015-1024&#215;1024.png|1520|1520|999958911&#8243;,&#8220;alt&#8220;:&#8220;&#8220;,&#8220;thumb_size&#8220;:&#8220;large&#8220;}]},{&#8222;component&#8220;:&#8220;hc_column&#8220;,&#8220;id&#8220;:&#8220;column_37RUJ&#8220;,&#8220;column_width&#8220;:&#8220;col-md-6&#8243;,&#8220;animation&#8220;:&#8220;&#8220;,&#8220;animation_time&#8220;:&#8220;&#8220;,&#8220;timeline_animation&#8220;:&#8220;&#8220;,&#8220;timeline_delay&#8220;:&#8220;&#8220;,&#8220;timeline_order&#8220;:&#8220;&#8220;,&#8220;css_classes&#8220;:&#8220;&#8220;,&#8220;custom_css_classes&#8220;:&#8220;&#8220;,&#8220;custom_css_styles&#8220;:&#8220;&#8220;,&#8220;main_content&#8220;:[]}],&#8220;section_settings&#8220;:&#8220;&#8220;},&#8220;scripts&#8220;:{&#8222;contact_form&#8220;:&#8220;php\/contact-form.js&#8220;,&#8220;datepicker&#8220;:&#8220;php\/datepicker.min.js&#8220;},&#8220;css&#8220;:{&#8222;contact_form&#8220;:&#8220;scripts\/php\/contact-form.css&#8220;},&#8220;css_page&#8220;:&#8220;.contact {\\n margin-top: 10px;\\n}\\n\\n.c_nimi {\\n font-size: 30px;\\n font-weight: 800;\\n line-height: 36px;\\n}\\n\\n.title {\\n font-style: italic;\\n margin-bottom: -20px;\\n}\\n\\nh4 {\\n font-size: 26px;\\n color: #464a4c !important;\\n}\\n\\na.c-link {\\n margin-right: 20px;\\n border-bottom: 4px solid #fcd2ac;\\n padding-bottom: 3px;\\n [&hellip;]<\/p>\n","protected":false},"author":2,"featured_media":0,"parent":0,"menu_order":0,"comment_status":"closed","ping_status":"closed","template":"","meta":{"footnotes":""},"class_list":["post-999959003","page","type-page","status-publish","hentry"],"_links":{"self":[{"href":"https:\/\/estply.com\/de\/wp-json\/wp\/v2\/pages\/999959003"}],"collection":[{"href":"https:\/\/estply.com\/de\/wp-json\/wp\/v2\/pages"}],"about":[{"href":"https:\/\/estply.com\/de\/wp-json\/wp\/v2\/types\/page"}],"author":[{"embeddable":true,"href":"https:\/\/estply.com\/de\/wp-json\/wp\/v2\/users\/2"}],"replies":[{"embeddable":true,"href":"https:\/\/estply.com\/de\/wp-json\/wp\/v2\/comments?post=999959003"}],"version-history":[{"count":8,"href":"https:\/\/estply.com\/de\/wp-json\/wp\/v2\/pages\/999959003\/revisions"}],"predecessor-version":[{"id":999959622,"href":"https:\/\/estply.com\/de\/wp-json\/wp\/v2\/pages\/999959003\/revisions\/999959622"}],"wp:attachment":[{"href":"https:\/\/estply.com\/de\/wp-json\/wp\/v2\/media?parent=999959003"}],"curies":[{"name":"wp","href":"https:\/\/api.w.org\/{rel}","templated":true}]}}