{"id":999958357,"date":"2021-05-18T10:01:39","date_gmt":"2021-05-18T10:01:39","guid":{"rendered":"https:\/\/estply.com\/?page_id=999958357"},"modified":"2025-03-20T12:31:29","modified_gmt":"2025-03-20T12:31:29","slug":"home-2","status":"publish","type":"page","link":"https:\/\/estply.com\/de\/","title":{"rendered":"Startseite"},"content":{"rendered":"<!-- Added by Post\/Page specific custom CSS plugin, thank you for using! -->\n<style>.header-video, .section-slide, .header-title:after {\r\n    background-color: transparent !important;\r\n}\r\n\r\n.section-slider > .flexslider .slides, .section-slider > .flexslider .slides li {\r\n    margin-left: 10px !important;\r\n}\r\n\r\n.section-slide .container {\r\n    margin-left: 17px;\r\n}\r\n\r\n.flexslider .slides img {\r\n    border-radius: 10px;\r\n}\r\n.title-base {\r\n    display: none;\r\n}\r\ndiv[class*=header-]:not(.full-screen-title):not(.header-base) {\r\n    left: 20px;\r\n}<\/style>\n<p>{&#8222;main-title&#8220;:{&#8222;component&#8220;:&#8220;hc_title&#8220;,&#8220;id&#8220;:&#8220;main-title&#8220;,&#8220;title&#8220;:&#8220;Home&#8220;,&#8220;subtitle&#8220;:&#8220;&#8220;,&#8220;title_content&#8220;:{&#8222;component&#8220;:&#8220;hc_title_slider&#8220;,&#8220;id&#8220;:&#8220;title-slider&#8220;,&#8220;slides&#8220;:[{&#8222;component&#8220;:&#8220;hc_upload_img&#8220;,&#8220;id&#8220;:&#8220;8N5e8&#8243;,&#8220;link&#8220;:&#8220;https:\/\/estply.com\/wp-content\/uploads\/2022\/01\/1-1024&#215;420.jpg|767|1869|999958730&#8243;},{&#8222;component&#8220;:&#8220;hc_upload_img&#8220;,&#8220;id&#8220;:&#8220;iM0za&#8220;,&#8220;link&#8220;:&#8220;https:\/\/estply.com\/wp-content\/uploads\/2022\/01\/2-1024&#215;420.jpg|767|1869|999958733&#8243;},{&#8222;component&#8220;:&#8220;hc_upload_img&#8220;,&#8220;id&#8220;:&#8220;qjTWw&#8220;,&#8220;link&#8220;:&#8220;https:\/\/estply.com\/wp-content\/uploads\/2022\/01\/3-1024&#215;420.jpg|767|1869|999958736&#8243;},{&#8222;component&#8220;:&#8220;hc_upload_img&#8220;,&#8220;id&#8220;:&#8220;cyxTD&#8220;,&#8220;link&#8220;:&#8220;https:\/\/estply.com\/wp-content\/uploads\/2022\/01\/4-1024&#215;420.jpg|767|1869|999958739&#8243;},{&#8222;component&#8220;:&#8220;hc_upload_img&#8220;,&#8220;id&#8220;:&#8220;s23Vk&#8220;,&#8220;link&#8220;:&#8220;https:\/\/estply.com\/wp-content\/uploads\/2022\/01\/5-1024&#215;420.jpg|767|1869|999958742&#8243;},{&#8222;component&#8220;:&#8220;hc_upload_img&#8220;,&#8220;id&#8220;:&#8220;a0k5N&#8220;,&#8220;link&#8220;:&#8220;https:\/\/estply.com\/wp-content\/uploads\/2022\/01\/6-1024&#215;420.jpg|767|1869|999958745&#8243;},{&#8222;component&#8220;:&#8220;hc_upload_img&#8220;,&#8220;id&#8220;:&#8220;PG5WE&#8220;,&#8220;link&#8220;:&#8220;https:\/\/estply.com\/wp-content\/uploads\/2024\/04\/bg_estply-1024&#215;420.png|767|1869|999959293&#8243;}],&#8220;full_screen&#8220;:false,&#8220;full_screen_height&#8220;:&#8220;&#8220;,&#8220;parallax&#8220;:false,&#8220;overlay&#8220;:&#8220;&#8220;,&#8220;breadcrumbs&#8220;:false,&#8220;white&#8220;:true,&#8220;data_options&#8220;:&#8220;animation:fade,randomize:true,directionNav:false&#8220;}},&#8220;section_5ZtkF&#8220;:{&#8222;component&#8220;:&#8220;hc_section&#8220;,&#8220;id&#8220;:&#8220;section_5ZtkF&#8220;,&#8220;section_width&#8220;:&#8220;&#8220;,&#8220;animation&#8220;:&#8220;&#8220;,&#8220;animation_time&#8220;:&#8220;&#8220;,&#8220;timeline_animation&#8220;:&#8220;&#8220;,&#8220;timeline_delay&#8220;:&#8220;&#8220;,&#8220;timeline_order&#8220;:&#8220;&#8220;,&#8220;vertical_row&#8220;:&#8220;&#8220;,&#8220;box_middle&#8220;:&#8220;&#8220;,&#8220;css_classes&#8220;:&#8220;&#8220;,&#8220;custom_css_classes&#8220;:&#8220;&#8220;,&#8220;custom_css_styles&#8220;:&#8220;&#8220;,&#8220;section_content&#8220;:[{&#8222;component&#8220;:&#8220;hc_column&#8220;,&#8220;id&#8220;:&#8220;column_u3jSZ&#8220;,&#8220;column_width&#8220;:&#8220;col-md-12&#8243;,&#8220;animation&#8220;:&#8220;&#8220;,&#8220;animation_time&#8220;:&#8220;&#8220;,&#8220;timeline_animation&#8220;:&#8220;&#8220;,&#8220;timeline_delay&#8220;:&#8220;&#8220;,&#8220;timeline_order&#8220;:&#8220;&#8220;,&#8220;css_classes&#8220;:&#8220;col-center no-margins &#8222;,&#8220;custom_css_classes&#8220;:&#8220;&#8220;,&#8220;custom_css_styles&#8220;:&#8220;&#8220;,&#8220;main_content&#8220;:[]},{&#8222;component&#8220;:&#8220;hc_column&#8220;,&#8220;id&#8220;:&#8220;column_XWFMG&#8220;,&#8220;column_width&#8220;:&#8220;col-md-12&#8243;,&#8220;animation&#8220;:&#8220;fade-in&#8220;,&#8220;animation_time&#8220;:&#8220;&#8220;,&#8220;timeline_animation&#8220;:&#8220;false&#8220;,&#8220;timeline_delay&#8220;:&#8220;&#8220;,&#8220;timeline_order&#8220;:&#8220;&#8220;,&#8220;css_classes&#8220;:&#8220;&#8220;,&#8220;custom_css_classes&#8220;:&#8220;&#8220;,&#8220;custom_css_styles&#8220;:&#8220;&#8220;,&#8220;main_content&#8220;:[{&#8222;component&#8220;:&#8220;hc_column&#8220;,&#8220;id&#8220;:&#8220;column_yUWkf&#8220;,&#8220;column_width&#8220;:&#8220;col-md-12&#8243;,&#8220;animation&#8220;:&#8220;&#8220;,&#8220;animation_time&#8220;:&#8220;&#8220;,&#8220;timeline_animation&#8220;:&#8220;&#8220;,&#8220;timeline_delay&#8220;:&#8220;&#8220;,&#8220;timeline_order&#8220;:&#8220;&#8220;,&#8220;css_classes&#8220;:&#8220;boxed-inverse &#8222;,&#8220;custom_css_classes&#8220;:&#8220;&#8220;,&#8220;custom_css_styles&#8220;:&#8220;&#8220;,&#8220;main_content&#8220;:[{&#8222;component&#8220;:&#8220;hc_space&#8220;,&#8220;id&#8220;:&#8220;km1IG&#8220;,&#8220;css_classes&#8220;:&#8220;&#8220;,&#8220;custom_css_classes&#8220;:&#8220;&#8220;,&#8220;custom_css_styles&#8220;:&#8220;&#8220;,&#8220;size&#8220;:&#8220;&#8220;,&#8220;height&#8220;:&#8220;30&#8243;},{&#8222;component&#8220;:&#8220;hc_text_block&#8220;,&#8220;id&#8220;:&#8220;b0tft&#8220;,&#8220;css_classes&#8220;:&#8220;&#8220;,&#8220;custom_css_classes&#8220;:&#8220;&#8220;,&#8220;custom_css_styles&#8220;:&#8220;&#8220;,&#8220;content&#8220;:&#8220;<\/p>\n<div class=\\\"c_nimi\\\">\u00dcber uns<\/div>\n<p>&#8222;},{&#8222;component&#8220;:&#8220;hc_space&#8220;,&#8220;id&#8220;:&#8220;dxLHu&#8220;,&#8220;css_classes&#8220;:&#8220;&#8220;,&#8220;custom_css_classes&#8220;:&#8220;&#8220;,&#8220;custom_css_styles&#8220;:&#8220;&#8220;,&#8220;size&#8220;:&#8220;&#8220;,&#8220;height&#8220;:&#8220;30&#8243;},{&#8222;component&#8220;:&#8220;hc_text_block&#8220;,&#8220;id&#8220;:&#8220;9DMQU&#8220;,&#8220;css_classes&#8220;:&#8220;&#8220;,&#8220;custom_css_classes&#8220;:&#8220;&#8220;,&#8220;custom_css_styles&#8220;:&#8220;&#8220;,&#8220;content&#8220;:&#8220;Estonian Plywood AS (ESTPLY) hat die neuste Sperrholzfabrik im ganzen Baltikum und Skandinavien. Die moderne Produktionsanlage mit der neusten Technologie weltweit befindet sich in Viruvere in der N\u00e4he der estnischen Stadt J\u00f5geva. Das ist nicht nur eine gute Lage f\u00fcr die Anschaffung von Rohmaterialien, sondern erhalten die Menschen aus der Gegend somit auch eine M\u00f6glichkeit, in der N\u00e4he von zu Hause zu arbeiten.\\n\\nEstonian Plywood AS geh\u00f6rt zur Lemeks Grupp, einer der gr\u00f6\u00dften Industriegruppen in Estland. Unter anderem ist Lemeks Grupp eins der gr\u00f6\u00dften Forstunternehmen. Deshalb steht der Sperrholzfabrik von ESTPLY ganzj\u00e4hrig genug estnischer Rohstoff zur Verf\u00fcgung. Lemeks Grupp ist durch und durch ein estnisches Unternehmen, das es sich zum Ziel gesetzt hat, dem estnischen Holz gerade hier in Estland den maximalen Wert zu geben.\\n\\nDas in der Produktionsanlage von ESTPLY produzierte Birkensperrholz wird haupts\u00e4chlich an gro\u00dfe Industriekunden und H\u00e4ndler in Europa verkauft. Aus dem Sperrholz von ESTPLY werden leichte Anh\u00e4nger, Anh\u00e4nger f\u00fcr Lastwagen, Verschalungen f\u00fcr Betonarbeiten, M\u00f6bel, Verpackungen und viele weitere Produkte hergestellt. \\n\\nESTPLY leistet seinen Beitrag in eine umweltfreundlichere Zukunft. Um dieses Ziel zu erreichen, tun wir Folgendes:\\n\\n\u221a Wir erh\u00f6hen den Wert des lokalen Holzes als eines nachwachsenden Rohstoffes. \\n\u221a Wir helfen die Nachfrage nach Materialien fossilen Ursprungs zu reduzieren.\\n\u221a Wir stellen aus den Produktionsr\u00fcckst\u00e4nden W\u00e4rmeenergie her und verwenden Regenwasser bei der Produktion von Sperrholz. \\n\u221a Wir sortieren unsere Abf\u00e4lle nach Abfallarten. \\n\u221a Unsere Aktivit\u00e4ten basieren auf vier Grundwerten: Effizienz, Flexibilit\u00e4t, R\u00fccksichtnahme und Versorgungssicherheit. \\n\\n\\n&#8220;},{&#8222;component&#8220;:&#8220;hc_button&#8220;,&#8220;id&#8220;:&#8220;mZvcE&#8220;,&#8220;css_classes&#8220;:&#8220;&#8220;,&#8220;custom_css_classes&#8220;:&#8220;&#8220;,&#8220;custom_css_styles&#8220;:&#8220;color: #222222;&#8220;,&#8220;icon&#8220;:&#8220;&#8220;,&#8220;style&#8220;:&#8220;circle&#8220;,&#8220;size&#8220;:&#8220;btn-sm&#8220;,&#8220;position&#8220;:&#8220;left&#8220;,&#8220;animation&#8220;:false,&#8220;text&#8220;:&#8220;Weiterlesen&#8220;,&#8220;link_type&#8220;:&#8220;classic&#8220;,&#8220;lightbox_animation&#8220;:&#8220;&#8220;,&#8220;caption&#8220;:&#8220;&#8220;,&#8220;inner_caption&#8220;:false,&#8220;new_window&#8220;:false,&#8220;link&#8220;:&#8220;https:\/\/estply.com\/de\/ueber-uns\/&#8220;,&#8220;link_content&#8220;:[],&#8220;lightbox_size&#8220;:&#8220;&#8220;,&#8220;scrollbox&#8220;:false},{&#8222;component&#8220;:&#8220;hc_space&#8220;,&#8220;id&#8220;:&#8220;Xtilb&#8220;,&#8220;css_classes&#8220;:&#8220;&#8220;,&#8220;custom_css_classes&#8220;:&#8220;&#8220;,&#8220;custom_css_styles&#8220;:&#8220;&#8220;,&#8220;size&#8220;:&#8220;&#8220;,&#8220;height&#8220;:&#8220;10&#8243;}]},{&#8222;component&#8220;:&#8220;hc_column&#8220;,&#8220;id&#8220;:&#8220;column_Fyg45&#8243;,&#8220;column_width&#8220;:&#8220;col-md-6&#8243;,&#8220;animation&#8220;:&#8220;&#8220;,&#8220;animation_time&#8220;:&#8220;&#8220;,&#8220;timeline_animation&#8220;:&#8220;&#8220;,&#8220;timeline_delay&#8220;:&#8220;&#8220;,&#8220;timeline_order&#8220;:&#8220;&#8220;,&#8220;css_classes&#8220;:&#8220;&#8220;,&#8220;custom_css_classes&#8220;:&#8220;&#8220;,&#8220;custom_css_styles&#8220;:&#8220;&#8220;,&#8220;main_content&#8220;:[]}]}],&#8220;section_settings&#8220;:{&#8222;component&#8220;:&#8220;hc_section_image&#8220;,&#8220;id&#8220;:&#8220;section-image&#8220;,&#8220;image&#8220;:&#8220;https:\/\/estply.com\/wp-content\/uploads\/2019\/06\/bg1-786&#215;1024.png|2500|1920|999955805&#8243;,&#8220;full_screen&#8220;:false,&#8220;full_screen_height&#8220;:&#8220;&#8220;,&#8220;parallax&#8220;:false,&#8220;bleed&#8220;:&#8220;&#8220;,&#8220;ken_burn&#8220;:&#8220;&#8220;,&#8220;bg_pos&#8220;:&#8220;bg-top&#8220;,&#8220;overlay&#8220;:&#8220;&#8220;}},&#8220;scripts&#8220;:{&#8222;flexslider&#8220;:&#8220;flexslider\/jquery.flexslider-min.js&#8220;},&#8220;css&#8220;:{&#8222;flexslider&#8220;:&#8220;scripts\/flexslider\/flexslider.css&#8220;},&#8220;css_page&#8220;:&#8220;.btn circle-button btn-sm scroll-to  {ntext-color: #222222 !important;}\\n\\n.c_nimi {\\n    font-size: 30px;\\n    font-weight: 800;\\n    line-height: 36px;\\n}\\n\\n.title {\\n    font-style: italic;\\n    margin-bottom: -20px;\\n}\\n\\nh4 {\\n    font-size: 26px;\\n    color: #464a4c !important;\\n}&#8220;,&#8220;template_setting&#8220;:{&#8222;settings&#8220;:{&#8222;id&#8220;:&#8220;settings&#8220;}},&#8220;template_setting_top&#8220;:{},&#8220;page_setting&#8220;:{&#8222;settings&#8220;:[&#8222;lock-mode-off&#8220;]}}<\/p>\n","protected":false},"excerpt":{"rendered":"<p>{&#8222;main-title&#8220;:{&#8222;component&#8220;:&#8220;hc_title&#8220;,&#8220;id&#8220;:&#8220;main-title&#8220;,&#8220;title&#8220;:&#8220;Home&#8220;,&#8220;subtitle&#8220;:&#8220;&#8220;,&#8220;title_content&#8220;:{&#8222;component&#8220;:&#8220;hc_title_slider&#8220;,&#8220;id&#8220;:&#8220;title-slider&#8220;,&#8220;slides&#8220;:[{&#8222;component&#8220;:&#8220;hc_upload_img&#8220;,&#8220;id&#8220;:&#8220;8N5e8&#8243;,&#8220;link&#8220;:&#8220;https:\/\/estply.com\/wp-content\/uploads\/2022\/01\/1-1024&#215;420.jpg|767|1869|999958730&#8243;},{&#8222;component&#8220;:&#8220;hc_upload_img&#8220;,&#8220;id&#8220;:&#8220;iM0za&#8220;,&#8220;link&#8220;:&#8220;https:\/\/estply.com\/wp-content\/uploads\/2022\/01\/2-1024&#215;420.jpg|767|1869|999958733&#8243;},{&#8222;component&#8220;:&#8220;hc_upload_img&#8220;,&#8220;id&#8220;:&#8220;qjTWw&#8220;,&#8220;link&#8220;:&#8220;https:\/\/estply.com\/wp-content\/uploads\/2022\/01\/3-1024&#215;420.jpg|767|1869|999958736&#8243;},{&#8222;component&#8220;:&#8220;hc_upload_img&#8220;,&#8220;id&#8220;:&#8220;cyxTD&#8220;,&#8220;link&#8220;:&#8220;https:\/\/estply.com\/wp-content\/uploads\/2022\/01\/4-1024&#215;420.jpg|767|1869|999958739&#8243;},{&#8222;component&#8220;:&#8220;hc_upload_img&#8220;,&#8220;id&#8220;:&#8220;s23Vk&#8220;,&#8220;link&#8220;:&#8220;https:\/\/estply.com\/wp-content\/uploads\/2022\/01\/5-1024&#215;420.jpg|767|1869|999958742&#8243;},{&#8222;component&#8220;:&#8220;hc_upload_img&#8220;,&#8220;id&#8220;:&#8220;a0k5N&#8220;,&#8220;link&#8220;:&#8220;https:\/\/estply.com\/wp-content\/uploads\/2022\/01\/6-1024&#215;420.jpg|767|1869|999958745&#8243;},{&#8222;component&#8220;:&#8220;hc_upload_img&#8220;,&#8220;id&#8220;:&#8220;PG5WE&#8220;,&#8220;link&#8220;:&#8220;https:\/\/estply.com\/wp-content\/uploads\/2024\/04\/bg_estply-1024&#215;420.png|767|1869|999959293&#8243;}],&#8220;full_screen&#8220;:false,&#8220;full_screen_height&#8220;:&#8220;&#8220;,&#8220;parallax&#8220;:false,&#8220;overlay&#8220;:&#8220;&#8220;,&#8220;breadcrumbs&#8220;:false,&#8220;white&#8220;:true,&#8220;data_options&#8220;:&#8220;animation:fade,randomize:true,directionNav:false&#8220;}},&#8220;section_5ZtkF&#8220;:{&#8222;component&#8220;:&#8220;hc_section&#8220;,&#8220;id&#8220;:&#8220;section_5ZtkF&#8220;,&#8220;section_width&#8220;:&#8220;&#8220;,&#8220;animation&#8220;:&#8220;&#8220;,&#8220;animation_time&#8220;:&#8220;&#8220;,&#8220;timeline_animation&#8220;:&#8220;&#8220;,&#8220;timeline_delay&#8220;:&#8220;&#8220;,&#8220;timeline_order&#8220;:&#8220;&#8220;,&#8220;vertical_row&#8220;:&#8220;&#8220;,&#8220;box_middle&#8220;:&#8220;&#8220;,&#8220;css_classes&#8220;:&#8220;&#8220;,&#8220;custom_css_classes&#8220;:&#8220;&#8220;,&#8220;custom_css_styles&#8220;:&#8220;&#8220;,&#8220;section_content&#8220;:[{&#8222;component&#8220;:&#8220;hc_column&#8220;,&#8220;id&#8220;:&#8220;column_u3jSZ&#8220;,&#8220;column_width&#8220;:&#8220;col-md-12&#8243;,&#8220;animation&#8220;:&#8220;&#8220;,&#8220;animation_time&#8220;:&#8220;&#8220;,&#8220;timeline_animation&#8220;:&#8220;&#8220;,&#8220;timeline_delay&#8220;:&#8220;&#8220;,&#8220;timeline_order&#8220;:&#8220;&#8220;,&#8220;css_classes&#8220;:&#8220;col-center no-margins &#8222;,&#8220;custom_css_classes&#8220;:&#8220;&#8220;,&#8220;custom_css_styles&#8220;:&#8220;&#8220;,&#8220;main_content&#8220;:[]},{&#8222;component&#8220;:&#8220;hc_column&#8220;,&#8220;id&#8220;:&#8220;column_XWFMG&#8220;,&#8220;column_width&#8220;:&#8220;col-md-12&#8243;,&#8220;animation&#8220;:&#8220;fade-in&#8220;,&#8220;animation_time&#8220;:&#8220;&#8220;,&#8220;timeline_animation&#8220;:&#8220;false&#8220;,&#8220;timeline_delay&#8220;:&#8220;&#8220;,&#8220;timeline_order&#8220;:&#8220;&#8220;,&#8220;css_classes&#8220;:&#8220;&#8220;,&#8220;custom_css_classes&#8220;:&#8220;&#8220;,&#8220;custom_css_styles&#8220;:&#8220;&#8220;,&#8220;main_content&#8220;:[{&#8222;component&#8220;:&#8220;hc_column&#8220;,&#8220;id&#8220;:&#8220;column_yUWkf&#8220;,&#8220;column_width&#8220;:&#8220;col-md-12&#8243;,&#8220;animation&#8220;:&#8220;&#8220;,&#8220;animation_time&#8220;:&#8220;&#8220;,&#8220;timeline_animation&#8220;:&#8220;&#8220;,&#8220;timeline_delay&#8220;:&#8220;&#8220;,&#8220;timeline_order&#8220;:&#8220;&#8220;,&#8220;css_classes&#8220;:&#8220;boxed-inverse &#8222;,&#8220;custom_css_classes&#8220;:&#8220;&#8220;,&#8220;custom_css_styles&#8220;:&#8220;&#8220;,&#8220;main_content&#8220;:[{&#8222;component&#8220;:&#8220;hc_space&#8220;,&#8220;id&#8220;:&#8220;km1IG&#8220;,&#8220;css_classes&#8220;:&#8220;&#8220;,&#8220;custom_css_classes&#8220;:&#8220;&#8220;,&#8220;custom_css_styles&#8220;:&#8220;&#8220;,&#8220;size&#8220;:&#8220;&#8220;,&#8220;height&#8220;:&#8220;30&#8243;},{&#8222;component&#8220;:&#8220;hc_text_block&#8220;,&#8220;id&#8220;:&#8220;b0tft&#8220;,&#8220;css_classes&#8220;:&#8220;&#8220;,&#8220;custom_css_classes&#8220;:&#8220;&#8220;,&#8220;custom_css_styles&#8220;:&#8220;&#8220;,&#8220;content&#8220;:&#8220; \u00dcber uns &#8222;},{&#8222;component&#8220;:&#8220;hc_space&#8220;,&#8220;id&#8220;:&#8220;dxLHu&#8220;,&#8220;css_classes&#8220;:&#8220;&#8220;,&#8220;custom_css_classes&#8220;:&#8220;&#8220;,&#8220;custom_css_styles&#8220;:&#8220;&#8220;,&#8220;size&#8220;:&#8220;&#8220;,&#8220;height&#8220;:&#8220;30&#8243;},{&#8222;component&#8220;:&#8220;hc_text_block&#8220;,&#8220;id&#8220;:&#8220;9DMQU&#8220;,&#8220;css_classes&#8220;:&#8220;&#8220;,&#8220;custom_css_classes&#8220;:&#8220;&#8220;,&#8220;custom_css_styles&#8220;:&#8220;&#8220;,&#8220;content&#8220;:&#8220;Estonian Plywood AS (ESTPLY) hat die neuste Sperrholzfabrik im ganzen Baltikum und Skandinavien. Die moderne Produktionsanlage mit der neusten Technologie weltweit befindet sich in Viruvere in der N\u00e4he der estnischen Stadt J\u00f5geva. Das ist nicht nur eine gute Lage f\u00fcr die Anschaffung von Rohmaterialien, sondern erhalten die Menschen aus [&hellip;]<\/p>\n","protected":false},"author":2,"featured_media":0,"parent":0,"menu_order":0,"comment_status":"closed","ping_status":"closed","template":"","meta":{"footnotes":""},"class_list":["post-999958357","page","type-page","status-publish","hentry"],"_links":{"self":[{"href":"https:\/\/estply.com\/de\/wp-json\/wp\/v2\/pages\/999958357"}],"collection":[{"href":"https:\/\/estply.com\/de\/wp-json\/wp\/v2\/pages"}],"about":[{"href":"https:\/\/estply.com\/de\/wp-json\/wp\/v2\/types\/page"}],"author":[{"embeddable":true,"href":"https:\/\/estply.com\/de\/wp-json\/wp\/v2\/users\/2"}],"replies":[{"embeddable":true,"href":"https:\/\/estply.com\/de\/wp-json\/wp\/v2\/comments?post=999958357"}],"version-history":[{"count":23,"href":"https:\/\/estply.com\/de\/wp-json\/wp\/v2\/pages\/999958357\/revisions"}],"predecessor-version":[{"id":999959513,"href":"https:\/\/estply.com\/de\/wp-json\/wp\/v2\/pages\/999958357\/revisions\/999959513"}],"wp:attachment":[{"href":"https:\/\/estply.com\/de\/wp-json\/wp\/v2\/media?parent=999958357"}],"curies":[{"name":"wp","href":"https:\/\/api.w.org\/{rel}","templated":true}]}}