{"id":999957382,"date":"2018-01-24T09:48:20","date_gmt":"2018-01-24T09:48:20","guid":{"rendered":"https:\/\/estply.com\/home\/"},"modified":"2021-06-29T12:29:26","modified_gmt":"2021-06-29T12:29:26","slug":"home","status":"publish","type":"page","link":"https:\/\/estply.com\/de\/home\/","title":{"rendered":"Startseite"},"content":{"rendered":"<p>{&#8222;main-title&#8220;:{&#8222;component&#8220;:&#8220;hc_title&#8220;,&#8220;id&#8220;:&#8220;main-title&#8220;,&#8220;title&#8220;:&#8220;Home&#8220;,&#8220;subtitle&#8220;:&#8220;&#8220;,&#8220;title_content&#8220;:{&#8222;component&#8220;:&#8220;hc_title_empty&#8220;,&#8220;id&#8220;:&#8220;title-empty&#8220;}},&#8220;section_5ZtkF&#8220;:{&#8222;component&#8220;:&#8220;hc_section&#8220;,&#8220;id&#8220;:&#8220;section_5ZtkF&#8220;,&#8220;section_width&#8220;:&#8220;&#8220;,&#8220;animation&#8220;:&#8220;&#8220;,&#8220;animation_time&#8220;:&#8220;&#8220;,&#8220;timeline_animation&#8220;:&#8220;&#8220;,&#8220;timeline_delay&#8220;:&#8220;&#8220;,&#8220;timeline_order&#8220;:&#8220;&#8220;,&#8220;vertical_row&#8220;:&#8220;&#8220;,&#8220;box_middle&#8220;:&#8220;&#8220;,&#8220;css_classes&#8220;:&#8220;&#8220;,&#8220;custom_css_classes&#8220;:&#8220;&#8220;,&#8220;custom_css_styles&#8220;:&#8220;&#8220;,&#8220;section_content&#8220;:[{&#8222;component&#8220;:&#8220;hc_column&#8220;,&#8220;id&#8220;:&#8220;column_zydls&#8220;,&#8220;column_width&#8220;:&#8220;col-md-10&#8243;,&#8220;animation&#8220;:&#8220;fade-in&#8220;,&#8220;animation_time&#8220;:&#8220;&#8220;,&#8220;timeline_animation&#8220;:&#8220;false&#8220;,&#8220;timeline_delay&#8220;:&#8220;&#8220;,&#8220;timeline_order&#8220;:&#8220;&#8220;,&#8220;css_classes&#8220;:&#8220;col-center text-center &#8222;,&#8220;custom_css_classes&#8220;:&#8220;&#8220;,&#8220;custom_css_styles&#8220;:&#8220;&#8220;,&#8220;main_content&#8220;:[{&#8222;component&#8220;:&#8220;hc_space&#8220;,&#8220;id&#8220;:&#8220;KfBVG&#8220;,&#8220;css_classes&#8220;:&#8220;&#8220;,&#8220;custom_css_classes&#8220;:&#8220;&#8220;,&#8220;custom_css_styles&#8220;:&#8220;&#8220;,&#8220;size&#8220;:&#8220;&#8220;,&#8220;height&#8220;:&#8220;100&#8243;},{&#8222;component&#8220;:&#8220;hc_title_tag&#8220;,&#8220;id&#8220;:&#8220;AkDuv&#8220;,&#8220;css_classes&#8220;:&#8220;clear text-color &#8222;,&#8220;custom_css_classes&#8220;:&#8220;&#8220;,&#8220;custom_css_styles&#8220;:&#8220;color: #222222;&#8220;,&#8220;text&#8220;:&#8220;Nordisches Birkensperrholz in gro\u00dfen Gr\u00f6\u00dfen&#8220;,&#8220;tag&#8220;:&#8220;h1&#8243;},{&#8222;component&#8220;:&#8220;hc_space&#8220;,&#8220;id&#8220;:&#8220;Qp80X&#8220;,&#8220;css_classes&#8220;:&#8220;&#8220;,&#8220;custom_css_classes&#8220;:&#8220;&#8220;,&#8220;custom_css_styles&#8220;:&#8220;&#8220;,&#8220;size&#8220;:&#8220;&#8220;,&#8220;height&#8220;:&#8220;&#8220;},{&#8222;component&#8220;:&#8220;hc_button&#8220;,&#8220;id&#8220;:&#8220;cciTb&#8220;,&#8220;css_classes&#8220;:&#8220;col-center text-center text-center-xs &#8222;,&#8220;custom_css_classes&#8220;:&#8220;&#8220;,&#8220;custom_css_styles&#8220;:&#8220;&#8220;,&#8220;icon&#8220;:&#8220;&#8220;,&#8220;style&#8220;:&#8220;circle&#8220;,&#8220;size&#8220;:&#8220;btn-lg&#8220;,&#8220;position&#8220;:&#8220;right&#8220;,&#8220;animation&#8220;:false,&#8220;text&#8220;:&#8220;Erfahren Sie mehr \u00fcber uns &#8222;,&#8220;link_type&#8220;:&#8220;classic&#8220;,&#8220;lightbox_animation&#8220;:&#8220;&#8220;,&#8220;caption&#8220;:&#8220;&#8220;,&#8220;inner_caption&#8220;:false,&#8220;new_window&#8220;:false,&#8220;link&#8220;:&#8220;https:\/\/estply.com\/de\/unser-team\/&#8220;,&#8220;link_content&#8220;:[],&#8220;lightbox_size&#8220;:&#8220;&#8220;,&#8220;scrollbox&#8220;:false},{&#8222;component&#8220;:&#8220;hc_column&#8220;,&#8220;id&#8220;:&#8220;column_mKNNP&#8220;,&#8220;column_width&#8220;:&#8220;col-md-6&#8243;,&#8220;animation&#8220;:&#8220;&#8220;,&#8220;animation_time&#8220;:&#8220;&#8220;,&#8220;timeline_animation&#8220;:&#8220;&#8220;,&#8220;timeline_delay&#8220;:&#8220;&#8220;,&#8220;timeline_order&#8220;:&#8220;&#8220;,&#8220;css_classes&#8220;:&#8220;&#8220;,&#8220;custom_css_classes&#8220;:&#8220;&#8220;,&#8220;custom_css_styles&#8220;:&#8220;&#8220;,&#8220;main_content&#8220;:[]}]},{&#8222;component&#8220;:&#8220;hc_column&#8220;,&#8220;id&#8220;:&#8220;column_XWFMG&#8220;,&#8220;column_width&#8220;:&#8220;col-md-12&#8243;,&#8220;animation&#8220;:&#8220;&#8220;,&#8220;animation_time&#8220;:&#8220;&#8220;,&#8220;timeline_animation&#8220;:&#8220;&#8220;,&#8220;timeline_delay&#8220;:&#8220;&#8220;,&#8220;timeline_order&#8220;:&#8220;&#8220;,&#8220;css_classes&#8220;:&#8220;&#8220;,&#8220;custom_css_classes&#8220;:&#8220;&#8220;,&#8220;custom_css_styles&#8220;:&#8220;&#8220;,&#8220;main_content&#8220;:[{&#8222;component&#8220;:&#8220;hc_space&#8220;,&#8220;id&#8220;:&#8220;mDRum&#8220;,&#8220;css_classes&#8220;:&#8220;&#8220;,&#8220;custom_css_classes&#8220;:&#8220;&#8220;,&#8220;custom_css_styles&#8220;:&#8220;&#8220;,&#8220;size&#8220;:&#8220;&#8220;,&#8220;height&#8220;:&#8220;190&#8243;},{&#8222;component&#8220;:&#8220;hc_slider&#8220;,&#8220;id&#8220;:&#8220;T9CFn&#8220;,&#8220;css_classes&#8220;:&#8220;&#8220;,&#8220;custom_css_classes&#8220;:&#8220;&#8220;,&#8220;custom_css_styles&#8220;:&#8220;&#8220;,&#8220;content&#8220;:[{&#8222;component&#8220;:&#8220;hc_content_box&#8220;,&#8220;id&#8220;:&#8220;DCLOX&#8220;,&#8220;css_classes&#8220;:&#8220;shadow &#8222;,&#8220;custom_css_classes&#8220;:&#8220;&#8220;,&#8220;custom_css_styles&#8220;:&#8220;&#8220;,&#8220;image&#8220;:&#8220;https:\/\/estply.com\/wp-content\/uploads\/2019\/06\/product1-a.jpg|281|500|999955792&#8243;,&#8220;title&#8220;:&#8220;ESTPLY INTERIOR&#8220;,&#8220;icon&#8220;:&#8220;&#8220;,&#8220;icon_style&#8220;:&#8220;&#8220;,&#8220;icon_image&#8220;:&#8220;&#8220;,&#8220;box_style&#8220;:&#8220;top_icon_image&#8220;,&#8220;boxed&#8220;:false,&#8220;boxed_inverse&#8220;:true,&#8220;title_size&#8220;:&#8220;&#8220;,&#8220;text_size&#8220;:&#8220;&#8220;,&#8220;button_text&#8220;:&#8220;Mehr erfahren&#8220;,&#8220;button_style&#8220;:&#8220;circle&#8220;,&#8220;button_dimensions&#8220;:&#8220;&#8220;,&#8220;button_animation&#8220;:false,&#8220;extra_content&#8220;:&#8220;&#8220;,&#8220;extra_content_2&#8243;:&#8220;&#8220;,&#8220;text&#8220;:&#8220;Eine wundersch\u00f6ne leichte Platte f\u00fcr M\u00f6belbau und die Tischlerei. Nat\u00fcrliches Birkenholz innen und au\u00dfen, entstanden an kalten Wintertagen &#8222;,&#8220;link_type&#8220;:&#8220;classic&#8220;,&#8220;lightbox_animation&#8220;:&#8220;&#8220;,&#8220;caption&#8220;:&#8220;&#8220;,&#8220;inner_caption&#8220;:false,&#8220;new_window&#8220;:false,&#8220;link&#8220;:&#8220;https:\/\/estply.com\/de\/estply-interior\/&#8220;,&#8220;link_content&#8220;:[],&#8220;lightbox_size&#8220;:&#8220;&#8220;,&#8220;scrollbox&#8220;:false},{&#8222;component&#8220;:&#8220;hc_content_box&#8220;,&#8220;id&#8220;:&#8220;D5FCR&#8220;,&#8220;css_classes&#8220;:&#8220;shadow &#8222;,&#8220;custom_css_classes&#8220;:&#8220;&#8220;,&#8220;custom_css_styles&#8220;:&#8220;&#8220;,&#8220;image&#8220;:&#8220;https:\/\/estply.com\/wp-content\/uploads\/2019\/06\/product2-a.jpg|281|500|999955795&#8243;,&#8220;title&#8220;:&#8220;ESTPLY BIRCH&#8220;,&#8220;icon&#8220;:&#8220;&#8220;,&#8220;icon_style&#8220;:&#8220;&#8220;,&#8220;icon_image&#8220;:&#8220;&#8220;,&#8220;box_style&#8220;:&#8220;top_icon_image&#8220;,&#8220;boxed&#8220;:false,&#8220;boxed_inverse&#8220;:true,&#8220;title_size&#8220;:&#8220;&#8220;,&#8220;text_size&#8220;:&#8220;&#8220;,&#8220;button_text&#8220;:&#8220;Mehr erfahren&#8220;,&#8220;button_style&#8220;:&#8220;circle&#8220;,&#8220;button_dimensions&#8220;:&#8220;&#8220;,&#8220;button_animation&#8220;:false,&#8220;extra_content&#8220;:&#8220;&#8220;,&#8220;extra_content_2&#8243;:&#8220;&#8220;,&#8220;text&#8220;:&#8220;Eine starke, aber leichte Platte f\u00fcr anspruchsvolle Anwendungen. Stark wie ein Stein, aber dennoch aus reinem Holz.&#8220;,&#8220;link_type&#8220;:&#8220;classic&#8220;,&#8220;lightbox_animation&#8220;:&#8220;&#8220;,&#8220;caption&#8220;:&#8220;&#8220;,&#8220;inner_caption&#8220;:false,&#8220;new_window&#8220;:false,&#8220;link&#8220;:&#8220;https:\/\/estply.com\/de\/estply-birch\/&#8220;,&#8220;link_content&#8220;:[],&#8220;lightbox_size&#8220;:&#8220;&#8220;,&#8220;scrollbox&#8220;:false},{&#8222;component&#8220;:&#8220;hc_content_box&#8220;,&#8220;id&#8220;:&#8220;chcz7&#8243;,&#8220;css_classes&#8220;:&#8220;shadow &#8222;,&#8220;custom_css_classes&#8220;:&#8220;&#8220;,&#8220;custom_css_styles&#8220;:&#8220;&#8220;,&#8220;image&#8220;:&#8220;https:\/\/estply.com\/wp-content\/uploads\/2020\/01\/deck_fp.png|281|500|999958135&#8243;,&#8220;title&#8220;:&#8220;ESTPLY DECK&#8220;,&#8220;icon&#8220;:&#8220;&#8220;,&#8220;icon_style&#8220;:&#8220;&#8220;,&#8220;icon_image&#8220;:&#8220;&#8220;,&#8220;box_style&#8220;:&#8220;top_icon_image&#8220;,&#8220;boxed&#8220;:false,&#8220;boxed_inverse&#8220;:true,&#8220;title_size&#8220;:&#8220;&#8220;,&#8220;text_size&#8220;:&#8220;&#8220;,&#8220;button_text&#8220;:&#8220;Mehr erfahren&#8220;,&#8220;button_style&#8220;:&#8220;circle&#8220;,&#8220;button_dimensions&#8220;:&#8220;&#8220;,&#8220;button_animation&#8220;:false,&#8220;extra_content&#8220;:&#8220;&#8220;,&#8220;extra_content_2&#8243;:&#8220;&#8220;,&#8220;text&#8220;:&#8220;Kein Rutschen oder Ausrutschen mehr, dieses St\u00fcck Birkensperrholz ist eine sichere Wahl f\u00fcr Walk&#8217;n&#8217;Roll.&#8220;,&#8220;link_type&#8220;:&#8220;classic&#8220;,&#8220;lightbox_animation&#8220;:&#8220;&#8220;,&#8220;caption&#8220;:&#8220;&#8220;,&#8220;inner_caption&#8220;:false,&#8220;new_window&#8220;:false,&#8220;link&#8220;:&#8220;https:\/\/estply.com\/de\/estply-deck\/&#8220;,&#8220;link_content&#8220;:[],&#8220;lightbox_size&#8220;:&#8220;&#8220;,&#8220;scrollbox&#8220;:false},{&#8222;component&#8220;:&#8220;hc_content_box&#8220;,&#8220;id&#8220;:&#8220;mzYDo&#8220;,&#8220;css_classes&#8220;:&#8220;shadow &#8222;,&#8220;custom_css_classes&#8220;:&#8220;&#8220;,&#8220;custom_css_styles&#8220;:&#8220;&#8220;,&#8220;image&#8220;:&#8220;https:\/\/estply.com\/wp-content\/uploads\/2020\/01\/form_fp.png|281|500|999958138&#8243;,&#8220;title&#8220;:&#8220;ESTPLY FORM&#8220;,&#8220;icon&#8220;:&#8220;&#8220;,&#8220;icon_style&#8220;:&#8220;&#8220;,&#8220;icon_image&#8220;:&#8220;&#8220;,&#8220;box_style&#8220;:&#8220;top_icon_image&#8220;,&#8220;boxed&#8220;:false,&#8220;boxed_inverse&#8220;:true,&#8220;title_size&#8220;:&#8220;&#8220;,&#8220;text_size&#8220;:&#8220;&#8220;,&#8220;button_text&#8220;:&#8220;Read more&#8220;,&#8220;button_style&#8220;:&#8220;circle&#8220;,&#8220;button_dimensions&#8220;:&#8220;&#8220;,&#8220;button_animation&#8220;:false,&#8220;extra_content&#8220;:&#8220;&#8220;,&#8220;extra_content_2&#8243;:&#8220;&#8220;,&#8220;text&#8220;:&#8220;Glattbeschichtete Formplatte zur mehrfachen Verwendung. Ein Sperrholz f\u00fcr standfeste Ergebnisse.&#8220;,&#8220;link_type&#8220;:&#8220;classic&#8220;,&#8220;lightbox_animation&#8220;:&#8220;&#8220;,&#8220;caption&#8220;:&#8220;&#8220;,&#8220;inner_caption&#8220;:false,&#8220;new_window&#8220;:false,&#8220;link&#8220;:&#8220;https:\/\/estply.com\/de\/estply-form\/&#8220;,&#8220;link_content&#8220;:[],&#8220;lightbox_size&#8220;:&#8220;&#8220;,&#8220;scrollbox&#8220;:false}],&#8220;outer_arrows&#8220;:true,&#8220;vertical_middle_arrows&#8220;:false,&#8220;visible_arrows&#8220;:false,&#8220;nav_inner&#8220;:false,&#8220;png-over&#8220;:false,&#8220;trigger&#8220;:&#8220;&#8220;,&#8220;data_options&#8220;:&#8220;minWidth:200,itemMargin:30&#8243;,&#8220;type&#8220;:&#8220;carousel&#8220;},{&#8222;component&#8220;:&#8220;hc_space&#8220;,&#8220;id&#8220;:&#8220;UaXMl&#8220;,&#8220;css_classes&#8220;:&#8220;&#8220;,&#8220;custom_css_classes&#8220;:&#8220;&#8220;,&#8220;custom_css_styles&#8220;:&#8220;&#8220;,&#8220;size&#8220;:&#8220;&#8220;,&#8220;height&#8220;:&#8220;&#8220;},{&#8222;component&#8220;:&#8220;hc_column&#8220;,&#8220;id&#8220;:&#8220;column_yUWkf&#8220;,&#8220;column_width&#8220;:&#8220;col-md-6&#8243;,&#8220;animation&#8220;:&#8220;&#8220;,&#8220;animation_time&#8220;:&#8220;&#8220;,&#8220;timeline_animation&#8220;:&#8220;&#8220;,&#8220;timeline_delay&#8220;:&#8220;&#8220;,&#8220;timeline_order&#8220;:&#8220;&#8220;,&#8220;css_classes&#8220;:&#8220;boxed-inverse shadow &#8222;,&#8220;custom_css_classes&#8220;:&#8220;&#8220;,&#8220;custom_css_styles&#8220;:&#8220;&#8220;,&#8220;main_content&#8220;:[{&#8222;component&#8220;:&#8220;hc_space&#8220;,&#8220;id&#8220;:&#8220;km1IG&#8220;,&#8220;css_classes&#8220;:&#8220;&#8220;,&#8220;custom_css_classes&#8220;:&#8220;&#8220;,&#8220;custom_css_styles&#8220;:&#8220;&#8220;,&#8220;size&#8220;:&#8220;&#8220;,&#8220;height&#8220;:&#8220;30&#8243;},{&#8222;component&#8220;:&#8220;hc_title_tag&#8220;,&#8220;id&#8220;:&#8220;aBLoK&#8220;,&#8220;css_classes&#8220;:&#8220;&#8220;,&#8220;custom_css_classes&#8220;:&#8220;&#8220;,&#8220;custom_css_styles&#8220;:&#8220;&#8220;,&#8220;text&#8220;:&#8220;\u00dcber uns&#8220;,&#8220;tag&#8220;:&#8220;h4&#8243;},{&#8222;component&#8220;:&#8220;hc_space&#8220;,&#8220;id&#8220;:&#8220;dxLHu&#8220;,&#8220;css_classes&#8220;:&#8220;&#8220;,&#8220;custom_css_classes&#8220;:&#8220;&#8220;,&#8220;custom_css_styles&#8220;:&#8220;&#8220;,&#8220;size&#8220;:&#8220;&#8220;,&#8220;height&#8220;:&#8220;30&#8243;},{&#8222;component&#8220;:&#8220;hc_text_block&#8220;,&#8220;id&#8220;:&#8220;b0tft&#8220;,&#8220;css_classes&#8220;:&#8220;&#8220;,&#8220;custom_css_classes&#8220;:&#8220;&#8220;,&#8220;custom_css_styles&#8220;:&#8220;&#8220;,&#8220;content&#8220;:&#8220;Estonian Plywood AS ist wortw\u00f6rtlich ein Unternehmen, das auf der gr\u00fcnen Wiese inmitten von weiten Birkenw\u00e4ldern entstanden ist. Wir befinden uns im l\u00e4ndlichen Estland in Viruvere und sind gleichzeitig optimal mit anderen Teilen Europas logistisch vernetzt.\\n\\nDie Herstellung von Birkensperrholz ist im September 2019 begonnen. Unser helles und ger\u00e4umiges Werk ist mit der neuesten Technologie und einer brandneuen Produktionslinie ausgestattet. \\n\\nWir glauben an Teamwork. Daher haben wir zuerst ein Team gebildet und im Anschluss unser Sperrholzwerk gebaut. So k\u00f6nnen wir behaupten, dass wir ganz genau wissen, wie unser Werk aufgebaut ist.\\n&#8220;},{&#8222;component&#8220;:&#8220;hc_button&#8220;,&#8220;id&#8220;:&#8220;mZvcE&#8220;,&#8220;css_classes&#8220;:&#8220;&#8220;,&#8220;custom_css_classes&#8220;:&#8220;&#8220;,&#8220;custom_css_styles&#8220;:&#8220;color: #222222;&#8220;,&#8220;icon&#8220;:&#8220;&#8220;,&#8220;style&#8220;:&#8220;circle&#8220;,&#8220;size&#8220;:&#8220;btn-sm&#8220;,&#8220;position&#8220;:&#8220;left&#8220;,&#8220;animation&#8220;:false,&#8220;text&#8220;:&#8220;Weiterlesen&#8220;,&#8220;link_type&#8220;:&#8220;classic&#8220;,&#8220;lightbox_animation&#8220;:&#8220;&#8220;,&#8220;caption&#8220;:&#8220;&#8220;,&#8220;inner_caption&#8220;:false,&#8220;new_window&#8220;:false,&#8220;link&#8220;:&#8220;https:\/\/estply.com\/de\/unser-team\/&#8220;,&#8220;link_content&#8220;:[],&#8220;lightbox_size&#8220;:&#8220;&#8220;,&#8220;scrollbox&#8220;:false},{&#8222;component&#8220;:&#8220;hc_space&#8220;,&#8220;id&#8220;:&#8220;Xtilb&#8220;,&#8220;css_classes&#8220;:&#8220;&#8220;,&#8220;custom_css_classes&#8220;:&#8220;&#8220;,&#8220;custom_css_styles&#8220;:&#8220;&#8220;,&#8220;size&#8220;:&#8220;&#8220;,&#8220;height&#8220;:&#8220;10&#8243;}]},{&#8222;component&#8220;:&#8220;hc_column&#8220;,&#8220;id&#8220;:&#8220;column_Fyg45&#8243;,&#8220;column_width&#8220;:&#8220;col-md-6&#8243;,&#8220;animation&#8220;:&#8220;&#8220;,&#8220;animation_time&#8220;:&#8220;&#8220;,&#8220;timeline_animation&#8220;:&#8220;&#8220;,&#8220;timeline_delay&#8220;:&#8220;&#8220;,&#8220;timeline_order&#8220;:&#8220;&#8220;,&#8220;css_classes&#8220;:&#8220;&#8220;,&#8220;custom_css_classes&#8220;:&#8220;&#8220;,&#8220;custom_css_styles&#8220;:&#8220;&#8220;,&#8220;main_content&#8220;:[{&#8222;component&#8220;:&#8220;hc_image&#8220;,&#8220;id&#8220;:&#8220;ZNPdO&#8220;,&#8220;css_classes&#8220;:&#8220;&#8220;,&#8220;custom_css_classes&#8220;:&#8220;&#8220;,&#8220;custom_css_styles&#8220;:&#8220;&#8220;,&#8220;image&#8220;:&#8220;https:\/\/estply.com\/wp-content\/uploads\/2019\/07\/fp_1.png|562|1000|999956580&#8243;,&#8220;alt&#8220;:&#8220;&#8220;,&#8220;thumb_size&#8220;:&#8220;large&#8220;},{&#8222;component&#8220;:&#8220;hc_image&#8220;,&#8220;id&#8220;:&#8220;RxjyB&#8220;,&#8220;css_classes&#8220;:&#8220;&#8220;,&#8220;custom_css_classes&#8220;:&#8220;&#8220;,&#8220;custom_css_styles&#8220;:&#8220;&#8220;,&#8220;image&#8220;:&#8220;https:\/\/estply.com\/wp-content\/uploads\/2019\/07\/fp2.png|567|1000|999956581&#8243;,&#8220;alt&#8220;:&#8220;&#8220;,&#8220;thumb_size&#8220;:&#8220;large&#8220;}]}]}],&#8220;section_settings&#8220;:{&#8222;component&#8220;:&#8220;hc_section_image&#8220;,&#8220;id&#8220;:&#8220;section-image&#8220;,&#8220;image&#8220;:&#8220;https:\/\/estply.com\/wp-content\/uploads\/2019\/06\/bg1-786&#215;1024.png|2500|1920|999955805&#8243;,&#8220;full_screen&#8220;:false,&#8220;full_screen_height&#8220;:&#8220;&#8220;,&#8220;parallax&#8220;:false,&#8220;bleed&#8220;:&#8220;&#8220;,&#8220;ken_burn&#8220;:&#8220;&#8220;,&#8220;bg_pos&#8220;:&#8220;bg-top&#8220;,&#8220;overlay&#8220;:&#8220;&#8220;}},&#8220;scripts&#8220;:{&#8222;flexslider&#8220;:&#8220;flexslider\/jquery.flexslider-min.js&#8220;,&#8220;lightbox&#8220;:&#8220;jquery.magnific-popup.min.js&#8220;},&#8220;css&#8220;:{&#8222;flexslider&#8220;:&#8220;scripts\/flexslider\/flexslider.css&#8220;,&#8220;lightbox&#8220;:&#8220;scripts\/magnific-popup.css&#8220;,&#8220;content_box&#8220;:&#8220;css\/content-box.css&#8220;},&#8220;css_page&#8220;:&#8220;.btn circle-button btn-sm scroll-to  {\\ntext-color: #222222 !important;\\n}&#8220;,&#8220;template_setting&#8220;:{&#8222;settings&#8220;:{&#8222;id&#8220;:&#8220;settings&#8220;}},&#8220;template_setting_top&#8220;:{},&#8220;page_setting&#8220;:{&#8222;settings&#8220;:[&#8222;lock-mode-off&#8220;]}}<\/p>\n","protected":false},"excerpt":{"rendered":"<p>{&#8222;main-title&#8220;:{&#8222;component&#8220;:&#8220;hc_title&#8220;,&#8220;id&#8220;:&#8220;main-title&#8220;,&#8220;title&#8220;:&#8220;Home&#8220;,&#8220;subtitle&#8220;:&#8220;&#8220;,&#8220;title_content&#8220;:{&#8222;component&#8220;:&#8220;hc_title_empty&#8220;,&#8220;id&#8220;:&#8220;title-empty&#8220;}},&#8220;section_5ZtkF&#8220;:{&#8222;component&#8220;:&#8220;hc_section&#8220;,&#8220;id&#8220;:&#8220;section_5ZtkF&#8220;,&#8220;section_width&#8220;:&#8220;&#8220;,&#8220;animation&#8220;:&#8220;&#8220;,&#8220;animation_time&#8220;:&#8220;&#8220;,&#8220;timeline_animation&#8220;:&#8220;&#8220;,&#8220;timeline_delay&#8220;:&#8220;&#8220;,&#8220;timeline_order&#8220;:&#8220;&#8220;,&#8220;vertical_row&#8220;:&#8220;&#8220;,&#8220;box_middle&#8220;:&#8220;&#8220;,&#8220;css_classes&#8220;:&#8220;&#8220;,&#8220;custom_css_classes&#8220;:&#8220;&#8220;,&#8220;custom_css_styles&#8220;:&#8220;&#8220;,&#8220;section_content&#8220;:[{&#8222;component&#8220;:&#8220;hc_column&#8220;,&#8220;id&#8220;:&#8220;column_zydls&#8220;,&#8220;column_width&#8220;:&#8220;col-md-10&#8243;,&#8220;animation&#8220;:&#8220;fade-in&#8220;,&#8220;animation_time&#8220;:&#8220;&#8220;,&#8220;timeline_animation&#8220;:&#8220;false&#8220;,&#8220;timeline_delay&#8220;:&#8220;&#8220;,&#8220;timeline_order&#8220;:&#8220;&#8220;,&#8220;css_classes&#8220;:&#8220;col-center text-center &#8222;,&#8220;custom_css_classes&#8220;:&#8220;&#8220;,&#8220;custom_css_styles&#8220;:&#8220;&#8220;,&#8220;main_content&#8220;:[{&#8222;component&#8220;:&#8220;hc_space&#8220;,&#8220;id&#8220;:&#8220;KfBVG&#8220;,&#8220;css_classes&#8220;:&#8220;&#8220;,&#8220;custom_css_classes&#8220;:&#8220;&#8220;,&#8220;custom_css_styles&#8220;:&#8220;&#8220;,&#8220;size&#8220;:&#8220;&#8220;,&#8220;height&#8220;:&#8220;100&#8243;},{&#8222;component&#8220;:&#8220;hc_title_tag&#8220;,&#8220;id&#8220;:&#8220;AkDuv&#8220;,&#8220;css_classes&#8220;:&#8220;clear text-color &#8222;,&#8220;custom_css_classes&#8220;:&#8220;&#8220;,&#8220;custom_css_styles&#8220;:&#8220;color: #222222;&#8220;,&#8220;text&#8220;:&#8220;Nordisches Birkensperrholz in gro\u00dfen Gr\u00f6\u00dfen&#8220;,&#8220;tag&#8220;:&#8220;h1&#8243;},{&#8222;component&#8220;:&#8220;hc_space&#8220;,&#8220;id&#8220;:&#8220;Qp80X&#8220;,&#8220;css_classes&#8220;:&#8220;&#8220;,&#8220;custom_css_classes&#8220;:&#8220;&#8220;,&#8220;custom_css_styles&#8220;:&#8220;&#8220;,&#8220;size&#8220;:&#8220;&#8220;,&#8220;height&#8220;:&#8220;&#8220;},{&#8222;component&#8220;:&#8220;hc_button&#8220;,&#8220;id&#8220;:&#8220;cciTb&#8220;,&#8220;css_classes&#8220;:&#8220;col-center text-center text-center-xs &#8222;,&#8220;custom_css_classes&#8220;:&#8220;&#8220;,&#8220;custom_css_styles&#8220;:&#8220;&#8220;,&#8220;icon&#8220;:&#8220;&#8220;,&#8220;style&#8220;:&#8220;circle&#8220;,&#8220;size&#8220;:&#8220;btn-lg&#8220;,&#8220;position&#8220;:&#8220;right&#8220;,&#8220;animation&#8220;:false,&#8220;text&#8220;:&#8220;Erfahren Sie mehr \u00fcber uns &#8222;,&#8220;link_type&#8220;:&#8220;classic&#8220;,&#8220;lightbox_animation&#8220;:&#8220;&#8220;,&#8220;caption&#8220;:&#8220;&#8220;,&#8220;inner_caption&#8220;:false,&#8220;new_window&#8220;:false,&#8220;link&#8220;:&#8220;https:\/\/estply.com\/de\/unser-team\/&#8220;,&#8220;link_content&#8220;:[],&#8220;lightbox_size&#8220;:&#8220;&#8220;,&#8220;scrollbox&#8220;:false},{&#8222;component&#8220;:&#8220;hc_column&#8220;,&#8220;id&#8220;:&#8220;column_mKNNP&#8220;,&#8220;column_width&#8220;:&#8220;col-md-6&#8243;,&#8220;animation&#8220;:&#8220;&#8220;,&#8220;animation_time&#8220;:&#8220;&#8220;,&#8220;timeline_animation&#8220;:&#8220;&#8220;,&#8220;timeline_delay&#8220;:&#8220;&#8220;,&#8220;timeline_order&#8220;:&#8220;&#8220;,&#8220;css_classes&#8220;:&#8220;&#8220;,&#8220;custom_css_classes&#8220;:&#8220;&#8220;,&#8220;custom_css_styles&#8220;:&#8220;&#8220;,&#8220;main_content&#8220;:[]}]},{&#8222;component&#8220;:&#8220;hc_column&#8220;,&#8220;id&#8220;:&#8220;column_XWFMG&#8220;,&#8220;column_width&#8220;:&#8220;col-md-12&#8243;,&#8220;animation&#8220;:&#8220;&#8220;,&#8220;animation_time&#8220;:&#8220;&#8220;,&#8220;timeline_animation&#8220;:&#8220;&#8220;,&#8220;timeline_delay&#8220;:&#8220;&#8220;,&#8220;timeline_order&#8220;:&#8220;&#8220;,&#8220;css_classes&#8220;:&#8220;&#8220;,&#8220;custom_css_classes&#8220;:&#8220;&#8220;,&#8220;custom_css_styles&#8220;:&#8220;&#8220;,&#8220;main_content&#8220;:[{&#8222;component&#8220;:&#8220;hc_space&#8220;,&#8220;id&#8220;:&#8220;mDRum&#8220;,&#8220;css_classes&#8220;:&#8220;&#8220;,&#8220;custom_css_classes&#8220;:&#8220;&#8220;,&#8220;custom_css_styles&#8220;:&#8220;&#8220;,&#8220;size&#8220;:&#8220;&#8220;,&#8220;height&#8220;:&#8220;190&#8243;},{&#8222;component&#8220;:&#8220;hc_slider&#8220;,&#8220;id&#8220;:&#8220;T9CFn&#8220;,&#8220;css_classes&#8220;:&#8220;&#8220;,&#8220;custom_css_classes&#8220;:&#8220;&#8220;,&#8220;custom_css_styles&#8220;:&#8220;&#8220;,&#8220;content&#8220;:[{&#8222;component&#8220;:&#8220;hc_content_box&#8220;,&#8220;id&#8220;:&#8220;DCLOX&#8220;,&#8220;css_classes&#8220;:&#8220;shadow &#8222;,&#8220;custom_css_classes&#8220;:&#8220;&#8220;,&#8220;custom_css_styles&#8220;:&#8220;&#8220;,&#8220;image&#8220;:&#8220;https:\/\/estply.com\/wp-content\/uploads\/2019\/06\/product1-a.jpg|281|500|999955792&#8243;,&#8220;title&#8220;:&#8220;ESTPLY INTERIOR&#8220;,&#8220;icon&#8220;:&#8220;&#8220;,&#8220;icon_style&#8220;:&#8220;&#8220;,&#8220;icon_image&#8220;:&#8220;&#8220;,&#8220;box_style&#8220;:&#8220;top_icon_image&#8220;,&#8220;boxed&#8220;:false,&#8220;boxed_inverse&#8220;:true,&#8220;title_size&#8220;:&#8220;&#8220;,&#8220;text_size&#8220;:&#8220;&#8220;,&#8220;button_text&#8220;:&#8220;Mehr erfahren&#8220;,&#8220;button_style&#8220;:&#8220;circle&#8220;,&#8220;button_dimensions&#8220;:&#8220;&#8220;,&#8220;button_animation&#8220;:false,&#8220;extra_content&#8220;:&#8220;&#8220;,&#8220;extra_content_2&#8243;:&#8220;&#8220;,&#8220;text&#8220;:&#8220;Eine wundersch\u00f6ne leichte Platte f\u00fcr M\u00f6belbau und die Tischlerei. Nat\u00fcrliches Birkenholz innen und au\u00dfen, entstanden an kalten Wintertagen &#8222;,&#8220;link_type&#8220;:&#8220;classic&#8220;,&#8220;lightbox_animation&#8220;:&#8220;&#8220;,&#8220;caption&#8220;:&#8220;&#8220;,&#8220;inner_caption&#8220;:false,&#8220;new_window&#8220;:false,&#8220;link&#8220;:&#8220;https:\/\/estply.com\/de\/estply-interior\/&#8220;,&#8220;link_content&#8220;:[],&#8220;lightbox_size&#8220;:&#8220;&#8220;,&#8220;scrollbox&#8220;:false},{&#8222;component&#8220;:&#8220;hc_content_box&#8220;,&#8220;id&#8220;:&#8220;D5FCR&#8220;,&#8220;css_classes&#8220;:&#8220;shadow &#8222;,&#8220;custom_css_classes&#8220;:&#8220;&#8220;,&#8220;custom_css_styles&#8220;:&#8220;&#8220;,&#8220;image&#8220;:&#8220;https:\/\/estply.com\/wp-content\/uploads\/2019\/06\/product2-a.jpg|281|500|999955795&#8243;,&#8220;title&#8220;:&#8220;ESTPLY BIRCH&#8220;,&#8220;icon&#8220;:&#8220;&#8220;,&#8220;icon_style&#8220;:&#8220;&#8220;,&#8220;icon_image&#8220;:&#8220;&#8220;,&#8220;box_style&#8220;:&#8220;top_icon_image&#8220;,&#8220;boxed&#8220;:false,&#8220;boxed_inverse&#8220;:true,&#8220;title_size&#8220;:&#8220;&#8220;,&#8220;text_size&#8220;:&#8220;&#8220;,&#8220;button_text&#8220;:&#8220;Mehr erfahren&#8220;,&#8220;button_style&#8220;:&#8220;circle&#8220;,&#8220;button_dimensions&#8220;:&#8220;&#8220;,&#8220;button_animation&#8220;:false,&#8220;extra_content&#8220;:&#8220;&#8220;,&#8220;extra_content_2&#8243;:&#8220;&#8220;,&#8220;text&#8220;:&#8220;Eine starke, aber leichte Platte f\u00fcr anspruchsvolle Anwendungen. Stark wie ein Stein, aber dennoch [&hellip;]<\/p>\n","protected":false},"author":1,"featured_media":0,"parent":0,"menu_order":0,"comment_status":"closed","ping_status":"closed","template":"","meta":{"footnotes":""},"class_list":["post-999957382","page","type-page","status-publish","hentry"],"_links":{"self":[{"href":"https:\/\/estply.com\/de\/wp-json\/wp\/v2\/pages\/999957382"}],"collection":[{"href":"https:\/\/estply.com\/de\/wp-json\/wp\/v2\/pages"}],"about":[{"href":"https:\/\/estply.com\/de\/wp-json\/wp\/v2\/types\/page"}],"author":[{"embeddable":true,"href":"https:\/\/estply.com\/de\/wp-json\/wp\/v2\/users\/1"}],"replies":[{"embeddable":true,"href":"https:\/\/estply.com\/de\/wp-json\/wp\/v2\/comments?post=999957382"}],"version-history":[{"count":18,"href":"https:\/\/estply.com\/de\/wp-json\/wp\/v2\/pages\/999957382\/revisions"}],"predecessor-version":[{"id":999958363,"href":"https:\/\/estply.com\/de\/wp-json\/wp\/v2\/pages\/999957382\/revisions\/999958363"}],"wp:attachment":[{"href":"https:\/\/estply.com\/de\/wp-json\/wp\/v2\/media?parent=999957382"}],"curies":[{"name":"wp","href":"https:\/\/api.w.org\/{rel}","templated":true}]}}